{"id":7704,"date":"2023-01-23T21:21:07","date_gmt":"2023-01-23T20:21:07","guid":{"rendered":"https:\/\/ostelandet.no\/?page_id=7704"},"modified":"2024-11-05T11:29:28","modified_gmt":"2024-11-05T10:29:28","slug":"ostepodden","status":"publish","type":"page","link":"https:\/\/ostelandet.no\/en\/ostepodden\/","title":{"rendered":"The cheese pod"},"content":{"rendered":"<img loading=\"lazy\" decoding=\"async\" src=\"https:\/\/ostelandet.no\/wp-content\/uploads\/2023\/01\/Ostepod_Logo02-1024x1024.jpg\" alt=\"Ostepod logo\" itemprop=\"image\" height=\"1024\" width=\"1024\" title=\"Cheese pod logo\" onerror=\"this.style.display='none'\"  \/>\n\t<p>Osteentusiast og ildsjel P\u00e5l K. Medhus \u00f8nsker \u00e5 ta deg med p\u00e5 en reise rundt om i landet v\u00e5rt, og temaet er ost! Eller rettere sagt, hva b\u00f8nder, budeier og ystere har gjort med melka si gjennom tidene her til lands.<\/p>\n<p>Podcastserien OSTEPOD dokumenterer b\u00e5de det kjente og det ukjente innen norsk landbruk, osteproduksjon og menneskene bak dette arbeidet. Med grunnleggende nysgjerrighet og en dyp interesse for tematikken, har P\u00e5l et sterkt \u00f8nske om \u00e5 drive folkeopplysning om foredling av melk.<\/p>\n<p>I HANENs podcast finner du alle episodene av Ostepodden, med fortellinger fra osteverdenen som fortsetter \u00e5 inspirere selv etter Oste-VM.<\/p>\n\n\t<iframe loading=\"lazy\" src=\"https:\/\/podcasters.spotify.com\/pod\/show\/hanen0\/embed\/episodes\/Aalan-Grd-e2aunth\" height=\"130px\" width=\"100%\" frameborder=\"0\" scrolling=\"no\"><\/iframe>\n\t<iframe loading=\"lazy\" src=\"https:\/\/podcasters.spotify.com\/pod\/show\/hanen0\/embed\/episodes\/Lofoten-Grdsysteri-e2auo7k\" height=\"130px\" width=\"100%\" frameborder=\"0\" scrolling=\"no\"><\/iframe>\n\t<iframe loading=\"lazy\" src=\"https:\/\/podcasters.spotify.com\/pod\/show\/hanen0\/embed\/episodes\/Barbro-Stordalen-e2aml00\" height=\"130px\" width=\"100%\" frameborder=\"0\" scrolling=\"no\"><\/iframe>\n\t<iframe loading=\"lazy\" src=\"https:\/\/podcasters.spotify.com\/pod\/show\/hanen0\/embed\/episodes\/Helge-Gudheim-e2a7ubo\" height=\"130px\" width=\"100%\" frameborder=\"0\" scrolling=\"no\"><\/iframe>\n\t<iframe loading=\"lazy\" src=\"https:\/\/podcasters.spotify.com\/pod\/show\/hanen0\/embed\/episodes\/Bodil-Nordjore-e2a7u6n\" height=\"130px\" width=\"100%\" frameborder=\"0\" scrolling=\"no\"><\/iframe>\n\t<iframe loading=\"lazy\" src=\"https:\/\/podcasters.spotify.com\/pod\/show\/hanen0\/embed\/episodes\/Pascale-Baudonnel-e29f18r\" height=\"130px\" width=\"100%\" frameborder=\"0\" scrolling=\"no\"><\/iframe>\n\t<iframe loading=\"lazy\" src=\"https:\/\/podcasters.spotify.com\/pod\/show\/hanen0\/embed\/episodes\/Hans-Brimi-p-Brimiseter-e28uctg\" height=\"130px\" width=\"100%\" frameborder=\"0\" scrolling=\"no\"><\/iframe>\n\t<iframe loading=\"lazy\" src=\"https:\/\/podcasters.spotify.com\/pod\/show\/hanen0\/embed\/episodes\/Avdem-Grdsysteri-e28ucq1\" height=\"130px\" width=\"100%\" frameborder=\"0\" scrolling=\"no\"><\/iframe>\n\t<iframe loading=\"lazy\" src=\"https:\/\/podcasters.spotify.com\/pod\/show\/hanen0\/embed\/episodes\/Trevor-Warmedahl-e28t3p6\" height=\"130px\" width=\"100%\" frameborder=\"0\" scrolling=\"no\"><\/iframe>\n\t<iframe loading=\"lazy\" src=\"https:\/\/podcasters.spotify.com\/pod\/show\/hanen0\/embed\/episodes\/Ostemltidet-e28gp8d\" height=\"130px\" width=\"100%\" frameborder=\"0\" scrolling=\"no\"><\/iframe>\n\t<iframe loading=\"lazy\" src=\"https:\/\/podcasters.spotify.com\/pod\/show\/hanen0\/embed\/episodes\/Lega-Ost-e28gp4t\"  height=\" height=\"130px\" width=\"100%\" frameborder=\"0\" scrolling=\"no\"><\/iframe>\n\t<iframe loading=\"lazy\" src=\"https:\/\/podcasters.spotify.com\/pod\/show\/hanen0\/embed\/episodes\/Grindal-Ysteri--To-sstre-med-egen-forskningsstasjon-p-setra-e274a13\" height=\" height=\"130px\" width=\"100%\" frameborder=\"0\" scrolling=\"no\"><\/iframe>\n\t<iframe loading=\"lazy\" src=\"https:\/\/podcasters.spotify.com\/pod\/show\/hanen0\/embed\/episodes\/Fagerdalen-Stl-i-Ostebygda-e272u6c\" height=\"130px\" width=\"100%\" frameborder=\"0\" scrolling=\"no\"><\/iframe>\n\t<iframe loading=\"lazy\" src=\"https:\/\/podcasters.spotify.com\/pod\/show\/hanen0\/embed\/episodes\/Himmelspannet-er-en-av-dem-som-har-vrt-her-lengst-e266oul\"  height=\"130px\" width=\"100%\" frameborder=\"0\" scrolling=\"no\"><\/iframe>\n\t<iframe loading=\"lazy\" src=\"https:\/\/podcasters.spotify.com\/pod\/show\/hanen0\/embed\/episodes\/Valdresmeieriet--ein-stor-bidragsyter-til-norsk-ost-e266osh\" height=\"130px\" width=\"100%\" frameborder=\"0\" scrolling=\"no\"><\/iframe>\n\t<iframe loading=\"lazy\" src=\"https:\/\/podcasters.spotify.com\/pod\/show\/hanen0\/embed\/episodes\/Siv-Scheie--professor-i-meieriteknologi-e266onk\" height=\"130px\" width=\"100%\" frameborder=\"0\" scrolling=\"no\"><\/iframe>\n\t<iframe loading=\"lazy\" src=\"https:\/\/podcasters.spotify.com\/pod\/show\/hanen0\/embed\/episodes\/Eiker-Ysteri---Anne-Marie-Sando-e25lmup\" height=\"130px\" width=\"100%\" frameborder=\"0\" scrolling=\"no\"><\/iframe>\n\t<iframe loading=\"lazy\" src=\"https:\/\/podcasters.spotify.com\/pod\/show\/hanen0\/embed\/episodes\/Voll-Ysteri-e25llte\" height=\"130px\" width=\"100%\" frameborder=\"0\" scrolling=\"no\"><\/iframe>\n\t<iframe loading=\"lazy\" src=\"https:\/\/podcasters.spotify.com\/pod\/show\/hanen0\/embed\/episodes\/Arvid-Ost--Han-heter-ikke-det--men-de-fleste-kjenner-han-som-det-e24htlo\" height=\"130px\" width=\"100%\" frameborder=\"0\" scrolling=\"no\"><\/iframe>\n\t<iframe src=\"https:\/\/podcasters.spotify.com\/pod\/show\/hanen0\/embed\/episodes\/Kristin-har-egen-koffert-med-gamleost-oppi-e24htis\"height=\"130px\" width=\"100%\" frameborder=\"0\" scrolling=\"no\"><\/iframe>\n\t<iframe loading=\"lazy\" src=\"https:\/\/podcasters.spotify.com\/pod\/show\/hanen0\/embed\/episodes\/Svein-Erik-Backlund-og-Oluf-Lorentzen-e24ht04\" height=\"130px\" width=\"100%\" frameborder=\"0\" scrolling=\"no\"><\/iframe>\n\t<iframe loading=\"lazy\" src=\"https:\/\/podcasters.spotify.com\/pod\/show\/hanen0\/embed\/episodes\/Marg-og-Bein-og-Angus-e23ok7u\" height=\"130px\" width=\"100%\" frameborder=\"0\" scrolling=\"no\"><\/iframe>\n\t<iframe loading=\"lazy\" src=\"https:\/\/podcasters.spotify.com\/pod\/show\/hanen0\/embed\/episodes\/Gunnar-Waagen-og-Tingvollost-e23ogln\" height=\"130px\" width=\"100%\" frameborder=\"0\" scrolling=\"no\"><\/iframe>\n\t<iframe loading=\"lazy\" src=\"https:\/\/podcasters.spotify.com\/pod\/show\/hanen0\/embed\/episodes\/Jarle-fra-Ruesltten-Ysteri-e23c6gd\" height=\"130px\" width=\"100%\" frameborder=\"0\" scrolling=\"no\"><\/iframe>\n\t<iframe loading=\"lazy\" src=\"https:\/\/podcasters.spotify.com\/pod\/show\/hanen0\/embed\/episodes\/Ostebygda-med-Tim-Reidar-Stenberg-e22j3rq\" height=\"130px\" width=\"100%\" frameborder=\"0\" scrolling=\"no\"><\/iframe>\n\t<iframe loading=\"lazy\" src=\"https:\/\/podcasters.spotify.com\/pod\/show\/hanen0\/embed\/episodes\/Thorbjrnrud-Ysteri--De-startet-med-et-tomt-basseng--og-har-n-tre-fulle-fjs-e20p9v3\" height=\"130px\" width=\"100%\" frameborder=\"0\" scrolling=\"no\"><\/iframe>\n\t<iframe loading=\"lazy\" src=\"https:\/\/podcasters.spotify.com\/pod\/show\/hanen0\/embed\/episodes\/Norsk-Gardsost--Viktige-tradisjoner-m-holdes-i-hevd--med-Camilla-Sbjrnsen-e20p9na\" height=\"130px\" width=\"100%\" frameborder=\"0\" scrolling=\"no\"><\/iframe>\n\t<iframe loading=\"lazy\" src=\"https:\/\/podcasters.spotify.com\/pod\/show\/hanen0\/embed\/episodes\/Meny-sitt-engasjement-for-norsk-ost--med-Eivind-Haalien-og-Espen-Lie-e20p95t\" height=\"130px\" width=\"100%\" frameborder=\"0\" scrolling=\"no\"><\/iframe>\n\t<iframe loading=\"lazy\" src=\"https:\/\/podcasters.spotify.com\/pod\/show\/hanen0\/embed\/episodes\/Rett-utenfor-Bergen-bor-det-en-verdensmester-e20fasf\" height=\"130px\" width=\"100%\" frameborder=\"0\" scrolling=\"no\"><\/iframe>\n\t<iframe loading=\"lazy\" src=\"https:\/\/podcasters.spotify.com\/pod\/show\/hanen0\/embed\/episodes\/Midt-i-tjukkeste-Oslo-e20bsam\" height=\"130px\" width=\"100%x\" frameborder=\"0\" scrolling=\"no\"><\/iframe>\n\t<iframe loading=\"lazy\" src=\"https:\/\/podcasters.spotify.com\/pod\/show\/hanen0\/embed\/episodes\/Dovre-Ysteri-i-verdenstoppen-e1usssn\" height=\"130px\" width=\"100%\" frameborder=\"0\" scrolling=\"no\"><\/iframe>\n\t<iframe loading=\"lazy\" src=\"https:\/\/anchor.fm\/hanen0\/embed\/episodes\/Bli-kjent-med-Lars-og-Lars---De-tenker-og-jobber-med-ost-hele-dgnet-e1ussqg\" height=\"130px\" width=\"100%\" frameborder=\"0\" scrolling=\"no\"><\/iframe>\n\t<iframe loading=\"lazy\" src=\"https:\/\/anchor.fm\/hanen0\/embed\/episodes\/Kjpmannshuset---Lanserer-smaken-av-Norge-e1ussnv\" height=\"130px\" width=\"100%\" frameborder=\"0\" scrolling=\"no\"><\/iframe>\n\t<iframe loading=\"lazy\" src=\"https:\/\/anchor.fm\/hanen0\/embed\/episodes\/Gangstad-Grdsysteri---Hele-historien-e1ussi5\" height=\"130px\" width=\"100%\" frameborder=\"0\" scrolling=\"no\"><\/iframe>\n\t<iframe loading=\"lazy\" src=\"https:\/\/anchor.fm\/hanen0\/embed\/episodes\/Jan-Peter-Aursnes---selvoppnevnt-osteevangelist-e1u8n33\" height=\"130px\" width=\"100%\" frameborder=\"0\" scrolling=\"no\"><\/iframe>\n\t<iframe loading=\"lazy\" src=\"https:\/\/anchor.fm\/hanen0\/embed\/episodes\/Mannen-bak-Oste-VM-e1u8ip8\" height=\"130px\" width=\"100%\" frameborder=\"0\" scrolling=\"no\"><\/iframe>\n\t<iframe loading=\"lazy\" src=\"https:\/\/anchor.fm\/hanen0\/embed\/episodes\/Ein-utruleg-start-e1tsr9c\" height=\"130px\" width=\"100%\" frameborder=\"0\" scrolling=\"no\"><\/iframe>\n\t<iframe src=\"https:\/\/open.spotify.com\/embed\/show\/4uWH2GQ439ixDAsRAIlrqY?utm_source=generator\" width=\"100%\" height=\"352\" frameborder=\"0\" allowfullscreen=\"\" allow=\"autoplay; clipboard-write; encrypted-media; fullscreen; picture-in-picture\" loading=\"lazy\"><\/iframe>","protected":false},"excerpt":{"rendered":"<p>Osteentusiast og ildsjel P\u00e5l K. Medhus \u00f8nsker \u00e5 ta deg med p\u00e5 en reise rundt om i landet v\u00e5rt, og temaet er ost! Eller rettere sagt, hva b\u00f8nder, budeier og ystere har gjort med melka si gjennom tidene her til lands. Podcastserien OSTEPOD dokumenterer b\u00e5de det kjente og det ukjente innen norsk landbruk, osteproduksjon og&hellip;<\/p>","protected":false},"author":1,"featured_media":0,"parent":0,"menu_order":0,"comment_status":"closed","ping_status":"closed","template":"","meta":{"_acf_changed":false,"footnotes":""},"class_list":["post-7704","page","type-page","status-publish","hentry"],"acf":[],"yoast_head":"<!-- This site is optimized with the Yoast SEO plugin v26.1.1 - https:\/\/yoast.com\/wordpress\/plugins\/seo\/ -->\n<title>Ostepodden - Ostelandet Norge<\/title>\n<meta name=\"description\" content=\"Osteentusiast og ildsjel P\u00e5l K. Medhus \u00f8nsker \u00e5 ta deg med p\u00e5 en reise rundt om i landet v\u00e5rt, og temaet er ost! Eller rettere sagt, hva b\u00f8nder, budeier\" \/>\n<meta name=\"robots\" content=\"index, follow, max-snippet:-1, max-image-preview:large, max-video-preview:-1\" \/>\n<link rel=\"canonical\" href=\"https:\/\/ostelandet.no\/en\/ostepodden\/\" \/>\n<meta property=\"og:locale\" content=\"en_US\" \/>\n<meta property=\"og:type\" content=\"article\" \/>\n<meta property=\"og:title\" content=\"Ostepodden - Ostelandet Norge\" \/>\n<meta property=\"og:description\" content=\"Osteentusiast og ildsjel P\u00e5l K. Medhus \u00f8nsker \u00e5 ta deg med p\u00e5 en reise rundt om i landet v\u00e5rt, og temaet er ost! Eller rettere sagt, hva b\u00f8nder, budeier\" \/>\n<meta property=\"og:url\" content=\"https:\/\/ostelandet.no\/en\/ostepodden\/\" \/>\n<meta property=\"og:site_name\" content=\"Ostelandet Norge\" \/>\n<meta property=\"article:publisher\" content=\"https:\/\/www.facebook.com\/ostelandet-101474925294974\" \/>\n<meta property=\"article:modified_time\" content=\"2024-11-05T10:29:28+00:00\" \/>\n<meta property=\"og:image\" content=\"https:\/\/ostelandet.no\/wp-content\/uploads\/2023\/01\/Ostepod_Logo02-1024x1024.jpg\" \/>\n<meta name=\"twitter:card\" content=\"summary_large_image\" \/>\n<script type=\"application\/ld+json\" class=\"yoast-schema-graph\">{\"@context\":\"https:\/\/schema.org\",\"@graph\":[{\"@type\":\"WebPage\",\"@id\":\"https:\/\/ostelandet.no\/ostepodden\/\",\"url\":\"https:\/\/ostelandet.no\/ostepodden\/\",\"name\":\"Ostepodden - Ostelandet Norge\",\"isPartOf\":{\"@id\":\"https:\/\/ostelandet.no\/#website\"},\"primaryImageOfPage\":{\"@id\":\"https:\/\/ostelandet.no\/ostepodden\/#primaryimage\"},\"image\":{\"@id\":\"https:\/\/ostelandet.no\/ostepodden\/#primaryimage\"},\"thumbnailUrl\":\"https:\/\/ostelandet.no\/wp-content\/uploads\/2023\/01\/Ostepod_Logo02-1024x1024.jpg\",\"datePublished\":\"2023-01-23T20:21:07+00:00\",\"dateModified\":\"2024-11-05T10:29:28+00:00\",\"description\":\"Osteentusiast og ildsjel P\u00e5l K. Medhus \u00f8nsker \u00e5 ta deg med p\u00e5 en reise rundt om i landet v\u00e5rt, og temaet er ost! Eller rettere sagt, hva b\u00f8nder, budeier\",\"breadcrumb\":{\"@id\":\"https:\/\/ostelandet.no\/ostepodden\/#breadcrumb\"},\"inLanguage\":\"en-US\",\"potentialAction\":[{\"@type\":\"ReadAction\",\"target\":[\"https:\/\/ostelandet.no\/ostepodden\/\"]}]},{\"@type\":\"ImageObject\",\"inLanguage\":\"en-US\",\"@id\":\"https:\/\/ostelandet.no\/ostepodden\/#primaryimage\",\"url\":\"https:\/\/ostelandet.no\/wp-content\/uploads\/2023\/01\/Ostepod_Logo02-1024x1024.jpg\",\"contentUrl\":\"https:\/\/ostelandet.no\/wp-content\/uploads\/2023\/01\/Ostepod_Logo02-1024x1024.jpg\"},{\"@type\":\"BreadcrumbList\",\"@id\":\"https:\/\/ostelandet.no\/ostepodden\/#breadcrumb\",\"itemListElement\":[{\"@type\":\"ListItem\",\"position\":1,\"name\":\"Hjem\",\"item\":\"https:\/\/ostelandet.no\/\"},{\"@type\":\"ListItem\",\"position\":2,\"name\":\"Ostepodden\"}]},{\"@type\":\"WebSite\",\"@id\":\"https:\/\/ostelandet.no\/#website\",\"url\":\"https:\/\/ostelandet.no\/\",\"name\":\"Ostelandet Norge\",\"description\":\"- L\u00e6r mer om norsk ost\",\"publisher\":{\"@id\":\"https:\/\/ostelandet.no\/#organization\"},\"potentialAction\":[{\"@type\":\"SearchAction\",\"target\":{\"@type\":\"EntryPoint\",\"urlTemplate\":\"https:\/\/ostelandet.no\/?s={search_term_string}\"},\"query-input\":{\"@type\":\"PropertyValueSpecification\",\"valueRequired\":true,\"valueName\":\"search_term_string\"}}],\"inLanguage\":\"en-US\"},{\"@type\":\"Organization\",\"@id\":\"https:\/\/ostelandet.no\/#organization\",\"name\":\"HANEN\",\"url\":\"https:\/\/ostelandet.no\/\",\"logo\":{\"@type\":\"ImageObject\",\"inLanguage\":\"en-US\",\"@id\":\"https:\/\/ostelandet.no\/#\/schema\/logo\/image\/\",\"url\":\"https:\/\/ostelandet.no\/wp-content\/uploads\/2021\/09\/ostelandet_norge_2farger_mork_hierarkisk.png\",\"contentUrl\":\"https:\/\/ostelandet.no\/wp-content\/uploads\/2021\/09\/ostelandet_norge_2farger_mork_hierarkisk.png\",\"width\":2062,\"height\":1223,\"caption\":\"HANEN\"},\"image\":{\"@id\":\"https:\/\/ostelandet.no\/#\/schema\/logo\/image\/\"},\"sameAs\":[\"https:\/\/www.facebook.com\/ostelandet-101474925294974\",\"https:\/\/www.instagram.com\/ostelandet\/\",\"https:\/\/www.linkedin.com\/showcase\/ostelandet-norge\/\"]}]}<\/script>\n<!-- \/ Yoast SEO plugin. -->","yoast_head_json":{"title":"Ostepodden - Ostelandet Norge","description":"Osteentusiast og ildsjel P\u00e5l K. Medhus \u00f8nsker \u00e5 ta deg med p\u00e5 en reise rundt om i landet v\u00e5rt, og temaet er ost! Eller rettere sagt, hva b\u00f8nder, budeier","robots":{"index":"index","follow":"follow","max-snippet":"max-snippet:-1","max-image-preview":"max-image-preview:large","max-video-preview":"max-video-preview:-1"},"canonical":"https:\/\/ostelandet.no\/en\/ostepodden\/","og_locale":"en_US","og_type":"article","og_title":"Ostepodden - Ostelandet Norge","og_description":"Osteentusiast og ildsjel P\u00e5l K. Medhus \u00f8nsker \u00e5 ta deg med p\u00e5 en reise rundt om i landet v\u00e5rt, og temaet er ost! Eller rettere sagt, hva b\u00f8nder, budeier","og_url":"https:\/\/ostelandet.no\/en\/ostepodden\/","og_site_name":"Ostelandet Norge","article_publisher":"https:\/\/www.facebook.com\/ostelandet-101474925294974","article_modified_time":"2024-11-05T10:29:28+00:00","og_image":[{"url":"https:\/\/ostelandet.no\/wp-content\/uploads\/2023\/01\/Ostepod_Logo02-1024x1024.jpg","type":"","width":"","height":""}],"twitter_card":"summary_large_image","schema":{"@context":"https:\/\/schema.org","@graph":[{"@type":"WebPage","@id":"https:\/\/ostelandet.no\/ostepodden\/","url":"https:\/\/ostelandet.no\/ostepodden\/","name":"Ostepodden - Ostelandet Norge","isPartOf":{"@id":"https:\/\/ostelandet.no\/#website"},"primaryImageOfPage":{"@id":"https:\/\/ostelandet.no\/ostepodden\/#primaryimage"},"image":{"@id":"https:\/\/ostelandet.no\/ostepodden\/#primaryimage"},"thumbnailUrl":"https:\/\/ostelandet.no\/wp-content\/uploads\/2023\/01\/Ostepod_Logo02-1024x1024.jpg","datePublished":"2023-01-23T20:21:07+00:00","dateModified":"2024-11-05T10:29:28+00:00","description":"Osteentusiast og ildsjel P\u00e5l K. Medhus \u00f8nsker \u00e5 ta deg med p\u00e5 en reise rundt om i landet v\u00e5rt, og temaet er ost! Eller rettere sagt, hva b\u00f8nder, budeier","breadcrumb":{"@id":"https:\/\/ostelandet.no\/ostepodden\/#breadcrumb"},"inLanguage":"en-US","potentialAction":[{"@type":"ReadAction","target":["https:\/\/ostelandet.no\/ostepodden\/"]}]},{"@type":"ImageObject","inLanguage":"en-US","@id":"https:\/\/ostelandet.no\/ostepodden\/#primaryimage","url":"https:\/\/ostelandet.no\/wp-content\/uploads\/2023\/01\/Ostepod_Logo02-1024x1024.jpg","contentUrl":"https:\/\/ostelandet.no\/wp-content\/uploads\/2023\/01\/Ostepod_Logo02-1024x1024.jpg"},{"@type":"BreadcrumbList","@id":"https:\/\/ostelandet.no\/ostepodden\/#breadcrumb","itemListElement":[{"@type":"ListItem","position":1,"name":"Hjem","item":"https:\/\/ostelandet.no\/"},{"@type":"ListItem","position":2,"name":"Ostepodden"}]},{"@type":"WebSite","@id":"https:\/\/ostelandet.no\/#website","url":"https:\/\/ostelandet.no\/","name":"Ostelandet Norge","description":"- L\u00e6r mer om norsk ost","publisher":{"@id":"https:\/\/ostelandet.no\/#organization"},"potentialAction":[{"@type":"SearchAction","target":{"@type":"EntryPoint","urlTemplate":"https:\/\/ostelandet.no\/?s={search_term_string}"},"query-input":{"@type":"PropertyValueSpecification","valueRequired":true,"valueName":"search_term_string"}}],"inLanguage":"en-US"},{"@type":"Organization","@id":"https:\/\/ostelandet.no\/#organization","name":"HANEN","url":"https:\/\/ostelandet.no\/","logo":{"@type":"ImageObject","inLanguage":"en-US","@id":"https:\/\/ostelandet.no\/#\/schema\/logo\/image\/","url":"https:\/\/ostelandet.no\/wp-content\/uploads\/2021\/09\/ostelandet_norge_2farger_mork_hierarkisk.png","contentUrl":"https:\/\/ostelandet.no\/wp-content\/uploads\/2021\/09\/ostelandet_norge_2farger_mork_hierarkisk.png","width":2062,"height":1223,"caption":"HANEN"},"image":{"@id":"https:\/\/ostelandet.no\/#\/schema\/logo\/image\/"},"sameAs":["https:\/\/www.facebook.com\/ostelandet-101474925294974","https:\/\/www.instagram.com\/ostelandet\/","https:\/\/www.linkedin.com\/showcase\/ostelandet-norge\/"]}]}},"_links":{"self":[{"href":"https:\/\/ostelandet.no\/en\/wp-json\/wp\/v2\/pages\/7704","targetHints":{"allow":["GET"]}}],"collection":[{"href":"https:\/\/ostelandet.no\/en\/wp-json\/wp\/v2\/pages"}],"about":[{"href":"https:\/\/ostelandet.no\/en\/wp-json\/wp\/v2\/types\/page"}],"author":[{"embeddable":true,"href":"https:\/\/ostelandet.no\/en\/wp-json\/wp\/v2\/users\/1"}],"replies":[{"embeddable":true,"href":"https:\/\/ostelandet.no\/en\/wp-json\/wp\/v2\/comments?post=7704"}],"version-history":[{"count":41,"href":"https:\/\/ostelandet.no\/en\/wp-json\/wp\/v2\/pages\/7704\/revisions"}],"predecessor-version":[{"id":12352,"href":"https:\/\/ostelandet.no\/en\/wp-json\/wp\/v2\/pages\/7704\/revisions\/12352"}],"wp:attachment":[{"href":"https:\/\/ostelandet.no\/en\/wp-json\/wp\/v2\/media?parent=7704"}],"curies":[{"name":"wp","href":"https:\/\/api.w.org\/{rel}","templated":true}]}}