{"id":7278,"date":"2022-08-04T13:08:49","date_gmt":"2022-08-04T11:08:49","guid":{"rendered":"https:\/\/ostelandet.no\/?page_id=7278"},"modified":"2023-11-07T20:37:59","modified_gmt":"2023-11-07T19:37:59","slug":"world-cheese-awards-2023","status":"publish","type":"page","link":"https:\/\/ostelandet.no\/en\/world-cheese-awards-2023\/","title":{"rendered":"World Cheese Awards 2023"},"content":{"rendered":"<img decoding=\"async\" src=\"https:\/\/ostelandet.no\/wp-content\/plugins\/bb-plugin\/img\/pixel.png\" alt=\"\" itemprop=\"image\" onerror=\"this.style.display='none'\"  \/>\n<h2>\n\t\tCheese Championship 2023 \/ World Cheese Awards 2023\n\t<\/h2>\n\t<p>Oste-VM ble arrangert i Trondheim 26.-28.oktober 2023.\u00a0<\/p>\n<p>Osteelskere fra alle verdenshj\u00f8rner var samlet i Trondheim n\u00e5r 4502 oster kjempet om tittelen verdens beste ost! Torsdag 26. oktober var det ulike oste-menyer og smakinger rundt om i Trondheim p\u00e5 ulike restauranter og hoteller. <\/p>\n<p>Selve Oste-VM ble arrangert i Trondheim Spektrum 27.-28. oktober. Her bugnet det av ost fra hele verden. Det var &laquo;Ostescene&raquo; med innslag, smakinger, tips og underholdning. Det er aktiviteter for barna, smaksturer og restaurant med deilig mat og drikke. 266 dommere k\u00e5ret verdens beste ost her p\u00e5 fredagen. Gratulerer Gangstad G\u00e5rdsysteri med verdens beste ost 2023 med Nidelven Bl\u00e5! En utrolig opplevelse! <\/p>\n<p>Dommerne smakte seg gjennom 4502 oster og vi fikk se superfinalen live i Spektrum hvor de 16 beste ostene ble smakt og stemt p\u00e5 av et dommerpanel, live p\u00e5 scenen og verden beste ost ble k\u00e5ret.\u00a0<\/p>\n\n<h2>\n\t\t<a href=\"https:\/\/ostelandet.no\/en\/presse\/\" title=\"Press\" target=\"_self\" rel=\"noopener\">\n\t\tPress\n\t\t<\/a>\n\t<\/h2>\n\t<meta itemprop=\"url\" content=\"https:\/\/ostelandet.no\/wp-content\/uploads\/2022\/12\/Oste-VM_Promofilm_16_9_Norsk.mp4\" \/><div style=\"width: 640px;\" class=\"wp-video\"><!--[if lt IE 9]><script>document.createElement('video');<\/script><![endif]-->\n<video class=\"wp-video-shortcode\" id=\"video-7278-1\" width=\"640\" height=\"360\" preload=\"metadata\" controls=\"controls\"><source type=\"video\/mp4\" src=\"https:\/\/ostelandet.no\/wp-content\/uploads\/2022\/12\/Oste-VM_Promofilm_16_9_Norsk.mp4?_=1\" \/><a href=\"https:\/\/ostelandet.no\/wp-content\/uploads\/2022\/12\/Oste-VM_Promofilm_16_9_Norsk.mp4\">https:\/\/ostelandet.no\/wp-content\/uploads\/2022\/12\/Oste-VM_Promofilm_16_9_Norsk.mp4<\/a><\/video><\/div>\n<h2>\n\t\tOrganizers\n\t<\/h2>\n\t\t\t\t<a href=\"https:\/\/www.hanen.no\/\" target=\"_self\" itemprop=\"url\" rel=\"noopener\">\n\t\t\t\t<img loading=\"lazy\" decoding=\"async\" src=\"https:\/\/ostelandet.no\/wp-content\/uploads\/2020\/03\/cropped-hanen-logo-1-300x300.png\" alt=\"http:\/\/ostelandet.no\/wp-content\/uploads\/2020\/03\/cropped-hanen-logo-1.png\" itemprop=\"image\" height=\"300\" width=\"300\" title=\"cropped-hanen-logo-1.png\" onerror=\"this.style.display='none'\"  \/>\n\t\t\t\t<\/a>\n\t\t\t\t<a href=\"http:\/\/norskgardsost.no\/\" target=\"_self\" itemprop=\"url\" rel=\"noopener\">\n\t\t\t\t<img loading=\"lazy\" decoding=\"async\" src=\"https:\/\/ostelandet.no\/wp-content\/uploads\/2022\/12\/Svart-Sirkel-Bestikk-Restaurant-Logo-Enkel-10.png\" alt=\"Svart Sirkel Bestikk Restaurant Logo Enkel (10)\" itemprop=\"image\" height=\"500\" width=\"500\" title=\"Black Circle Cutlery Restaurant Logo Simple (10)\" onerror=\"this.style.display='none'\"  \/>\n\t\t\t\t<\/a>\n\t\t\t\t<a href=\"https:\/\/www.matriketmidt.no\/oi\/\" target=\"_self\" itemprop=\"url\" rel=\"noopener\">\n\t\t\t\t<img loading=\"lazy\" decoding=\"async\" src=\"https:\/\/ostelandet.no\/wp-content\/uploads\/2022\/12\/Svart-Sirkel-Bestikk-Restaurant-Logo-Enkel-9.png\" alt=\"Svart Sirkel Bestikk Restaurant Logo Enkel (9)\" itemprop=\"image\" height=\"500\" width=\"500\" title=\"Black Circle Cutlery Restaurant Logo Simple (9)\" onerror=\"this.style.display='none'\"  \/>\n\t\t\t\t<\/a>\n<h2>\n\t\tMain collaboration partners\n\t<\/h2>\n\t\t\t\t<a href=\"https:\/\/tine.no\/\" target=\"_self\" itemprop=\"url\" rel=\"noopener\">\n\t\t\t\t<img loading=\"lazy\" decoding=\"async\" src=\"https:\/\/ostelandet.no\/wp-content\/uploads\/2022\/12\/Svart-Sirkel-Bestikk-Restaurant-Logo-Enkel-22.png\" alt=\"Svart Sirkel Bestikk Restaurant Logo Enkel (22)\" itemprop=\"image\" height=\"500\" width=\"500\" title=\"Black Circle Cutlery Restaurant Logo Simple (22)\" onerror=\"this.style.display='none'\"  \/>\n\t\t\t\t<\/a>\n\t\t\t\t<a href=\"https:\/\/meny.no\/\" target=\"_self\" itemprop=\"url\" rel=\"noopener\">\n\t\t\t\t<img loading=\"lazy\" decoding=\"async\" src=\"https:\/\/ostelandet.no\/wp-content\/uploads\/2022\/12\/Svart-Sirkel-Bestikk-Restaurant-Logo-Enkel-21.png\" alt=\"Svart Sirkel Bestikk Restaurant Logo Enkel (21)\" itemprop=\"image\" height=\"500\" width=\"500\" title=\"Black Circle Cutlery Restaurant Logo Simple (21)\" onerror=\"this.style.display='none'\"  \/>\n\t\t\t\t<\/a>\n\t\t\t\t<a href=\"https:\/\/www.innovasjonnorge.no\/\" target=\"_self\" itemprop=\"url\" rel=\"noopener\">\n\t\t\t\t<img loading=\"lazy\" decoding=\"async\" src=\"https:\/\/ostelandet.no\/wp-content\/uploads\/2022\/12\/Svart-Sirkel-Bestikk-Restaurant-Logo-Enkel-11.png\" alt=\"Svart Sirkel Bestikk Restaurant Logo Enkel (11)\" itemprop=\"image\" height=\"500\" width=\"500\" title=\"Black Circle Cutlery Restaurant Logo Simple (11)\" onerror=\"this.style.display='none'\"  \/>\n\t\t\t\t<\/a>\n<h2>\n\t\tSponsors\/collaboration partners\n\t<\/h2>\n\t\t\t\t<a href=\"https:\/\/www.oluf.no\/\" target=\"_self\" itemprop=\"url\" rel=\"noopener\">\n\t\t\t\t<img loading=\"lazy\" decoding=\"async\" src=\"https:\/\/ostelandet.no\/wp-content\/uploads\/2022\/12\/Svart-Sirkel-Bestikk-Restaurant-Logo-Enkel-18.png\" alt=\"Svart Sirkel Bestikk Restaurant Logo Enkel (18)\" itemprop=\"image\" height=\"500\" width=\"500\" title=\"Black Circle Cutlery Restaurant Logo Simple (18)\" onerror=\"this.style.display='none'\"  \/>\n\t\t\t\t<\/a>\n\t\t\t\t<a href=\"https:\/\/www.matcompaniet.no\/\" target=\"_self\" itemprop=\"url\" rel=\"noopener\">\n\t\t\t\t<img loading=\"lazy\" decoding=\"async\" src=\"https:\/\/ostelandet.no\/wp-content\/uploads\/2023\/03\/Logo-200-\u00d7-175-px-200-\u00d7-140-px-500-\u00d7-500-px-5.png\" alt=\"Logo (200 \u00d7 175\u00a0px) (200 \u00d7 140\u00a0px) (500 \u00d7 500\u00a0px) (5)\" itemprop=\"image\" height=\"500\" width=\"500\" title=\"Logo (200 \u00d7 175 px) (200 \u00d7 140 px) (500 \u00d7 500 px) (5)\" onerror=\"this.style.display='none'\"  \/>\n\t\t\t\t<\/a>\n\t\t\t\t<a href=\"https:\/\/bjorklund1925.no\/\" target=\"_self\" itemprop=\"url\" rel=\"noopener\">\n\t\t\t\t<img loading=\"lazy\" decoding=\"async\" src=\"https:\/\/ostelandet.no\/wp-content\/uploads\/2023\/03\/Logo-200-\u00d7-175-px-200-\u00d7-140-px-500-\u00d7-500-px.png\" alt=\"Logo (200 \u00d7 175\u00a0px) (200 \u00d7 140\u00a0px) (500 \u00d7 500\u00a0px)\" itemprop=\"image\" height=\"500\" width=\"500\" title=\"Logo (200 \u00d7 175 px) (200 \u00d7 140 px) (500 \u00d7 500 px)\" onerror=\"this.style.display='none'\"  \/>\n\t\t\t\t<\/a>\n\t\t\t\t<a href=\"https:\/\/britannia.no\/\" target=\"_self\" itemprop=\"url\" rel=\"noopener\">\n\t\t\t\t<img loading=\"lazy\" decoding=\"async\" src=\"https:\/\/ostelandet.no\/wp-content\/uploads\/2023\/03\/Logo--600x600.png\" alt=\"Logo\" itemprop=\"image\" height=\"600\" width=\"600\" title=\"Logo\" onerror=\"this.style.display='none'\"  \/>\n\t\t\t\t<\/a>\n\t\t\t\t<a href=\"https:\/\/www.trondelagfylke.no\/\" target=\"_self\" itemprop=\"url\" rel=\"noopener\">\n\t\t\t\t<img loading=\"lazy\" decoding=\"async\" src=\"https:\/\/ostelandet.no\/wp-content\/uploads\/2022\/12\/Svart-Sirkel-Bestikk-Restaurant-Logo-Enkel-14.png\" alt=\"Svart Sirkel Bestikk Restaurant Logo Enkel (14)\" itemprop=\"image\" height=\"500\" width=\"500\" title=\"Black Circle Cutlery Restaurant Logo Simple (14)\" onerror=\"this.style.display='none'\"  \/>\n\t\t\t\t<\/a>\n\t\t\t\t<a href=\"https:\/\/www.bondelaget.no\/trondelag\/\" target=\"_self\" itemprop=\"url\" rel=\"noopener\">\n\t\t\t\t<img loading=\"lazy\" decoding=\"async\" src=\"https:\/\/ostelandet.no\/wp-content\/uploads\/2023\/09\/ASKO.png\" alt=\"ASKO\" itemprop=\"image\" height=\"300\" width=\"300\" title=\"ASKO\" onerror=\"this.style.display='none'\"  \/>\n\t\t\t\t<\/a>\n\t\t\t\t<a href=\"https:\/\/www.statsforvalteren.no\/trondelag\/\" target=\"_self\" itemprop=\"url\" rel=\"noopener\">\n\t\t\t\t<img loading=\"lazy\" decoding=\"async\" src=\"https:\/\/ostelandet.no\/wp-content\/uploads\/2022\/12\/Svart-Sirkel-Bestikk-Restaurant-Logo-Enkel-16.png\" alt=\"Svart Sirkel Bestikk Restaurant Logo Enkel (16)\" itemprop=\"image\" height=\"500\" width=\"500\" title=\"Black Circle Cutlery Restaurant Logo Simple (16)\" onerror=\"this.style.display='none'\"  \/>\n\t\t\t\t<\/a>\n\t\t\t\t<a href=\"https:\/\/www.trondheim.kommune.no\/\" target=\"_self\" itemprop=\"url\" rel=\"noopener\">\n\t\t\t\t<img loading=\"lazy\" decoding=\"async\" src=\"https:\/\/ostelandet.no\/wp-content\/uploads\/2022\/12\/Svart-Sirkel-Bestikk-Restaurant-Logo-Enkel-15.png\" alt=\"Svart Sirkel Bestikk Restaurant Logo Enkel (15)\" itemprop=\"image\" height=\"500\" width=\"500\" title=\"Black Circle Cutlery Restaurant Logo Simple (15)\" onerror=\"this.style.display='none'\"  \/>\n\t\t\t\t<\/a>\n\t\t\t\t<a href=\"https:\/\/www.ntnu.no\/\" target=\"_self\" itemprop=\"url\" rel=\"noopener\">\n\t\t\t\t<img loading=\"lazy\" decoding=\"async\" src=\"https:\/\/ostelandet.no\/wp-content\/uploads\/2023\/03\/Logo-200-\u00d7-175-px-200-\u00d7-140-px-500-\u00d7-500-px-1.png\" alt=\"Logo (200 \u00d7 175\u00a0px) (200 \u00d7 140\u00a0px) (500 \u00d7 500\u00a0px) (1)\" itemprop=\"image\" height=\"500\" width=\"500\" title=\"Logo (200 \u00d7 175 px) (200 \u00d7 140 px) (500 \u00d7 500 px) (1)\" onerror=\"this.style.display='none'\"  \/>\n\t\t\t\t<\/a>","protected":false},"excerpt":{"rendered":"<p>Oste-VM 2023 \/ World Cheese Awards 2023 Oste-VM ble arrangert i Trondheim 26.-28.oktober 2023.\u00a0 Osteelskere fra alle verdenshj\u00f8rner var samlet i Trondheim n\u00e5r 4502 oster kjempet om tittelen verdens beste ost! Torsdag 26. oktober var det ulike oste-menyer og smakinger rundt om i Trondheim p\u00e5 ulike restauranter og hoteller. Selve Oste-VM ble arrangert i Trondheim&hellip;<\/p>","protected":false},"author":1,"featured_media":6714,"parent":0,"menu_order":0,"comment_status":"closed","ping_status":"closed","template":"","meta":{"_acf_changed":false,"footnotes":""},"class_list":["post-7278","page","type-page","status-publish","has-post-thumbnail","hentry"],"acf":[],"yoast_head":"<!-- This site is optimized with the Yoast SEO plugin v26.1.1 - https:\/\/yoast.com\/wordpress\/plugins\/seo\/ -->\n<title>Oste-VM 2023 - Ostelandet Norge<\/title>\n<meta name=\"description\" content=\"Oste-VM\/World Cheese Awards 2023 skal arrangeres i Trondheim 26.-28. oktober. Dette er en av verdens st\u00f8rste ostekonkurranser.\" \/>\n<meta name=\"robots\" content=\"index, follow, max-snippet:-1, max-image-preview:large, max-video-preview:-1\" \/>\n<link rel=\"canonical\" href=\"https:\/\/ostelandet.no\/en\/world-cheese-awards-2023\/\" \/>\n<meta property=\"og:locale\" content=\"en_US\" \/>\n<meta property=\"og:type\" content=\"article\" \/>\n<meta property=\"og:title\" content=\"Oste-VM 2023 - Ostelandet Norge\" \/>\n<meta property=\"og:description\" content=\"Oste-VM\/World Cheese Awards 2023 skal arrangeres i Trondheim 26.-28. oktober. Dette er en av verdens st\u00f8rste ostekonkurranser.\" \/>\n<meta property=\"og:url\" content=\"https:\/\/ostelandet.no\/en\/world-cheese-awards-2023\/\" \/>\n<meta property=\"og:site_name\" content=\"Ostelandet Norge\" \/>\n<meta property=\"article:publisher\" content=\"https:\/\/www.facebook.com\/ostelandet-101474925294974\" \/>\n<meta property=\"article:modified_time\" content=\"2023-11-07T19:37:59+00:00\" \/>\n<meta property=\"og:image\" content=\"https:\/\/ostelandet.no\/wp-content\/uploads\/2021\/11\/Foto_-HANEN.-Verdens-beste-ost-2018-Fanaosten-fra-Ostegarden-scaled.jpg\" \/>\n\t<meta property=\"og:image:width\" content=\"2560\" \/>\n\t<meta property=\"og:image:height\" content=\"1703\" \/>\n\t<meta property=\"og:image:type\" content=\"image\/jpeg\" \/>\n<meta name=\"twitter:card\" content=\"summary_large_image\" \/>\n<meta name=\"twitter:label1\" content=\"Est. reading time\" \/>\n\t<meta name=\"twitter:data1\" content=\"12 minutes\" \/>\n<script type=\"application\/ld+json\" class=\"yoast-schema-graph\">{\"@context\":\"https:\/\/schema.org\",\"@graph\":[{\"@type\":\"WebPage\",\"@id\":\"https:\/\/ostelandet.no\/world-cheese-awards-2023\/\",\"url\":\"https:\/\/ostelandet.no\/world-cheese-awards-2023\/\",\"name\":\"Oste-VM 2023 - Ostelandet Norge\",\"isPartOf\":{\"@id\":\"https:\/\/ostelandet.no\/#website\"},\"primaryImageOfPage\":{\"@id\":\"https:\/\/ostelandet.no\/world-cheese-awards-2023\/#primaryimage\"},\"image\":{\"@id\":\"https:\/\/ostelandet.no\/world-cheese-awards-2023\/#primaryimage\"},\"thumbnailUrl\":\"https:\/\/ostelandet.no\/wp-content\/uploads\/2021\/11\/Foto_-HANEN.-Verdens-beste-ost-2018-Fanaosten-fra-Ostegarden-scaled.jpg\",\"datePublished\":\"2022-08-04T11:08:49+00:00\",\"dateModified\":\"2023-11-07T19:37:59+00:00\",\"description\":\"Oste-VM\/World Cheese Awards 2023 skal arrangeres i Trondheim 26.-28. oktober. Dette er en av verdens st\u00f8rste ostekonkurranser.\",\"breadcrumb\":{\"@id\":\"https:\/\/ostelandet.no\/world-cheese-awards-2023\/#breadcrumb\"},\"inLanguage\":\"en-US\",\"potentialAction\":[{\"@type\":\"ReadAction\",\"target\":[\"https:\/\/ostelandet.no\/world-cheese-awards-2023\/\"]}]},{\"@type\":\"ImageObject\",\"inLanguage\":\"en-US\",\"@id\":\"https:\/\/ostelandet.no\/world-cheese-awards-2023\/#primaryimage\",\"url\":\"https:\/\/ostelandet.no\/wp-content\/uploads\/2021\/11\/Foto_-HANEN.-Verdens-beste-ost-2018-Fanaosten-fra-Ostegarden-scaled.jpg\",\"contentUrl\":\"https:\/\/ostelandet.no\/wp-content\/uploads\/2021\/11\/Foto_-HANEN.-Verdens-beste-ost-2018-Fanaosten-fra-Ostegarden-scaled.jpg\",\"width\":2560,\"height\":1703,\"caption\":\"Vinnaren av Oste-VM 2018, Osteg\u00e5rden\"},{\"@type\":\"BreadcrumbList\",\"@id\":\"https:\/\/ostelandet.no\/world-cheese-awards-2023\/#breadcrumb\",\"itemListElement\":[{\"@type\":\"ListItem\",\"position\":1,\"name\":\"Hjem\",\"item\":\"https:\/\/ostelandet.no\/\"},{\"@type\":\"ListItem\",\"position\":2,\"name\":\"Oste-VM 2023\"}]},{\"@type\":\"WebSite\",\"@id\":\"https:\/\/ostelandet.no\/#website\",\"url\":\"https:\/\/ostelandet.no\/\",\"name\":\"Ostelandet Norge\",\"description\":\"- L\u00e6r mer om norsk ost\",\"publisher\":{\"@id\":\"https:\/\/ostelandet.no\/#organization\"},\"potentialAction\":[{\"@type\":\"SearchAction\",\"target\":{\"@type\":\"EntryPoint\",\"urlTemplate\":\"https:\/\/ostelandet.no\/?s={search_term_string}\"},\"query-input\":{\"@type\":\"PropertyValueSpecification\",\"valueRequired\":true,\"valueName\":\"search_term_string\"}}],\"inLanguage\":\"en-US\"},{\"@type\":\"Organization\",\"@id\":\"https:\/\/ostelandet.no\/#organization\",\"name\":\"HANEN\",\"url\":\"https:\/\/ostelandet.no\/\",\"logo\":{\"@type\":\"ImageObject\",\"inLanguage\":\"en-US\",\"@id\":\"https:\/\/ostelandet.no\/#\/schema\/logo\/image\/\",\"url\":\"https:\/\/ostelandet.no\/wp-content\/uploads\/2021\/09\/ostelandet_norge_2farger_mork_hierarkisk.png\",\"contentUrl\":\"https:\/\/ostelandet.no\/wp-content\/uploads\/2021\/09\/ostelandet_norge_2farger_mork_hierarkisk.png\",\"width\":2062,\"height\":1223,\"caption\":\"HANEN\"},\"image\":{\"@id\":\"https:\/\/ostelandet.no\/#\/schema\/logo\/image\/\"},\"sameAs\":[\"https:\/\/www.facebook.com\/ostelandet-101474925294974\",\"https:\/\/www.instagram.com\/ostelandet\/\",\"https:\/\/www.linkedin.com\/showcase\/ostelandet-norge\/\"]}]}<\/script>\n<!-- \/ Yoast SEO plugin. -->","yoast_head_json":{"title":"Oste-VM 2023 - Ostelandet Norge","description":"Oste-VM\/World Cheese Awards 2023 skal arrangeres i Trondheim 26.-28. oktober. Dette er en av verdens st\u00f8rste ostekonkurranser.","robots":{"index":"index","follow":"follow","max-snippet":"max-snippet:-1","max-image-preview":"max-image-preview:large","max-video-preview":"max-video-preview:-1"},"canonical":"https:\/\/ostelandet.no\/en\/world-cheese-awards-2023\/","og_locale":"en_US","og_type":"article","og_title":"Oste-VM 2023 - Ostelandet Norge","og_description":"Oste-VM\/World Cheese Awards 2023 skal arrangeres i Trondheim 26.-28. oktober. Dette er en av verdens st\u00f8rste ostekonkurranser.","og_url":"https:\/\/ostelandet.no\/en\/world-cheese-awards-2023\/","og_site_name":"Ostelandet Norge","article_publisher":"https:\/\/www.facebook.com\/ostelandet-101474925294974","article_modified_time":"2023-11-07T19:37:59+00:00","og_image":[{"width":2560,"height":1703,"url":"https:\/\/ostelandet.no\/wp-content\/uploads\/2021\/11\/Foto_-HANEN.-Verdens-beste-ost-2018-Fanaosten-fra-Ostegarden-scaled.jpg","type":"image\/jpeg"}],"twitter_card":"summary_large_image","twitter_misc":{"Est. reading time":"12 minutes"},"schema":{"@context":"https:\/\/schema.org","@graph":[{"@type":"WebPage","@id":"https:\/\/ostelandet.no\/world-cheese-awards-2023\/","url":"https:\/\/ostelandet.no\/world-cheese-awards-2023\/","name":"Oste-VM 2023 - Ostelandet Norge","isPartOf":{"@id":"https:\/\/ostelandet.no\/#website"},"primaryImageOfPage":{"@id":"https:\/\/ostelandet.no\/world-cheese-awards-2023\/#primaryimage"},"image":{"@id":"https:\/\/ostelandet.no\/world-cheese-awards-2023\/#primaryimage"},"thumbnailUrl":"https:\/\/ostelandet.no\/wp-content\/uploads\/2021\/11\/Foto_-HANEN.-Verdens-beste-ost-2018-Fanaosten-fra-Ostegarden-scaled.jpg","datePublished":"2022-08-04T11:08:49+00:00","dateModified":"2023-11-07T19:37:59+00:00","description":"Oste-VM\/World Cheese Awards 2023 skal arrangeres i Trondheim 26.-28. oktober. Dette er en av verdens st\u00f8rste ostekonkurranser.","breadcrumb":{"@id":"https:\/\/ostelandet.no\/world-cheese-awards-2023\/#breadcrumb"},"inLanguage":"en-US","potentialAction":[{"@type":"ReadAction","target":["https:\/\/ostelandet.no\/world-cheese-awards-2023\/"]}]},{"@type":"ImageObject","inLanguage":"en-US","@id":"https:\/\/ostelandet.no\/world-cheese-awards-2023\/#primaryimage","url":"https:\/\/ostelandet.no\/wp-content\/uploads\/2021\/11\/Foto_-HANEN.-Verdens-beste-ost-2018-Fanaosten-fra-Ostegarden-scaled.jpg","contentUrl":"https:\/\/ostelandet.no\/wp-content\/uploads\/2021\/11\/Foto_-HANEN.-Verdens-beste-ost-2018-Fanaosten-fra-Ostegarden-scaled.jpg","width":2560,"height":1703,"caption":"Vinnaren av Oste-VM 2018, Osteg\u00e5rden"},{"@type":"BreadcrumbList","@id":"https:\/\/ostelandet.no\/world-cheese-awards-2023\/#breadcrumb","itemListElement":[{"@type":"ListItem","position":1,"name":"Hjem","item":"https:\/\/ostelandet.no\/"},{"@type":"ListItem","position":2,"name":"Oste-VM 2023"}]},{"@type":"WebSite","@id":"https:\/\/ostelandet.no\/#website","url":"https:\/\/ostelandet.no\/","name":"Ostelandet Norge","description":"- L\u00e6r mer om norsk ost","publisher":{"@id":"https:\/\/ostelandet.no\/#organization"},"potentialAction":[{"@type":"SearchAction","target":{"@type":"EntryPoint","urlTemplate":"https:\/\/ostelandet.no\/?s={search_term_string}"},"query-input":{"@type":"PropertyValueSpecification","valueRequired":true,"valueName":"search_term_string"}}],"inLanguage":"en-US"},{"@type":"Organization","@id":"https:\/\/ostelandet.no\/#organization","name":"HANEN","url":"https:\/\/ostelandet.no\/","logo":{"@type":"ImageObject","inLanguage":"en-US","@id":"https:\/\/ostelandet.no\/#\/schema\/logo\/image\/","url":"https:\/\/ostelandet.no\/wp-content\/uploads\/2021\/09\/ostelandet_norge_2farger_mork_hierarkisk.png","contentUrl":"https:\/\/ostelandet.no\/wp-content\/uploads\/2021\/09\/ostelandet_norge_2farger_mork_hierarkisk.png","width":2062,"height":1223,"caption":"HANEN"},"image":{"@id":"https:\/\/ostelandet.no\/#\/schema\/logo\/image\/"},"sameAs":["https:\/\/www.facebook.com\/ostelandet-101474925294974","https:\/\/www.instagram.com\/ostelandet\/","https:\/\/www.linkedin.com\/showcase\/ostelandet-norge\/"]}]}},"_links":{"self":[{"href":"https:\/\/ostelandet.no\/en\/wp-json\/wp\/v2\/pages\/7278","targetHints":{"allow":["GET"]}}],"collection":[{"href":"https:\/\/ostelandet.no\/en\/wp-json\/wp\/v2\/pages"}],"about":[{"href":"https:\/\/ostelandet.no\/en\/wp-json\/wp\/v2\/types\/page"}],"author":[{"embeddable":true,"href":"https:\/\/ostelandet.no\/en\/wp-json\/wp\/v2\/users\/1"}],"replies":[{"embeddable":true,"href":"https:\/\/ostelandet.no\/en\/wp-json\/wp\/v2\/comments?post=7278"}],"version-history":[{"count":99,"href":"https:\/\/ostelandet.no\/en\/wp-json\/wp\/v2\/pages\/7278\/revisions"}],"predecessor-version":[{"id":11630,"href":"https:\/\/ostelandet.no\/en\/wp-json\/wp\/v2\/pages\/7278\/revisions\/11630"}],"wp:featuredmedia":[{"embeddable":true,"href":"https:\/\/ostelandet.no\/en\/wp-json\/wp\/v2\/media\/6714"}],"wp:attachment":[{"href":"https:\/\/ostelandet.no\/en\/wp-json\/wp\/v2\/media?parent=7278"}],"curies":[{"name":"wp","href":"https:\/\/api.w.org\/{rel}","templated":true}]}}