{"id":65,"date":"2020-03-30T14:36:09","date_gmt":"2020-03-30T12:36:09","guid":{"rendered":"http:\/\/ostelandet.no\/?page_id=65"},"modified":"2025-12-17T09:54:49","modified_gmt":"2025-12-17T08:54:49","slug":"laer-mer-om-norsk-ost","status":"publish","type":"page","link":"https:\/\/ostelandet.no\/en\/","title":{"rendered":"Home"},"content":{"rendered":"<a href=\"https:\/\/ostelandet.no\/en\/ostetyper\/\" target=\"_self\">\n\t\t\t\t\t\t\tPRODUCTS\n\t\t\t\t\t<\/a>\n\t\t\t<a href=\"https:\/\/ostelandet.no\/en\/kategori\/produsent\/\" target=\"_self\">\n\t\t\t\t\t\t\tPRODUCERS\n\t\t\t\t\t<\/a>\n<h2>\n\t\t\tAKTUELT\t<\/h2>\n\t\t\t<a href=\"https:\/\/ostelandet.no\/en\/norske-oster-som-gjorde-det-sterkt-i-vm-i-ost-2025\/\" target=\"_self\"><img decoding=\"async\" loading=\"false\" src=\"https:\/\/ostelandet.no\/wp-content\/uploads\/2025\/11\/worldcheese_compressed.jpg\" alt=\"\" \/><\/a>\t\t\t\n\t\t\t\t<h2>Alle norske medaljevinnere i Oste-VM 2025<\/h2><p>Norske oster briljerte i World Cheese Awards 2025. Her finner du alle medaljevinnerne samlet p\u00e5 ett sted. Utforsk ostene, m\u00f8t ysteriene og se hvilke norske smaker som imponerte dommerne i Bern.<\/p>\n<a href=\"https:\/\/ostelandet.no\/en\/norske-oster-som-gjorde-det-sterkt-i-vm-i-ost-2025\/\" target=\"_self\">Se fullstendig oversikt<\/a><a href=\"https:\/\/ostelandet.no\/en\/norske-oster-som-gjorde-det-sterkt-i-vm-i-ost-2025\/\"  target=\"_self\"><img decoding=\"async\" loading=\"false\" src=\"https:\/\/ostelandet.no\/wp-content\/uploads\/2025\/11\/worldcheese_compressed.jpg\" alt=\"\" \/><\/a>\t\t\t\n\t\t\t<a href=\"https:\/\/ostelandet.no\/en\/rueslatten-ysteri-fra-hol-skal-male-seg-med-verdens-beste-oster-i-sveits\/\" target=\"_self\"><img decoding=\"async\" loading=\"false\" src=\"https:\/\/ostelandet.no\/wp-content\/uploads\/2025\/11\/Jarle-og-Rakel_Liggende_Gurostolen_Ostebygda-July-2023-Photos-by-Emile-Holba-87-1-scaled.jpg\" alt=\"\" \/><\/a>\t\t\t\n\t\t\t\t<h2>Konkurrerer om tittlen verdens beste ost 2025<\/h2><p>Ruesl\u00e5tten Ysteri fra Hol skal konkurrere i VM for ost i Sveits. Med fire faste oster laget p\u00e5 upasteurisert melk, representerer de norsk h\u00e5ndverksost og Ostebygda i Gruy\u00e8rens hjemland.<\/p>\n<a href=\"https:\/\/ostelandet.no\/en\/rueslatten-ysteri-fra-hol-skal-male-seg-med-verdens-beste-oster-i-sveits\/\" target=\"_self\">Les mer her<\/a><a href=\"https:\/\/ostelandet.no\/en\/rueslatten-ysteri-fra-hol-skal-male-seg-med-verdens-beste-oster-i-sveits\/\"  target=\"_self\"><img decoding=\"async\" loading=\"false\" src=\"https:\/\/ostelandet.no\/wp-content\/uploads\/2025\/11\/Jarle-og-Rakel_Liggende_Gurostolen_Ostebygda-July-2023-Photos-by-Emile-Holba-87-1-scaled.jpg\" alt=\"\" \/><\/a>\t\t\t\n\t\t\t<a href=\"https:\/\/ostelandet.no\/en\/bu-pris-2025-norske-osteeventyr-hedres-med-nasjonal-anerkjennelse\/\" target=\"_self\"><img decoding=\"async\" loading=\"false\" src=\"https:\/\/ostelandet.no\/wp-content\/uploads\/2025\/11\/IMG_4900-1-600x450.jpg\" alt=\"\" \/><\/a>\t\t\t\n\t\t\t\t<h2>Osteprodusenter vinner BU priser <\/h2><p>Flere av \u00e5rets vinnere av Bedriftsutviklingsprisen i landbruket er lidenskapelige osteprodusenter. Med r\u00e5varer fra egen g\u00e5rd, kompromissl\u00f8st h\u00e5ndverk og sterk lokal forankring, viser de hvordan ost kan bli b\u00e5de n\u00e6ring og nasjonal stolthet.<\/p>\n<a href=\"https:\/\/ostelandet.no\/en\/bu-pris-2025-norske-osteeventyr-hedres-med-nasjonal-anerkjennelse\/\" target=\"_self\">Les mer om \u00e5rets vinnere<\/a><a href=\"https:\/\/ostelandet.no\/en\/bu-pris-2025-norske-osteeventyr-hedres-med-nasjonal-anerkjennelse\/\"  target=\"_self\"><img decoding=\"async\" loading=\"false\" src=\"https:\/\/ostelandet.no\/wp-content\/uploads\/2025\/11\/IMG_4900-1-600x450.jpg\" alt=\"\" \/><\/a>\t\t\t\n\t\t\t<a href=\"http:\/\/Hitra%20G\u00e5rdsmat%20stakk%20av%20med%20seieren%20i%20NM%20i%20Ost%202025%20med%20sin%20\u00f8kologiske%20Kongeost.%20Den%20prisvinnende%20fastosten%20er%20ystet%20p\u00e5%20upasteurisert%20melk%20fra%20frittg\u00e5ende%20kyr%20p\u00e5%20idylliske%20Hitra%20-%20og%20resultatet%20er%20rett%20og%20slett%20\u00abhelt%20konge\u00bb,%20if\u00f8lge%20eierne%20Mona%20og%20Lars%20Nynes.\" target=\"_self\"><img decoding=\"async\" loading=\"false\" src=\"https:\/\/ostelandet.no\/wp-content\/uploads\/2025\/10\/Hitra_Gardsmat_-_Mona_Nynes-5.jpg\" alt=\"\" \/><\/a>\t\t\t\n\t\t\t\t<h2>Hitra G\u00e5rdsmat vant NM i ost 2025 <\/h2><p>Hitra G\u00e5rdsmat stakk av med seieren i NM i Ost 2025 med sin \u00f8kologiske Kongeost. Den prisvinnende fastosten er ystet p\u00e5 upasteurisert melk fra frittg\u00e5ende kyr p\u00e5 idylliske Hitra &#8211; og resultatet er rett og slett \u00abhelt konge\u00bb, if\u00f8lge eierne Mona og Lars Nynes.<\/p>\n<a href=\"http:\/\/Hitra%20G\u00e5rdsmat%20stakk%20av%20med%20seieren%20i%20NM%20i%20Ost%202025%20med%20sin%20\u00f8kologiske%20Kongeost.%20Den%20prisvinnende%20fastosten%20er%20ystet%20p\u00e5%20upasteurisert%20melk%20fra%20frittg\u00e5ende%20kyr%20p\u00e5%20idylliske%20Hitra%20-%20og%20resultatet%20er%20rett%20og%20slett%20\u00abhelt%20konge\u00bb,%20if\u00f8lge%20eierne%20Mona%20og%20Lars%20Nynes.\" target=\"_self\">Les mer her<\/a><a href=\"http:\/\/Hitra%20G\u00e5rdsmat%20stakk%20av%20med%20seieren%20i%20NM%20i%20Ost%202025%20med%20sin%20\u00f8kologiske%20Kongeost.%20Den%20prisvinnende%20fastosten%20er%20ystet%20p\u00e5%20upasteurisert%20melk%20fra%20frittg\u00e5ende%20kyr%20p\u00e5%20idylliske%20Hitra%20-%20og%20resultatet%20er%20rett%20og%20slett%20\u00abhelt%20konge\u00bb,%20if\u00f8lge%20eierne%20Mona%20og%20Lars%20Nynes.\"  target=\"_self\"><img decoding=\"async\" loading=\"false\" src=\"https:\/\/ostelandet.no\/wp-content\/uploads\/2025\/10\/Hitra_Gardsmat_-_Mona_Nynes-5.jpg\" alt=\"\" \/><\/a>\t\t\t\n\t\t\t<a href=\"https:\/\/ostelandet.no\/en\/arets-vinner-i-nm-i-ost-2025-er-hitra-gardsmat\/\" target=\"_self\"><img decoding=\"async\" loading=\"false\" src=\"https:\/\/ostelandet.no\/wp-content\/uploads\/2025\/09\/NMIOST_Vinnere_web-2.jpg\" alt=\"\" \/><\/a>\t\t\t\n\t\t\t\t<h2>Vinnerne i NM i ost<\/h2><p>Kongeosten fra Hitra G\u00e5rdsmat er k\u00e5ret til \u00c5rets Ost under NM i Ost 2025! Hele 304 oster fra 77 produsenter deltok &#8211; et rekordh\u00f8yt niv\u00e5 som viser bredden og kvaliteten i norsk ystetradisjon.<\/p>\n<p>&nbsp;<\/p>\n\t\t\t<a href=\"https:\/\/ostelandet.no\/en\/arets-vinner-i-nm-i-ost-2025-er-hitra-gardsmat\/\" target=\"_self\">\n\t\t\t\t\t\t\tSee more\n\t\t\t\t\t<\/a>\n<a href=\"https:\/\/ostelandet.no\/en\/arets-vinner-i-nm-i-ost-2025-er-hitra-gardsmat\/\"  target=\"_self\"><img decoding=\"async\" loading=\"false\" src=\"https:\/\/ostelandet.no\/wp-content\/uploads\/2025\/09\/NMIOST_Vinnere_web-2.jpg\" alt=\"\" \/><\/a>\t\t\t\n\t\t\t<a href=\"https:\/\/ostelandet.no\/en\/om-ost\/oppskrifter\/\" target=\"_self\"><img decoding=\"async\" loading=\"false\" src=\"https:\/\/ostelandet.no\/wp-content\/uploads\/2024\/10\/Pultost-IMG_7666-foto-Eline-Kjol-Berg.jpeg\" alt=\"\" \/><\/a>\t\t\t\n\t\t\t\t<h2>Nye og kreative oppskrifter med norske tradisjonsoster!<\/h2><p>De talentfulle kokkene Eli Anne Sundset og Live Edvardsen. Begge er tilknyttet Stiftelsen Norsk Gastronomi og Bocuse d&#8217;Or-milj\u00f8et, og de har eksperimentert med norske tradisjonsoster for \u00e5 bringe frem nye og inspirerende retter. Med en kj\u00e6rlighet for norsk matkultur har de skapt retter som fremhever den unike smaken av blant annet kn\u00e5ost, gammelost og pultost.<\/p>\n<p>Er du klar for \u00e5 utforske disse oppskriftene selv?<\/p>\n<a href=\"https:\/\/ostelandet.no\/en\/om-ost\/oppskrifter\/\" target=\"_self\">Sjekk ut v\u00e5r oppskriftsside<\/a><a href=\"https:\/\/ostelandet.no\/en\/om-ost\/oppskrifter\/\"  target=\"_self\"><img decoding=\"async\" loading=\"false\" src=\"https:\/\/ostelandet.no\/wp-content\/uploads\/2024\/10\/Pultost-IMG_7666-foto-Eline-Kjol-Berg.jpeg\" alt=\"\" \/><\/a>\t\t\t\n\t\t\t\t<a href=\"#\" aria-label=\"previous\" role=\"button\">\n<\/a>\n\t\t\t\t<a href=\"#\" aria-label=\"next\" role=\"button\">\n<\/a>\n\t\t\t\t<a href=\"https:\/\/ostelandet.no\/en\/ost\/4-tips-til-osteelskeren\/\"  target=\"_self\" itemprop=\"url\">\n\t\t\t\t<img decoding=\"async\" src=\"https:\/\/ostelandet.no\/wp-content\/uploads\/2021\/05\/skarbsolegladlagra-776x1024.jpg\" alt=\"Soleglad lagra fra Skarb\u00f8 G\u00e5rd\" itemprop=\"image\" title=\"skarbsolegladlagra\" onerror=\"this.style.display='none'\" loading=\"lazy\" \/>\n\t\t\t\t<\/a>\n<h2>\n\t\t<a href=\"https:\/\/ostelandet.no\/en\/ost\/4-tips-til-osteelskeren\/#skorpe\" title=\"4 things we wonder about cheese\"  target=\"_self\">\n\t\t\t4 things we wonder about cheese\t\t<\/a>\n\t<\/h2>\n\t\t\t\t<a href=\"https:\/\/ostelandet.no\/en\/ost-og-ol\/\"  target=\"_self\" itemprop=\"url\">\n\t\t\t\t<img decoding=\"async\" src=\"https:\/\/ostelandet.no\/wp-content\/uploads\/2021\/12\/210930-Hanen_ost-og-ol0021-scaled.jpg\" alt=\"ost og \u00f8l\" itemprop=\"image\" height=\"1709\" width=\"2560\" title=\"210930 Hanen_ost and beer0021\" onerror=\"this.style.display='none'\" loading=\"lazy\" \/>\n\t\t\t\t<\/a>\n\t\t\t\t\t\tBufar\u00a0&#8211; Frydenlund Bokk\u00f8l\n<h2>\n\t\t<a href=\"https:\/\/ostelandet.no\/en\/ost-og-ol\/\" title=\"Cheese and beer\"  target=\"_self\">\n\t\t\tCheese and beer\t\t<\/a>\n\t<\/h2>\n\t\t\t\t<a href=\"https:\/\/ostelandet.no\/en\/ost\/hvordan-sette-sammen-et-ostefat\/\"  target=\"_self\" itemprop=\"url\">\n\t\t\t\t<img decoding=\"async\" src=\"https:\/\/ostelandet.no\/wp-content\/uploads\/2020\/08\/t2-1024x683.jpg\" alt=\"Ostefat\" itemprop=\"image\" height=\"683\" width=\"1024\" onerror=\"this.style.display='none'\" loading=\"lazy\" \/>\n\t\t\t\t<\/a>\n\t\t\t\t\t\tPhoto: Thorbj\u00f8rnrud Ysteri \/ Josefin Linder\n<h2>\n\t\t<a href=\"https:\/\/ostelandet.no\/en\/ost\/hvordan-sette-sammen-et-ostefat\/\" title=\"How to put together a cheese platter\"  target=\"_self\">\n\t\t\tHow to put together a cheese platter\t\t<\/a>\n\t<\/h2>\n\t\t\t\t<a href=\"https:\/\/ostelandet.no\/en\/prosten-kremosten-fra-hol-ysteri-med-himmelsk-historie\/\"  target=\"_self\" itemprop=\"url\">\n\t\t\t\t<img decoding=\"async\" src=\"https:\/\/ostelandet.no\/wp-content\/uploads\/2025\/11\/Tim-Reidar-Stenberg-og-Sveinung-Hansen-Prosten-1-1-1-600x400.jpg\" alt=\"Tim Reidar Stenberg og Sveinung Hansen, Prosten (1) (1) (1)\" itemprop=\"image\" height=\"400\" width=\"600\" title=\"Tim Reidar Stenberg og Sveinung Hansen, Prosten (1) (1) (1)\" onerror=\"this.style.display='none'\" loading=\"lazy\" \/>\n\t\t\t\t<\/a>\n<h2>\n\t\t<a href=\"https:\/\/ostelandet.no\/en\/prosten-kremosten-fra-hol-ysteri-med-himmelsk-historie\/\" title=\"En himmelsk ost\"  target=\"_self\">\n\t\t\tEn himmelsk ost\t\t<\/a>\n\t<\/h2>\n\t\t\t\t<a href=\"https:\/\/ostelandet.no\/en\/budeia-pa-fagerdalen\/\"  target=\"_self\" itemprop=\"url\">\n\t\t\t\t<img decoding=\"async\" src=\"https:\/\/ostelandet.no\/wp-content\/uploads\/2022\/08\/Fagerdalen-stol-foto-Trude-Henrichsen.jpg\" alt=\"Fagerdalen-stol-foto-Trude-Henrichsen\" itemprop=\"image\" height=\"495\" width=\"719\" title=\"Fagerdalen-stol-foto-Trude-Henrichsen\" onerror=\"this.style.display='none'\" loading=\"lazy\" \/>\n\t\t\t\t<\/a>\n<h2>\n\t\t<a href=\"https:\/\/ostelandet.no\/en\/budeia-pa-fagerdalen\/\" title=\"Budeia on Fagerdalen\"  target=\"_self\">\n\t\t\tBudeia on Fagerdalen\t\t<\/a>\n\t<\/h2>\n\t\t\t\t<a href=\"https:\/\/ostelandet.no\/en\/bufar-fra-valdres-handystet-fjellost-som-har-tatt-verden-med-storm\/\"  target=\"_self\" itemprop=\"url\">\n\t\t\t\t<img decoding=\"async\" src=\"https:\/\/ostelandet.no\/wp-content\/uploads\/2025\/10\/AL6A0814_web_optimized.jpg\" alt=\"AL6A0814_web_optimized\" itemprop=\"image\" height=\"1276\" width=\"2048\" title=\"AL6A0814_web_optimized\" onerror=\"this.style.display='none'\" loading=\"lazy\" \/>\n\t\t\t\t<\/a>\n<h2>\n\t\t<a href=\"https:\/\/ostelandet.no\/en\/bufar-fra-valdres-handystet-fjellost-som-har-tatt-verden-med-storm\/\" title=\"En smak av fjellet\"  target=\"_self\">\n\t\t\tEn smak av fjellet\t\t<\/a>\n\t<\/h2>\n\t\t\t\t<a href=\"https:\/\/ostelandet.no\/en\/vinner-av-nm-i-ost-hitra-gardsmat\/\"  target=\"_self\" itemprop=\"url\">\n\t\t\t\t<img decoding=\"async\" src=\"https:\/\/ostelandet.no\/wp-content\/uploads\/2025\/10\/Hitra_Gardsmat_-_Mona_Nynes-5.jpg\" alt=\"Hitra_G\u00e5rdsmat_-_Mona_Nynes-5\" itemprop=\"image\" height=\"1078\" width=\"1600\" title=\"Hitra_G\u00e5rdsmat_-_Mona_Nynes-5\" onerror=\"this.style.display='none'\" loading=\"lazy\" \/>\n\t\t\t\t<\/a>\n<h2>\n\t\t<a href=\"https:\/\/ostelandet.no\/en\/vinner-av-nm-i-ost-hitra-gardsmat\/\" title=\"Vinner av NM i ost\"  target=\"_self\">\n\t\t\tVinner av NM i ost\t\t<\/a>\n\t<\/h2>\n<h2>\n\t\t\tRECIPES\t<\/h2>\n\t\t\t\t<a href=\"https:\/\/ostelandet.no\/en\/hvit-sjokoladekonfekt-med-julebrunostkrem\/\"  target=\"_self\" itemprop=\"url\">\n\t\t\t\t<img decoding=\"async\" src=\"https:\/\/ostelandet.no\/wp-content\/uploads\/2022\/11\/392853-sjokoladekonfekt-tine-julebrunost-1.jpg\" alt=\"392853- sjokoladekonfekt-tine julebrunost (1)\" itemprop=\"image\" height=\"576\" width=\"1024\" title=\"392853- chocolate confectionery thaw Christmas brown cheese (1)\" onerror=\"this.style.display='none'\" loading=\"lazy\" \/>\n\t\t\t\t<\/a>\n<h2>\n\t\t<a href=\"https:\/\/ostelandet.no\/en\/gronn-havrotto-med-modnet-hardost\/\" title=\"Hvit sjokolade med julebrunostkrem\"  target=\"_self\">\n\t\t\tHvit sjokolade med julebrunostkrem\t\t<\/a>\n\t<\/h2>\n\t\t\t\t<a href=\"https:\/\/ostelandet.no\/en\/trofler-med-julebrunost\/\"  target=\"_self\" itemprop=\"url\">\n\t\t\t\t<img decoding=\"async\" src=\"https:\/\/ostelandet.no\/wp-content\/uploads\/2022\/11\/Trofler_med_brunost-scaled.jpg\" alt=\"Tr\u00f8fler_med_brunost\" itemprop=\"image\" height=\"1707\" width=\"2560\" title=\"Truffles_with_brown cheese\" onerror=\"this.style.display='none'\" loading=\"lazy\" \/>\n\t\t\t\t<\/a>\n<h2>\n\t\t<a href=\"https:\/\/ostelandet.no\/en\/trofler-med-julebrunost\/\" title=\"Truffles with Christmas brown cheese\"  target=\"_self\">\n\t\t\tTruffles with Christmas brown cheese\t\t<\/a>\n\t<\/h2>\n\t\t\t\t<a href=\"https:\/\/ostelandet.no\/en\/pizza-bianco-med-norske-epler-og-karamelliserte-valnotter\/\"  target=\"_self\" itemprop=\"url\">\n\t\t\t\t<img decoding=\"async\" src=\"https:\/\/ostelandet.no\/wp-content\/uploads\/2022\/11\/220329_Hanen__Ostelandet1083811-768x1024.jpg\" alt=\"Pizza Bianco\" itemprop=\"image\" height=\"1024\" width=\"768\" title=\"220329_Hanen_&amp;_Ostelandet108381[1]\" onerror=\"this.style.display='none'\" loading=\"lazy\" \/>\n\t\t\t\t<\/a>\n\t\t\t\t\t\tPizza Bianco\n<h2>\n\t\t<a href=\"https:\/\/ostelandet.no\/en\/pizza-bianco-med-norske-epler-og-karamelliserte-valnotter\/\" title=\"Pizza Bianco with Norwegian apples and caramelized walnuts\"  target=\"_self\">\n\t\t\tPizza Bianco with Norwegian apples and caramelized walnuts\t\t<\/a>\n\t<\/h2>\n\t\t\t\t<a href=\"https:\/\/ostelandet.no\/en\/plommeterte-med-skjorost-fra-rorosmeieriet\/\"  target=\"_self\" itemprop=\"url\">\n\t\t\t\t<img decoding=\"async\" src=\"https:\/\/ostelandet.no\/wp-content\/uploads\/2024\/10\/Skjorost-IMG_7535-foto-Eline-Kjol-Berg.jpeg\" alt=\"Foto: Elin Kj\u00f8l Berg\" itemprop=\"image\" title=\"Skj\u00f8rost-IMG_7535-foto-Eline-Kj\u00f8l-Berg\" onerror=\"this.style.display='none'\" loading=\"lazy\" \/>\n\t\t\t\t<\/a>\n<h2>\n\t\t<a href=\"https:\/\/ostelandet.no\/en\/plommeterte-med-skjorost-fra-rorosmeieriet\/\" title=\"Plommeterte med skj\u00f8rost\"  target=\"_self\">\n\t\t\tPlommeterte med skj\u00f8rost\t\t<\/a>\n\t<\/h2>\n\t\t\t\t<a href=\"https:\/\/ostelandet.no\/en\/ostekake-med-pepperkakebunn\/\"  target=\"_self\" itemprop=\"url\">\n\t\t\t\t<img decoding=\"async\" src=\"https:\/\/ostelandet.no\/wp-content\/uploads\/2025\/12\/ab48ac4f-4a6d-4c35-b151-cd1442208ea9.jpg\" alt=\"Ostekake av geitemelk med pepperkake\" itemprop=\"image\" height=\"2048\" width=\"1536\" title=\"Ostekake av geitemelk med pepperkake\" onerror=\"this.style.display='none'\" loading=\"lazy\" \/>\n\t\t\t\t<\/a>\n<h2>\n\t\t<a href=\"https:\/\/ostelandet.no\/en\/ostekake-med-pepperkakebunn\/\" title=\"Ostekake med pepperkakebunn\"  target=\"_self\">\n\t\t\tOstekake med pepperkakebunn\t\t<\/a>\n\t<\/h2>","protected":false},"excerpt":{"rendered":"<p>PRODUKTER PRODUSENTER AKTUELT Alle norske medaljevinnere i Oste-VM 2025 Norske oster briljerte i World Cheese Awards 2025. Her finner du alle medaljevinnerne samlet p\u00e5 ett sted. Utforsk ostene, m\u00f8t ysteriene og se hvilke norske smaker som imponerte dommerne i Bern. Se fullstendig oversikt Konkurrerer om tittlen verdens beste ost 2025 Ruesl\u00e5tten Ysteri fra Hol skal&hellip;<\/p>","protected":false},"author":1,"featured_media":5246,"parent":0,"menu_order":0,"comment_status":"closed","ping_status":"closed","template":"","meta":{"_acf_changed":false,"footnotes":""},"class_list":["post-65","page","type-page","status-publish","has-post-thumbnail","hentry"],"acf":[],"yoast_head":"<!-- This site is optimized with the Yoast SEO plugin v26.1.1 - https:\/\/yoast.com\/wordpress\/plugins\/seo\/ -->\n<title>Hjem - Ostelandet Norge - den komplette nettsiden over all norsk ost<\/title>\n<meta name=\"description\" content=\"L\u00e6r \u00e5 kjenne norske osteprodusenter, finn nye favorittoster, og se hvor du f\u00e5r kj\u00f8pt dem. F\u00e5 tips, og l\u00e6r mer om norske oster p\u00e5 Ostelandet Norge\" \/>\n<meta name=\"robots\" content=\"index, follow, max-snippet:-1, max-image-preview:large, max-video-preview:-1\" \/>\n<link rel=\"canonical\" href=\"https:\/\/ostelandet.no\/en\/\" \/>\n<meta property=\"og:locale\" content=\"en_US\" \/>\n<meta property=\"og:type\" content=\"article\" \/>\n<meta property=\"og:title\" content=\"Hjem - Ostelandet Norge - den komplette nettsiden over all norsk ost\" \/>\n<meta property=\"og:description\" content=\"L\u00e6r \u00e5 kjenne norske osteprodusenter, finn nye favorittoster, og se hvor du f\u00e5r kj\u00f8pt dem. F\u00e5 tips, og l\u00e6r mer om norske oster p\u00e5 Ostelandet Norge\" \/>\n<meta property=\"og:url\" content=\"https:\/\/ostelandet.no\/en\/\" \/>\n<meta property=\"og:site_name\" content=\"Ostelandet Norge\" \/>\n<meta property=\"article:publisher\" content=\"https:\/\/www.facebook.com\/ostelandet-101474925294974\" \/>\n<meta property=\"article:modified_time\" content=\"2025-12-17T08:54:49+00:00\" \/>\n<meta property=\"og:image\" content=\"https:\/\/ostelandet.no\/wp-content\/uploads\/2021\/06\/ostelandet_norge_2farger_mork_hierarkisk.png\" \/>\n\t<meta property=\"og:image:width\" content=\"2062\" \/>\n\t<meta property=\"og:image:height\" content=\"1223\" \/>\n\t<meta property=\"og:image:type\" content=\"image\/png\" \/>\n<meta name=\"twitter:card\" content=\"summary_large_image\" \/>\n<meta name=\"twitter:label1\" content=\"Est. reading time\" \/>\n\t<meta name=\"twitter:data1\" content=\"6 minutes\" \/>\n<script type=\"application\/ld+json\" class=\"yoast-schema-graph\">{\"@context\":\"https:\/\/schema.org\",\"@graph\":[{\"@type\":\"WebPage\",\"@id\":\"https:\/\/ostelandet.no\/\",\"url\":\"https:\/\/ostelandet.no\/\",\"name\":\"Hjem - Ostelandet Norge - den komplette nettsiden over all norsk ost\",\"isPartOf\":{\"@id\":\"https:\/\/ostelandet.no\/#website\"},\"primaryImageOfPage\":{\"@id\":\"https:\/\/ostelandet.no\/#primaryimage\"},\"image\":{\"@id\":\"https:\/\/ostelandet.no\/#primaryimage\"},\"thumbnailUrl\":\"https:\/\/ostelandet.no\/wp-content\/uploads\/2021\/06\/ostelandet_norge_2farger_mork_hierarkisk.png\",\"datePublished\":\"2020-03-30T12:36:09+00:00\",\"dateModified\":\"2025-12-17T08:54:49+00:00\",\"description\":\"L\u00e6r \u00e5 kjenne norske osteprodusenter, finn nye favorittoster, og se hvor du f\u00e5r kj\u00f8pt dem. F\u00e5 tips, og l\u00e6r mer om norske oster p\u00e5 Ostelandet Norge\",\"breadcrumb\":{\"@id\":\"https:\/\/ostelandet.no\/#breadcrumb\"},\"inLanguage\":\"en-US\",\"potentialAction\":[{\"@type\":\"ReadAction\",\"target\":[\"https:\/\/ostelandet.no\/\"]}]},{\"@type\":\"ImageObject\",\"inLanguage\":\"en-US\",\"@id\":\"https:\/\/ostelandet.no\/#primaryimage\",\"url\":\"https:\/\/ostelandet.no\/wp-content\/uploads\/2021\/06\/ostelandet_norge_2farger_mork_hierarkisk.png\",\"contentUrl\":\"https:\/\/ostelandet.no\/wp-content\/uploads\/2021\/06\/ostelandet_norge_2farger_mork_hierarkisk.png\",\"width\":2062,\"height\":1223,\"caption\":\"Logo ostelandet norge\"},{\"@type\":\"BreadcrumbList\",\"@id\":\"https:\/\/ostelandet.no\/#breadcrumb\",\"itemListElement\":[{\"@type\":\"ListItem\",\"position\":1,\"name\":\"Hjem\",\"item\":\"https:\/\/ostelandet.no\/\"},{\"@type\":\"ListItem\",\"position\":2,\"name\":\"Hjem\"}]},{\"@type\":\"WebSite\",\"@id\":\"https:\/\/ostelandet.no\/#website\",\"url\":\"https:\/\/ostelandet.no\/\",\"name\":\"Ostelandet Norge\",\"description\":\"- L\u00e6r mer om norsk ost\",\"publisher\":{\"@id\":\"https:\/\/ostelandet.no\/#organization\"},\"potentialAction\":[{\"@type\":\"SearchAction\",\"target\":{\"@type\":\"EntryPoint\",\"urlTemplate\":\"https:\/\/ostelandet.no\/?s={search_term_string}\"},\"query-input\":{\"@type\":\"PropertyValueSpecification\",\"valueRequired\":true,\"valueName\":\"search_term_string\"}}],\"inLanguage\":\"en-US\"},{\"@type\":\"Organization\",\"@id\":\"https:\/\/ostelandet.no\/#organization\",\"name\":\"HANEN\",\"url\":\"https:\/\/ostelandet.no\/\",\"logo\":{\"@type\":\"ImageObject\",\"inLanguage\":\"en-US\",\"@id\":\"https:\/\/ostelandet.no\/#\/schema\/logo\/image\/\",\"url\":\"https:\/\/ostelandet.no\/wp-content\/uploads\/2021\/09\/ostelandet_norge_2farger_mork_hierarkisk.png\",\"contentUrl\":\"https:\/\/ostelandet.no\/wp-content\/uploads\/2021\/09\/ostelandet_norge_2farger_mork_hierarkisk.png\",\"width\":2062,\"height\":1223,\"caption\":\"HANEN\"},\"image\":{\"@id\":\"https:\/\/ostelandet.no\/#\/schema\/logo\/image\/\"},\"sameAs\":[\"https:\/\/www.facebook.com\/ostelandet-101474925294974\",\"https:\/\/www.instagram.com\/ostelandet\/\",\"https:\/\/www.linkedin.com\/showcase\/ostelandet-norge\/\"]}]}<\/script>\n<!-- \/ Yoast SEO plugin. -->","yoast_head_json":{"title":"Hjem - Ostelandet Norge - den komplette nettsiden over all norsk ost","description":"L\u00e6r \u00e5 kjenne norske osteprodusenter, finn nye favorittoster, og se hvor du f\u00e5r kj\u00f8pt dem. F\u00e5 tips, og l\u00e6r mer om norske oster p\u00e5 Ostelandet Norge","robots":{"index":"index","follow":"follow","max-snippet":"max-snippet:-1","max-image-preview":"max-image-preview:large","max-video-preview":"max-video-preview:-1"},"canonical":"https:\/\/ostelandet.no\/en\/","og_locale":"en_US","og_type":"article","og_title":"Hjem - Ostelandet Norge - den komplette nettsiden over all norsk ost","og_description":"L\u00e6r \u00e5 kjenne norske osteprodusenter, finn nye favorittoster, og se hvor du f\u00e5r kj\u00f8pt dem. F\u00e5 tips, og l\u00e6r mer om norske oster p\u00e5 Ostelandet Norge","og_url":"https:\/\/ostelandet.no\/en\/","og_site_name":"Ostelandet Norge","article_publisher":"https:\/\/www.facebook.com\/ostelandet-101474925294974","article_modified_time":"2025-12-17T08:54:49+00:00","og_image":[{"width":2062,"height":1223,"url":"https:\/\/ostelandet.no\/wp-content\/uploads\/2021\/06\/ostelandet_norge_2farger_mork_hierarkisk.png","type":"image\/png"}],"twitter_card":"summary_large_image","twitter_misc":{"Est. reading time":"6 minutes"},"schema":{"@context":"https:\/\/schema.org","@graph":[{"@type":"WebPage","@id":"https:\/\/ostelandet.no\/","url":"https:\/\/ostelandet.no\/","name":"Hjem - Ostelandet Norge - den komplette nettsiden over all norsk ost","isPartOf":{"@id":"https:\/\/ostelandet.no\/#website"},"primaryImageOfPage":{"@id":"https:\/\/ostelandet.no\/#primaryimage"},"image":{"@id":"https:\/\/ostelandet.no\/#primaryimage"},"thumbnailUrl":"https:\/\/ostelandet.no\/wp-content\/uploads\/2021\/06\/ostelandet_norge_2farger_mork_hierarkisk.png","datePublished":"2020-03-30T12:36:09+00:00","dateModified":"2025-12-17T08:54:49+00:00","description":"L\u00e6r \u00e5 kjenne norske osteprodusenter, finn nye favorittoster, og se hvor du f\u00e5r kj\u00f8pt dem. F\u00e5 tips, og l\u00e6r mer om norske oster p\u00e5 Ostelandet Norge","breadcrumb":{"@id":"https:\/\/ostelandet.no\/#breadcrumb"},"inLanguage":"en-US","potentialAction":[{"@type":"ReadAction","target":["https:\/\/ostelandet.no\/"]}]},{"@type":"ImageObject","inLanguage":"en-US","@id":"https:\/\/ostelandet.no\/#primaryimage","url":"https:\/\/ostelandet.no\/wp-content\/uploads\/2021\/06\/ostelandet_norge_2farger_mork_hierarkisk.png","contentUrl":"https:\/\/ostelandet.no\/wp-content\/uploads\/2021\/06\/ostelandet_norge_2farger_mork_hierarkisk.png","width":2062,"height":1223,"caption":"Logo ostelandet norge"},{"@type":"BreadcrumbList","@id":"https:\/\/ostelandet.no\/#breadcrumb","itemListElement":[{"@type":"ListItem","position":1,"name":"Hjem","item":"https:\/\/ostelandet.no\/"},{"@type":"ListItem","position":2,"name":"Hjem"}]},{"@type":"WebSite","@id":"https:\/\/ostelandet.no\/#website","url":"https:\/\/ostelandet.no\/","name":"Ostelandet Norge","description":"- L\u00e6r mer om norsk ost","publisher":{"@id":"https:\/\/ostelandet.no\/#organization"},"potentialAction":[{"@type":"SearchAction","target":{"@type":"EntryPoint","urlTemplate":"https:\/\/ostelandet.no\/?s={search_term_string}"},"query-input":{"@type":"PropertyValueSpecification","valueRequired":true,"valueName":"search_term_string"}}],"inLanguage":"en-US"},{"@type":"Organization","@id":"https:\/\/ostelandet.no\/#organization","name":"HANEN","url":"https:\/\/ostelandet.no\/","logo":{"@type":"ImageObject","inLanguage":"en-US","@id":"https:\/\/ostelandet.no\/#\/schema\/logo\/image\/","url":"https:\/\/ostelandet.no\/wp-content\/uploads\/2021\/09\/ostelandet_norge_2farger_mork_hierarkisk.png","contentUrl":"https:\/\/ostelandet.no\/wp-content\/uploads\/2021\/09\/ostelandet_norge_2farger_mork_hierarkisk.png","width":2062,"height":1223,"caption":"HANEN"},"image":{"@id":"https:\/\/ostelandet.no\/#\/schema\/logo\/image\/"},"sameAs":["https:\/\/www.facebook.com\/ostelandet-101474925294974","https:\/\/www.instagram.com\/ostelandet\/","https:\/\/www.linkedin.com\/showcase\/ostelandet-norge\/"]}]}},"_links":{"self":[{"href":"https:\/\/ostelandet.no\/en\/wp-json\/wp\/v2\/pages\/65","targetHints":{"allow":["GET"]}}],"collection":[{"href":"https:\/\/ostelandet.no\/en\/wp-json\/wp\/v2\/pages"}],"about":[{"href":"https:\/\/ostelandet.no\/en\/wp-json\/wp\/v2\/types\/page"}],"author":[{"embeddable":true,"href":"https:\/\/ostelandet.no\/en\/wp-json\/wp\/v2\/users\/1"}],"replies":[{"embeddable":true,"href":"https:\/\/ostelandet.no\/en\/wp-json\/wp\/v2\/comments?post=65"}],"version-history":[{"count":476,"href":"https:\/\/ostelandet.no\/en\/wp-json\/wp\/v2\/pages\/65\/revisions"}],"predecessor-version":[{"id":12855,"href":"https:\/\/ostelandet.no\/en\/wp-json\/wp\/v2\/pages\/65\/revisions\/12855"}],"wp:featuredmedia":[{"embeddable":true,"href":"https:\/\/ostelandet.no\/en\/wp-json\/wp\/v2\/media\/5246"}],"wp:attachment":[{"href":"https:\/\/ostelandet.no\/en\/wp-json\/wp\/v2\/media?parent=65"}],"curies":[{"name":"wp","href":"https:\/\/api.w.org\/{rel}","templated":true}]}}