{"id":6242,"date":"2021-09-15T16:46:02","date_gmt":"2021-09-15T14:46:02","guid":{"rendered":"https:\/\/ostelandet.no\/?page_id=6242"},"modified":"2021-11-08T14:10:04","modified_gmt":"2021-11-08T13:10:04","slug":"nm-i-ost","status":"publish","type":"page","link":"https:\/\/ostelandet.no\/en\/nm-i-ost\/","title":{"rendered":"NM in cheese"},"content":{"rendered":"<h1>\n\t\tNM in cheese 2021\n\t<\/h1>\n\t<iframe loading=\"lazy\" width=\"560\" height=\"315\" src=\"https:\/\/www.youtube.com\/embed\/8yGQdOIsfhE\" title=\"YouTube video player\" frameborder=\"0\" allow=\"accelerometer; autoplay; clipboard-write; encrypted-media; gyroscope; picture-in-picture\" allowfullscreen><\/iframe>\n<h2>\n\t\tTop 10 position NM in cheese 2021\n\t<\/h2>\n\t\t\t <ol><li><a href=\"https:\/\/ostelandet.no\/en\/konrad\/\">Konrad\u00a0 &#8211; Stavanger Ysteri<\/a><\/li><li><a href=\"https:\/\/ostelandet.no\/en\/blakoll\/\">Bl\u00e5koll &#8211; Grindal Ysteri<\/a><\/li><li><a href=\"https:\/\/ostelandet.no\/en\/prosten\/\">Prosten &#8211; Prestholt Geitost<\/a><\/li><li><a href=\"https:\/\/ostelandet.no\/en\/brun-geitost-prestholt\/\">Brun Geitost &#8211; Prestholt Geitost<\/a><\/li><li><a href=\"https:\/\/ostelandet.no\/en\/bjolsund-brie\/\">Bj\u00f8lsund Brie &#8211; Rygge Meieri<\/a><\/li><li>Nordlandsost &#8211; Lofoten G\u00e5rdsysteri<\/li><li><a href=\"https:\/\/ostelandet.no\/en\/sognakvitost\/\">Sognakvitost &#8211; Undredal St\u00f8lsysteri<\/a><\/li><li><a href=\"https:\/\/ostelandet.no\/en\/leirgrov-1242\/\">Leirgr\u00f8v 1242 &#8211; Prestholt Geitost<\/a><\/li><li><a href=\"https:\/\/ostelandet.no\/en\/snertingdal-bla-viking\/\">Bl\u00e5 Viking &#8211; Snertingdal Ysteri<\/a><\/li><li><a href=\"https:\/\/ostelandet.no\/en\/jaerosten-jemima\/\">J\u00e6rosten Jemima &#8211; Voll Ysteri<\/a><\/li><\/ol>\t\t\n\t\n\n\t<h3 dir=\"ltr\"><strong>NM in Ost at <a href=\"https:\/\/doga.no\/\">DOGA<\/a> October 22:<\/strong><\/h3>\nOn Friday 22 October, the year&#039;s best cheese was named at the NM in cheese. It all took place at DOGA in Oslo, where around 200 cheeses were tasted and assessed by 45 judges. In a super final, 10 of the judges judged the 10 best cheeses in front of 200 spectators. Osten Konrad from Stavanger Ysteri came away with the victory.\n<p>&nbsp;<\/p>","protected":false},"excerpt":{"rendered":"<p>NM i ost 2021 Topp 10 plassering NM i ost 2021 Konrad\u00a0 &#8211; Stavanger Ysteri Bl\u00e5koll &#8211; Grindal Ysteri Prosten &#8211; Prestholt Geitost Brun Geitost &#8211; Prestholt Geitost Bj\u00f8lsund Brie &#8211; Rygge Meieri Nordlandsost &#8211; Lofoten G\u00e5rdsysteri Sognakvitost &#8211; Undredal St\u00f8lsysteri Leirgr\u00f8v 1242 &#8211; Prestholt Geitost Bl\u00e5 Viking &#8211; Snertingdal Ysteri J\u00e6rosten Jemima &#8211; Voll&hellip;<\/p>","protected":false},"author":1,"featured_media":0,"parent":0,"menu_order":0,"comment_status":"closed","ping_status":"closed","template":"","meta":{"_acf_changed":false,"footnotes":""},"class_list":["post-6242","page","type-page","status-publish","hentry"],"acf":[],"yoast_head":"<!-- This site is optimized with the Yoast SEO plugin v26.1.1 - https:\/\/yoast.com\/wordpress\/plugins\/seo\/ -->\n<title>NM i ost - Ostelandet Norge<\/title>\n<meta name=\"description\" content=\"NM i ost 2021 Topp 10 plassering NM i ost 2021 Konrad\u00a0 - Stavanger YsteriBl\u00e5koll - Grindal YsteriProsten - Prestholt GeitostBrun Geitost - Prestholt\" \/>\n<meta name=\"robots\" content=\"index, follow, max-snippet:-1, max-image-preview:large, max-video-preview:-1\" \/>\n<link rel=\"canonical\" href=\"https:\/\/ostelandet.no\/en\/nm-i-ost\/\" \/>\n<meta property=\"og:locale\" content=\"en_US\" \/>\n<meta property=\"og:type\" content=\"article\" \/>\n<meta property=\"og:title\" content=\"NM i ost - Ostelandet Norge\" \/>\n<meta property=\"og:description\" content=\"NM i ost 2021 Topp 10 plassering NM i ost 2021 Konrad\u00a0 - Stavanger YsteriBl\u00e5koll - Grindal YsteriProsten - Prestholt GeitostBrun Geitost - Prestholt\" \/>\n<meta property=\"og:url\" content=\"https:\/\/ostelandet.no\/en\/nm-i-ost\/\" \/>\n<meta property=\"og:site_name\" content=\"Ostelandet Norge\" \/>\n<meta property=\"article:publisher\" content=\"https:\/\/www.facebook.com\/ostelandet-101474925294974\" \/>\n<meta property=\"article:modified_time\" content=\"2021-11-08T13:10:04+00:00\" \/>\n<meta name=\"twitter:card\" content=\"summary_large_image\" \/>\n<meta name=\"twitter:label1\" content=\"Est. reading time\" \/>\n\t<meta name=\"twitter:data1\" content=\"1 minute\" \/>\n<script type=\"application\/ld+json\" class=\"yoast-schema-graph\">{\"@context\":\"https:\/\/schema.org\",\"@graph\":[{\"@type\":\"WebPage\",\"@id\":\"https:\/\/ostelandet.no\/nm-i-ost\/\",\"url\":\"https:\/\/ostelandet.no\/nm-i-ost\/\",\"name\":\"NM i ost - Ostelandet Norge\",\"isPartOf\":{\"@id\":\"https:\/\/ostelandet.no\/#website\"},\"datePublished\":\"2021-09-15T14:46:02+00:00\",\"dateModified\":\"2021-11-08T13:10:04+00:00\",\"description\":\"NM i ost 2021 Topp 10 plassering NM i ost 2021 Konrad\u00a0 - Stavanger YsteriBl\u00e5koll - Grindal YsteriProsten - Prestholt GeitostBrun Geitost - Prestholt\",\"breadcrumb\":{\"@id\":\"https:\/\/ostelandet.no\/nm-i-ost\/#breadcrumb\"},\"inLanguage\":\"en-US\",\"potentialAction\":[{\"@type\":\"ReadAction\",\"target\":[\"https:\/\/ostelandet.no\/nm-i-ost\/\"]}]},{\"@type\":\"BreadcrumbList\",\"@id\":\"https:\/\/ostelandet.no\/nm-i-ost\/#breadcrumb\",\"itemListElement\":[{\"@type\":\"ListItem\",\"position\":1,\"name\":\"Hjem\",\"item\":\"https:\/\/ostelandet.no\/\"},{\"@type\":\"ListItem\",\"position\":2,\"name\":\"NM i ost\"}]},{\"@type\":\"WebSite\",\"@id\":\"https:\/\/ostelandet.no\/#website\",\"url\":\"https:\/\/ostelandet.no\/\",\"name\":\"Ostelandet Norge\",\"description\":\"- L\u00e6r mer om norsk ost\",\"publisher\":{\"@id\":\"https:\/\/ostelandet.no\/#organization\"},\"potentialAction\":[{\"@type\":\"SearchAction\",\"target\":{\"@type\":\"EntryPoint\",\"urlTemplate\":\"https:\/\/ostelandet.no\/?s={search_term_string}\"},\"query-input\":{\"@type\":\"PropertyValueSpecification\",\"valueRequired\":true,\"valueName\":\"search_term_string\"}}],\"inLanguage\":\"en-US\"},{\"@type\":\"Organization\",\"@id\":\"https:\/\/ostelandet.no\/#organization\",\"name\":\"HANEN\",\"url\":\"https:\/\/ostelandet.no\/\",\"logo\":{\"@type\":\"ImageObject\",\"inLanguage\":\"en-US\",\"@id\":\"https:\/\/ostelandet.no\/#\/schema\/logo\/image\/\",\"url\":\"https:\/\/ostelandet.no\/wp-content\/uploads\/2021\/09\/ostelandet_norge_2farger_mork_hierarkisk.png\",\"contentUrl\":\"https:\/\/ostelandet.no\/wp-content\/uploads\/2021\/09\/ostelandet_norge_2farger_mork_hierarkisk.png\",\"width\":2062,\"height\":1223,\"caption\":\"HANEN\"},\"image\":{\"@id\":\"https:\/\/ostelandet.no\/#\/schema\/logo\/image\/\"},\"sameAs\":[\"https:\/\/www.facebook.com\/ostelandet-101474925294974\",\"https:\/\/www.instagram.com\/ostelandet\/\",\"https:\/\/www.linkedin.com\/showcase\/ostelandet-norge\/\"]}]}<\/script>\n<!-- \/ Yoast SEO plugin. -->","yoast_head_json":{"title":"NM i ost - Ostelandet Norge","description":"NM i ost 2021 Topp 10 plassering NM i ost 2021 Konrad\u00a0 - Stavanger YsteriBl\u00e5koll - Grindal YsteriProsten - Prestholt GeitostBrun Geitost - Prestholt","robots":{"index":"index","follow":"follow","max-snippet":"max-snippet:-1","max-image-preview":"max-image-preview:large","max-video-preview":"max-video-preview:-1"},"canonical":"https:\/\/ostelandet.no\/en\/nm-i-ost\/","og_locale":"en_US","og_type":"article","og_title":"NM i ost - Ostelandet Norge","og_description":"NM i ost 2021 Topp 10 plassering NM i ost 2021 Konrad\u00a0 - Stavanger YsteriBl\u00e5koll - Grindal YsteriProsten - Prestholt GeitostBrun Geitost - Prestholt","og_url":"https:\/\/ostelandet.no\/en\/nm-i-ost\/","og_site_name":"Ostelandet Norge","article_publisher":"https:\/\/www.facebook.com\/ostelandet-101474925294974","article_modified_time":"2021-11-08T13:10:04+00:00","twitter_card":"summary_large_image","twitter_misc":{"Est. reading time":"1 minute"},"schema":{"@context":"https:\/\/schema.org","@graph":[{"@type":"WebPage","@id":"https:\/\/ostelandet.no\/nm-i-ost\/","url":"https:\/\/ostelandet.no\/nm-i-ost\/","name":"NM i ost - Ostelandet Norge","isPartOf":{"@id":"https:\/\/ostelandet.no\/#website"},"datePublished":"2021-09-15T14:46:02+00:00","dateModified":"2021-11-08T13:10:04+00:00","description":"NM i ost 2021 Topp 10 plassering NM i ost 2021 Konrad\u00a0 - Stavanger YsteriBl\u00e5koll - Grindal YsteriProsten - Prestholt GeitostBrun Geitost - Prestholt","breadcrumb":{"@id":"https:\/\/ostelandet.no\/nm-i-ost\/#breadcrumb"},"inLanguage":"en-US","potentialAction":[{"@type":"ReadAction","target":["https:\/\/ostelandet.no\/nm-i-ost\/"]}]},{"@type":"BreadcrumbList","@id":"https:\/\/ostelandet.no\/nm-i-ost\/#breadcrumb","itemListElement":[{"@type":"ListItem","position":1,"name":"Hjem","item":"https:\/\/ostelandet.no\/"},{"@type":"ListItem","position":2,"name":"NM i ost"}]},{"@type":"WebSite","@id":"https:\/\/ostelandet.no\/#website","url":"https:\/\/ostelandet.no\/","name":"Ostelandet Norge","description":"- L\u00e6r mer om norsk ost","publisher":{"@id":"https:\/\/ostelandet.no\/#organization"},"potentialAction":[{"@type":"SearchAction","target":{"@type":"EntryPoint","urlTemplate":"https:\/\/ostelandet.no\/?s={search_term_string}"},"query-input":{"@type":"PropertyValueSpecification","valueRequired":true,"valueName":"search_term_string"}}],"inLanguage":"en-US"},{"@type":"Organization","@id":"https:\/\/ostelandet.no\/#organization","name":"HANEN","url":"https:\/\/ostelandet.no\/","logo":{"@type":"ImageObject","inLanguage":"en-US","@id":"https:\/\/ostelandet.no\/#\/schema\/logo\/image\/","url":"https:\/\/ostelandet.no\/wp-content\/uploads\/2021\/09\/ostelandet_norge_2farger_mork_hierarkisk.png","contentUrl":"https:\/\/ostelandet.no\/wp-content\/uploads\/2021\/09\/ostelandet_norge_2farger_mork_hierarkisk.png","width":2062,"height":1223,"caption":"HANEN"},"image":{"@id":"https:\/\/ostelandet.no\/#\/schema\/logo\/image\/"},"sameAs":["https:\/\/www.facebook.com\/ostelandet-101474925294974","https:\/\/www.instagram.com\/ostelandet\/","https:\/\/www.linkedin.com\/showcase\/ostelandet-norge\/"]}]}},"_links":{"self":[{"href":"https:\/\/ostelandet.no\/en\/wp-json\/wp\/v2\/pages\/6242","targetHints":{"allow":["GET"]}}],"collection":[{"href":"https:\/\/ostelandet.no\/en\/wp-json\/wp\/v2\/pages"}],"about":[{"href":"https:\/\/ostelandet.no\/en\/wp-json\/wp\/v2\/types\/page"}],"author":[{"embeddable":true,"href":"https:\/\/ostelandet.no\/en\/wp-json\/wp\/v2\/users\/1"}],"replies":[{"embeddable":true,"href":"https:\/\/ostelandet.no\/en\/wp-json\/wp\/v2\/comments?post=6242"}],"version-history":[{"count":47,"href":"https:\/\/ostelandet.no\/en\/wp-json\/wp\/v2\/pages\/6242\/revisions"}],"predecessor-version":[{"id":6752,"href":"https:\/\/ostelandet.no\/en\/wp-json\/wp\/v2\/pages\/6242\/revisions\/6752"}],"wp:attachment":[{"href":"https:\/\/ostelandet.no\/en\/wp-json\/wp\/v2\/media?parent=6242"}],"curies":[{"name":"wp","href":"https:\/\/api.w.org\/{rel}","templated":true}]}}