{"id":5290,"date":"2021-08-05T17:18:03","date_gmt":"2021-08-05T15:18:03","guid":{"rendered":"https:\/\/ostelandet.no\/ost\/?page_id=5290"},"modified":"2024-11-26T16:18:33","modified_gmt":"2024-11-26T15:18:33","slug":"om-oss","status":"publish","type":"page","link":"https:\/\/ostelandet.no\/en\/om-oss\/","title":{"rendered":"About us"},"content":{"rendered":"<h1>\n\t\tABOUT US\n\t<\/h1>\n\t<p>&nbsp;<\/p>\n<p>Ostelandet Norge has been developed by HANEN, in close collaboration with Norsk gardsost. The entire value chain within the production and sale of Norwegian cheese has contributed both professionally and financially. This, together with support from Innovation Norway, has made it possible for us to realize this website for all Norwegian cheese.<\/p>\n<p>Ostelandet Norge er en hyllest til alle de flinke melkeb\u00f8ndene i Norge som produserer oster av verdens beste melk av n\u00e6ringsrikt lokalt f\u00f4r. Denne unike melka foredles enten lokalt hos bonden selv eller p\u00e5 st\u00f8rre ysterier. Dette arbeidet skjer med mange\u00e5rig solid kunnskap om ysterih\u00e5ndverket som er med \u00e5 gir den solide kvaliteten til de mange ostene. Ostelandet Norge \u00f8nsker \u00e5 vil l\u00f8fte fram for den matinteresserte norske forbruker den solide kvaliteten og det store mangfoldet av norske oster som finnes i dag.<\/p>\n<p>Now just explore and enjoy!<\/p>\n<p>&nbsp;<\/p>\n<h2>\n\t\tTHANKS TO OUR COOPERATION PARTNERS\n\t<\/h2>\n\t\t\t\t<a href=\"https:\/\/www.innovasjonnorge.no\/\" target=\"_self\" itemprop=\"url\" rel=\"noopener\">\n\t\t\t\t<img loading=\"lazy\" decoding=\"async\" src=\"https:\/\/ostelandet.no\/wp-content\/uploads\/2022\/12\/Svart-Sirkel-Bestikk-Restaurant-Logo-Enkel-11.png\" alt=\"Svart Sirkel Bestikk Restaurant Logo Enkel (11)\" itemprop=\"image\" height=\"500\" width=\"500\" title=\"Black Circle Cutlery Restaurant Logo Simple (11)\" onerror=\"this.style.display='none'\"  \/>\n\t\t\t\t<\/a>\n\t\t\t\t<a href=\"https:\/\/norskgardsost.no\/\" target=\"_self\" itemprop=\"url\" rel=\"noopener\">\n\t\t\t\t<img loading=\"lazy\" decoding=\"async\" src=\"https:\/\/ostelandet.no\/wp-content\/uploads\/2023\/01\/Logo-200-\u00d7-175-px-200-\u00d7-140-px-1.png\" alt=\"Logo (200 \u00d7 175\u00a0px) (200 \u00d7 140\u00a0px) (1)\" itemprop=\"image\" height=\"140\" width=\"200\" title=\"Logo (200 \u00d7 175 px) (200 \u00d7 140 px) (1)\" onerror=\"this.style.display='none'\"  \/>\n\t\t\t\t<\/a>\n\t\t\t\t<a href=\"https:\/\/meny.no\/\" target=\"_self\" itemprop=\"url\" rel=\"noopener\">\n\t\t\t\t<img loading=\"lazy\" decoding=\"async\" src=\"https:\/\/ostelandet.no\/wp-content\/uploads\/2022\/12\/Svart-Sirkel-Bestikk-Restaurant-Logo-Enkel-21.png\" alt=\"Svart Sirkel Bestikk Restaurant Logo Enkel (21)\" itemprop=\"image\" height=\"500\" width=\"500\" title=\"Black Circle Cutlery Restaurant Logo Simple (21)\" onerror=\"this.style.display='none'\"  \/>\n\t\t\t\t<\/a>\n\t\t\t\t<a href=\"https:\/\/www.tine.no\/\" target=\"_self\" itemprop=\"url\" rel=\"noopener\">\n\t\t\t\t<img loading=\"lazy\" decoding=\"async\" src=\"https:\/\/ostelandet.no\/wp-content\/uploads\/2023\/01\/Logo-200-\u00d7-175-px-200-\u00d7-140-px-3.png\" alt=\"Logo (200 \u00d7 175\u00a0px) (200 \u00d7 140\u00a0px) (3)\" itemprop=\"image\" height=\"140\" width=\"200\" title=\"Logo (200 \u00d7 175 px) (200 \u00d7 140 px) (3)\" onerror=\"this.style.display='none'\"  \/>\n\t\t\t\t<\/a>\n\t\t\t\t<a href=\"https:\/\/coop.no\/mega\/\" target=\"_self\" itemprop=\"url\" rel=\"noopener\">\n\t\t\t\t<img loading=\"lazy\" decoding=\"async\" src=\"https:\/\/ostelandet.no\/wp-content\/uploads\/2023\/01\/Logo-200-\u00d7-175-px-200-\u00d7-140-px-4.png\" alt=\"Logo (200 \u00d7 175\u00a0px) (200 \u00d7 140\u00a0px) (4)\" itemprop=\"image\" height=\"140\" width=\"200\" title=\"Logo (200 \u00d7 175 px) (200 \u00d7 140 px) (4)\" onerror=\"this.style.display='none'\"  \/>\n\t\t\t\t<\/a>\n\t\t\t\t<a href=\"https:\/\/www.synnove.no\/\" target=\"_self\" itemprop=\"url\" rel=\"noopener\">\n\t\t\t\t<img loading=\"lazy\" decoding=\"async\" src=\"https:\/\/ostelandet.no\/wp-content\/uploads\/2023\/01\/Logo-200-\u00d7-175-px-200-\u00d7-140-px-5.png\" alt=\"Logo (200 \u00d7 175\u00a0px) (200 \u00d7 140\u00a0px) (5)\" itemprop=\"image\" height=\"140\" width=\"200\" title=\"Logo (200 \u00d7 175 px) (200 \u00d7 140 px) (5)\" onerror=\"this.style.display='none'\"  \/>\n\t\t\t\t<\/a>\n\t\t\t\t<a href=\"https:\/\/www.rema.no\/\" target=\"_self\" itemprop=\"url\" rel=\"noopener\">\n\t\t\t\t<img loading=\"lazy\" decoding=\"async\" src=\"https:\/\/ostelandet.no\/wp-content\/uploads\/2023\/01\/Logo-200-\u00d7-175-px-200-\u00d7-140-px-6.png\" alt=\"Logo (200 \u00d7 175\u00a0px) (200 \u00d7 140\u00a0px) (6)\" itemprop=\"image\" height=\"140\" width=\"200\" title=\"Logo (200 \u00d7 175 px) (200 \u00d7 140 px) (6)\" onerror=\"this.style.display='none'\"  \/>\n\t\t\t\t<\/a>\n\t\t\t\t<a href=\"https:\/\/www.oluf.no\/\" target=\"_self\" itemprop=\"url\" rel=\"noopener\">\n\t\t\t\t<img loading=\"lazy\" decoding=\"async\" src=\"https:\/\/ostelandet.no\/wp-content\/uploads\/2022\/12\/Svart-Sirkel-Bestikk-Restaurant-Logo-Enkel-8.png\" alt=\"Svart Sirkel Bestikk Restaurant Logo Enkel (8)\" itemprop=\"image\" height=\"500\" width=\"500\" title=\"Black Circle Cutlery Restaurant Logo Simple (8)\" onerror=\"this.style.display='none'\"  \/>\n\t\t\t\t<\/a>","protected":false},"excerpt":{"rendered":"<p>OM OSS &nbsp; Ostelandet Norge er utviklet av HANEN, i n\u00e6rt samarbeid med Norsk gardsost. Hele verdikjeden innen produksjon og salg av norsk ost har bidratt b\u00e5de faglig og \u00f8konomisk. Dette, sammen med st\u00f8tte fra Innovasjon Norge har gjort det mulig for oss \u00e5 realisere dette nettstedet for all norsk ost. Ostelandet Norge er en&hellip;<\/p>","protected":false},"author":1,"featured_media":0,"parent":0,"menu_order":0,"comment_status":"closed","ping_status":"closed","template":"","meta":{"_acf_changed":false,"footnotes":""},"class_list":["post-5290","page","type-page","status-publish","hentry"],"acf":[],"yoast_head":"<!-- This site is optimized with the Yoast SEO plugin v26.1.1 - https:\/\/yoast.com\/wordpress\/plugins\/seo\/ -->\n<title>Om oss - Ostelandet Norge<\/title>\n<meta name=\"description\" content=\"OM OSS &nbsp; Ostelandet Norge er utviklet av HANEN, i n\u00e6rt samarbeid med Norsk gardsost. Hele verdikjeden innen produksjon og salg av norsk ost har\" \/>\n<meta name=\"robots\" content=\"index, follow, max-snippet:-1, max-image-preview:large, max-video-preview:-1\" \/>\n<link rel=\"canonical\" href=\"https:\/\/ostelandet.no\/en\/om-oss\/\" \/>\n<meta property=\"og:locale\" content=\"en_US\" \/>\n<meta property=\"og:type\" content=\"article\" \/>\n<meta property=\"og:title\" content=\"Om oss - Ostelandet Norge\" \/>\n<meta property=\"og:description\" content=\"OM OSS &nbsp; Ostelandet Norge er utviklet av HANEN, i n\u00e6rt samarbeid med Norsk gardsost. Hele verdikjeden innen produksjon og salg av norsk ost har\" \/>\n<meta property=\"og:url\" content=\"https:\/\/ostelandet.no\/en\/om-oss\/\" \/>\n<meta property=\"og:site_name\" content=\"Ostelandet Norge\" \/>\n<meta property=\"article:publisher\" content=\"https:\/\/www.facebook.com\/ostelandet-101474925294974\" \/>\n<meta property=\"article:modified_time\" content=\"2024-11-26T15:18:33+00:00\" \/>\n<meta property=\"og:image\" content=\"https:\/\/ostelandet.no\/wp-content\/uploads\/2022\/12\/Svart-Sirkel-Bestikk-Restaurant-Logo-Enkel-11.png\" \/>\n<meta name=\"twitter:card\" content=\"summary_large_image\" \/>\n<meta name=\"twitter:label1\" content=\"Est. reading time\" \/>\n\t<meta name=\"twitter:data1\" content=\"1 minute\" \/>\n<script type=\"application\/ld+json\" class=\"yoast-schema-graph\">{\"@context\":\"https:\/\/schema.org\",\"@graph\":[{\"@type\":\"WebPage\",\"@id\":\"https:\/\/ostelandet.no\/om-oss\/\",\"url\":\"https:\/\/ostelandet.no\/om-oss\/\",\"name\":\"Om oss - Ostelandet Norge\",\"isPartOf\":{\"@id\":\"https:\/\/ostelandet.no\/#website\"},\"primaryImageOfPage\":{\"@id\":\"https:\/\/ostelandet.no\/om-oss\/#primaryimage\"},\"image\":{\"@id\":\"https:\/\/ostelandet.no\/om-oss\/#primaryimage\"},\"thumbnailUrl\":\"https:\/\/ostelandet.no\/wp-content\/uploads\/2022\/12\/Svart-Sirkel-Bestikk-Restaurant-Logo-Enkel-11.png\",\"datePublished\":\"2021-08-05T15:18:03+00:00\",\"dateModified\":\"2024-11-26T15:18:33+00:00\",\"description\":\"OM OSS &nbsp; Ostelandet Norge er utviklet av HANEN, i n\u00e6rt samarbeid med Norsk gardsost. Hele verdikjeden innen produksjon og salg av norsk ost har\",\"breadcrumb\":{\"@id\":\"https:\/\/ostelandet.no\/om-oss\/#breadcrumb\"},\"inLanguage\":\"en-US\",\"potentialAction\":[{\"@type\":\"ReadAction\",\"target\":[\"https:\/\/ostelandet.no\/om-oss\/\"]}]},{\"@type\":\"ImageObject\",\"inLanguage\":\"en-US\",\"@id\":\"https:\/\/ostelandet.no\/om-oss\/#primaryimage\",\"url\":\"https:\/\/ostelandet.no\/wp-content\/uploads\/2022\/12\/Svart-Sirkel-Bestikk-Restaurant-Logo-Enkel-11.png\",\"contentUrl\":\"https:\/\/ostelandet.no\/wp-content\/uploads\/2022\/12\/Svart-Sirkel-Bestikk-Restaurant-Logo-Enkel-11.png\"},{\"@type\":\"BreadcrumbList\",\"@id\":\"https:\/\/ostelandet.no\/om-oss\/#breadcrumb\",\"itemListElement\":[{\"@type\":\"ListItem\",\"position\":1,\"name\":\"Hjem\",\"item\":\"https:\/\/ostelandet.no\/\"},{\"@type\":\"ListItem\",\"position\":2,\"name\":\"Om oss\"}]},{\"@type\":\"WebSite\",\"@id\":\"https:\/\/ostelandet.no\/#website\",\"url\":\"https:\/\/ostelandet.no\/\",\"name\":\"Ostelandet Norge\",\"description\":\"- L\u00e6r mer om norsk ost\",\"publisher\":{\"@id\":\"https:\/\/ostelandet.no\/#organization\"},\"potentialAction\":[{\"@type\":\"SearchAction\",\"target\":{\"@type\":\"EntryPoint\",\"urlTemplate\":\"https:\/\/ostelandet.no\/?s={search_term_string}\"},\"query-input\":{\"@type\":\"PropertyValueSpecification\",\"valueRequired\":true,\"valueName\":\"search_term_string\"}}],\"inLanguage\":\"en-US\"},{\"@type\":\"Organization\",\"@id\":\"https:\/\/ostelandet.no\/#organization\",\"name\":\"HANEN\",\"url\":\"https:\/\/ostelandet.no\/\",\"logo\":{\"@type\":\"ImageObject\",\"inLanguage\":\"en-US\",\"@id\":\"https:\/\/ostelandet.no\/#\/schema\/logo\/image\/\",\"url\":\"https:\/\/ostelandet.no\/wp-content\/uploads\/2021\/09\/ostelandet_norge_2farger_mork_hierarkisk.png\",\"contentUrl\":\"https:\/\/ostelandet.no\/wp-content\/uploads\/2021\/09\/ostelandet_norge_2farger_mork_hierarkisk.png\",\"width\":2062,\"height\":1223,\"caption\":\"HANEN\"},\"image\":{\"@id\":\"https:\/\/ostelandet.no\/#\/schema\/logo\/image\/\"},\"sameAs\":[\"https:\/\/www.facebook.com\/ostelandet-101474925294974\",\"https:\/\/www.instagram.com\/ostelandet\/\",\"https:\/\/www.linkedin.com\/showcase\/ostelandet-norge\/\"]}]}<\/script>\n<!-- \/ Yoast SEO plugin. -->","yoast_head_json":{"title":"Om oss - Ostelandet Norge","description":"OM OSS &nbsp; Ostelandet Norge er utviklet av HANEN, i n\u00e6rt samarbeid med Norsk gardsost. Hele verdikjeden innen produksjon og salg av norsk ost har","robots":{"index":"index","follow":"follow","max-snippet":"max-snippet:-1","max-image-preview":"max-image-preview:large","max-video-preview":"max-video-preview:-1"},"canonical":"https:\/\/ostelandet.no\/en\/om-oss\/","og_locale":"en_US","og_type":"article","og_title":"Om oss - Ostelandet Norge","og_description":"OM OSS &nbsp; Ostelandet Norge er utviklet av HANEN, i n\u00e6rt samarbeid med Norsk gardsost. Hele verdikjeden innen produksjon og salg av norsk ost har","og_url":"https:\/\/ostelandet.no\/en\/om-oss\/","og_site_name":"Ostelandet Norge","article_publisher":"https:\/\/www.facebook.com\/ostelandet-101474925294974","article_modified_time":"2024-11-26T15:18:33+00:00","og_image":[{"url":"https:\/\/ostelandet.no\/wp-content\/uploads\/2022\/12\/Svart-Sirkel-Bestikk-Restaurant-Logo-Enkel-11.png","type":"","width":"","height":""}],"twitter_card":"summary_large_image","twitter_misc":{"Est. reading time":"1 minute"},"schema":{"@context":"https:\/\/schema.org","@graph":[{"@type":"WebPage","@id":"https:\/\/ostelandet.no\/om-oss\/","url":"https:\/\/ostelandet.no\/om-oss\/","name":"Om oss - Ostelandet Norge","isPartOf":{"@id":"https:\/\/ostelandet.no\/#website"},"primaryImageOfPage":{"@id":"https:\/\/ostelandet.no\/om-oss\/#primaryimage"},"image":{"@id":"https:\/\/ostelandet.no\/om-oss\/#primaryimage"},"thumbnailUrl":"https:\/\/ostelandet.no\/wp-content\/uploads\/2022\/12\/Svart-Sirkel-Bestikk-Restaurant-Logo-Enkel-11.png","datePublished":"2021-08-05T15:18:03+00:00","dateModified":"2024-11-26T15:18:33+00:00","description":"OM OSS &nbsp; Ostelandet Norge er utviklet av HANEN, i n\u00e6rt samarbeid med Norsk gardsost. Hele verdikjeden innen produksjon og salg av norsk ost har","breadcrumb":{"@id":"https:\/\/ostelandet.no\/om-oss\/#breadcrumb"},"inLanguage":"en-US","potentialAction":[{"@type":"ReadAction","target":["https:\/\/ostelandet.no\/om-oss\/"]}]},{"@type":"ImageObject","inLanguage":"en-US","@id":"https:\/\/ostelandet.no\/om-oss\/#primaryimage","url":"https:\/\/ostelandet.no\/wp-content\/uploads\/2022\/12\/Svart-Sirkel-Bestikk-Restaurant-Logo-Enkel-11.png","contentUrl":"https:\/\/ostelandet.no\/wp-content\/uploads\/2022\/12\/Svart-Sirkel-Bestikk-Restaurant-Logo-Enkel-11.png"},{"@type":"BreadcrumbList","@id":"https:\/\/ostelandet.no\/om-oss\/#breadcrumb","itemListElement":[{"@type":"ListItem","position":1,"name":"Hjem","item":"https:\/\/ostelandet.no\/"},{"@type":"ListItem","position":2,"name":"Om oss"}]},{"@type":"WebSite","@id":"https:\/\/ostelandet.no\/#website","url":"https:\/\/ostelandet.no\/","name":"Ostelandet Norge","description":"- L\u00e6r mer om norsk ost","publisher":{"@id":"https:\/\/ostelandet.no\/#organization"},"potentialAction":[{"@type":"SearchAction","target":{"@type":"EntryPoint","urlTemplate":"https:\/\/ostelandet.no\/?s={search_term_string}"},"query-input":{"@type":"PropertyValueSpecification","valueRequired":true,"valueName":"search_term_string"}}],"inLanguage":"en-US"},{"@type":"Organization","@id":"https:\/\/ostelandet.no\/#organization","name":"HANEN","url":"https:\/\/ostelandet.no\/","logo":{"@type":"ImageObject","inLanguage":"en-US","@id":"https:\/\/ostelandet.no\/#\/schema\/logo\/image\/","url":"https:\/\/ostelandet.no\/wp-content\/uploads\/2021\/09\/ostelandet_norge_2farger_mork_hierarkisk.png","contentUrl":"https:\/\/ostelandet.no\/wp-content\/uploads\/2021\/09\/ostelandet_norge_2farger_mork_hierarkisk.png","width":2062,"height":1223,"caption":"HANEN"},"image":{"@id":"https:\/\/ostelandet.no\/#\/schema\/logo\/image\/"},"sameAs":["https:\/\/www.facebook.com\/ostelandet-101474925294974","https:\/\/www.instagram.com\/ostelandet\/","https:\/\/www.linkedin.com\/showcase\/ostelandet-norge\/"]}]}},"_links":{"self":[{"href":"https:\/\/ostelandet.no\/en\/wp-json\/wp\/v2\/pages\/5290","targetHints":{"allow":["GET"]}}],"collection":[{"href":"https:\/\/ostelandet.no\/en\/wp-json\/wp\/v2\/pages"}],"about":[{"href":"https:\/\/ostelandet.no\/en\/wp-json\/wp\/v2\/types\/page"}],"author":[{"embeddable":true,"href":"https:\/\/ostelandet.no\/en\/wp-json\/wp\/v2\/users\/1"}],"replies":[{"embeddable":true,"href":"https:\/\/ostelandet.no\/en\/wp-json\/wp\/v2\/comments?post=5290"}],"version-history":[{"count":20,"href":"https:\/\/ostelandet.no\/en\/wp-json\/wp\/v2\/pages\/5290\/revisions"}],"predecessor-version":[{"id":12394,"href":"https:\/\/ostelandet.no\/en\/wp-json\/wp\/v2\/pages\/5290\/revisions\/12394"}],"wp:attachment":[{"href":"https:\/\/ostelandet.no\/en\/wp-json\/wp\/v2\/media?parent=5290"}],"curies":[{"name":"wp","href":"https:\/\/api.w.org\/{rel}","templated":true}]}}