{"id":1376,"date":"2021-01-06T18:02:45","date_gmt":"2021-01-06T17:02:45","guid":{"rendered":"http:\/\/ostelandet.no\/ost\/?page_id=1376"},"modified":"2023-01-30T14:27:17","modified_gmt":"2023-01-30T13:27:17","slug":"smakshjul-ost","status":"publish","type":"page","link":"https:\/\/ostelandet.no\/en\/smakshjul-ost\/","title":{"rendered":"Cheese tasting wheel"},"content":{"rendered":"<h1>\n\t\tCHEESE TASTING WHEEL\n\t<\/h1>\n\t<p><em>Many people find it difficult to describe the tastes and smells of what they eat. By becoming aware of what we taste and smell, we will get even more out of the taste experience. In addition, we may want to find more products with the same qualities we like and perhaps discover a new favourite? To teach you to become a &quot;better taster&quot;, a tip might be to start by smelling more of what you surround yourself with.\u00a0<\/em><\/p>\n\t\t\t\t<img loading=\"lazy\" decoding=\"async\" src=\"https:\/\/ostelandet.no\/wp-content\/uploads\/2021\/08\/Ostehjulet-logo-mork-1-1015x1024.png\" alt=\"Ostelandets smakshjul for ost\" itemprop=\"image\" height=\"1024\" width=\"1015\" title=\"Cheesewheel-logo-dark\" onerror=\"this.style.display='none'\"  \/>\n<h2>\n\t\tOstelandet&#039;s taste wheel:\n\t<\/h2>\n\t<p>Ostelandet has put together a tasting wheel that can help you taste cheese and learn to recognize which cheeses you like. We have also added a recommendation for which drink can go with the different types of cheese. Below is also a downloadable version that you can print and use as a reference work. Or maybe you want to use it as a tool at the cheese party?<\/p>\n<h2>\n\t\tHow to use the flavor wheel:\n\t<\/h2>\n\t<p><strong>CHEESE TYPE:<\/strong> In the two innermost circles you will find the cheese type, milk type or flavor intensity.<\/p>\n<p><strong>TASTE AND SMELL:<\/strong> The middle circle shows you which flavors to look for.<\/p>\n<p><strong>DRINK:<\/strong> In the outermost circle, you get a clue as to which drink can go well with it.<\/p>\n<h1>\n\t\tTIPS:\n\t<\/h1>\n\t<p><em>Take the cheeses out an hour before the tasting so that they bring out the smell and taste<\/em><\/p>\n<p><em>There is often a lot of flavor in the crust, so you can use this to regulate the flavor if you wish.<\/em><\/p>\n\t<p>Perhaps you are also interested in reading about <a href=\"https:\/\/ostelandet.no\/en\/hvordan-sette-sammen-et-ostefat\/\">&laquo;hvordan sette sammen et ostefat&raquo;<\/a> or\u00a0 <a href=\"https:\/\/ostelandet.no\/en\/4-tips-til-osteelskeren\/\">&laquo;tips til osteelskeren<\/a>\u00ab<\/p>","protected":false},"excerpt":{"rendered":"<p>SMAKSHJUL OST Mange synes det er vanskelig \u00e5 beskrive smakene og luktene p\u00e5 det de spiser. Ved \u00e5 bli bevisst p\u00e5 hva vi smaker og lukter vil vi f\u00e5 enda mer ut av smaksopplevelsen. I tillegg vil vi kanskje finne flere produkter med de samme kvalitetene vi liker og kanskje oppdage en ny favoritt? For&hellip;<\/p>","protected":false},"author":1,"featured_media":5739,"parent":0,"menu_order":0,"comment_status":"closed","ping_status":"closed","template":"","meta":{"_acf_changed":false,"footnotes":""},"class_list":["post-1376","page","type-page","status-publish","has-post-thumbnail","hentry"],"acf":[],"yoast_head":"<!-- This site is optimized with the Yoast SEO plugin v26.1.1 - https:\/\/yoast.com\/wordpress\/plugins\/seo\/ -->\n<title>Smakshjul ost - Ostelandet Norge - smakshjul - l\u00e6r \u00e5 smake p\u00e5 ost<\/title>\n<meta name=\"description\" content=\"Se kjennetegn ved ostetypene, kjenn igjen lukt og smaker, og se hvilken drikke som passer sammen med de ulike ostene.\" \/>\n<meta name=\"robots\" content=\"index, follow, max-snippet:-1, max-image-preview:large, max-video-preview:-1\" \/>\n<link rel=\"canonical\" href=\"https:\/\/ostelandet.no\/en\/smakshjul-ost\/\" \/>\n<meta property=\"og:locale\" content=\"en_US\" \/>\n<meta property=\"og:type\" content=\"article\" \/>\n<meta property=\"og:title\" content=\"Smakshjul ost - Ostelandet Norge - smakshjul - l\u00e6r \u00e5 smake p\u00e5 ost\" \/>\n<meta property=\"og:description\" content=\"Se kjennetegn ved ostetypene, kjenn igjen lukt og smaker, og se hvilken drikke som passer sammen med de ulike ostene.\" \/>\n<meta property=\"og:url\" content=\"https:\/\/ostelandet.no\/en\/smakshjul-ost\/\" \/>\n<meta property=\"og:site_name\" content=\"Ostelandet Norge\" \/>\n<meta property=\"article:publisher\" content=\"https:\/\/www.facebook.com\/ostelandet-101474925294974\" \/>\n<meta property=\"article:modified_time\" content=\"2023-01-30T13:27:17+00:00\" \/>\n<meta property=\"og:image\" content=\"https:\/\/ostelandet.no\/wp-content\/uploads\/2021\/08\/Ostehjulet-logo-mork.png\" \/>\n\t<meta property=\"og:image:width\" content=\"3508\" \/>\n\t<meta property=\"og:image:height\" content=\"2453\" \/>\n\t<meta property=\"og:image:type\" content=\"image\/png\" \/>\n<meta name=\"twitter:card\" content=\"summary_large_image\" \/>\n<meta name=\"twitter:label1\" content=\"Est. reading time\" \/>\n\t<meta name=\"twitter:data1\" content=\"2 minutes\" \/>\n<script type=\"application\/ld+json\" class=\"yoast-schema-graph\">{\"@context\":\"https:\/\/schema.org\",\"@graph\":[{\"@type\":\"WebPage\",\"@id\":\"https:\/\/ostelandet.no\/smakshjul-ost\/\",\"url\":\"https:\/\/ostelandet.no\/smakshjul-ost\/\",\"name\":\"Smakshjul ost - Ostelandet Norge - smakshjul - l\u00e6r \u00e5 smake p\u00e5 ost\",\"isPartOf\":{\"@id\":\"https:\/\/ostelandet.no\/#website\"},\"primaryImageOfPage\":{\"@id\":\"https:\/\/ostelandet.no\/smakshjul-ost\/#primaryimage\"},\"image\":{\"@id\":\"https:\/\/ostelandet.no\/smakshjul-ost\/#primaryimage\"},\"thumbnailUrl\":\"https:\/\/ostelandet.no\/wp-content\/uploads\/2021\/08\/Ostehjulet-logo-mork.png\",\"datePublished\":\"2021-01-06T17:02:45+00:00\",\"dateModified\":\"2023-01-30T13:27:17+00:00\",\"description\":\"Se kjennetegn ved ostetypene, kjenn igjen lukt og smaker, og se hvilken drikke som passer sammen med de ulike ostene.\",\"breadcrumb\":{\"@id\":\"https:\/\/ostelandet.no\/smakshjul-ost\/#breadcrumb\"},\"inLanguage\":\"en-US\",\"potentialAction\":[{\"@type\":\"ReadAction\",\"target\":[\"https:\/\/ostelandet.no\/smakshjul-ost\/\"]}]},{\"@type\":\"ImageObject\",\"inLanguage\":\"en-US\",\"@id\":\"https:\/\/ostelandet.no\/smakshjul-ost\/#primaryimage\",\"url\":\"https:\/\/ostelandet.no\/wp-content\/uploads\/2021\/08\/Ostehjulet-logo-mork.png\",\"contentUrl\":\"https:\/\/ostelandet.no\/wp-content\/uploads\/2021\/08\/Ostehjulet-logo-mork.png\",\"width\":3508,\"height\":2453,\"caption\":\"Ostelandets smakshjul\"},{\"@type\":\"BreadcrumbList\",\"@id\":\"https:\/\/ostelandet.no\/smakshjul-ost\/#breadcrumb\",\"itemListElement\":[{\"@type\":\"ListItem\",\"position\":1,\"name\":\"Hjem\",\"item\":\"https:\/\/ostelandet.no\/\"},{\"@type\":\"ListItem\",\"position\":2,\"name\":\"Smakshjul ost\"}]},{\"@type\":\"WebSite\",\"@id\":\"https:\/\/ostelandet.no\/#website\",\"url\":\"https:\/\/ostelandet.no\/\",\"name\":\"Ostelandet Norge\",\"description\":\"- L\u00e6r mer om norsk ost\",\"publisher\":{\"@id\":\"https:\/\/ostelandet.no\/#organization\"},\"potentialAction\":[{\"@type\":\"SearchAction\",\"target\":{\"@type\":\"EntryPoint\",\"urlTemplate\":\"https:\/\/ostelandet.no\/?s={search_term_string}\"},\"query-input\":{\"@type\":\"PropertyValueSpecification\",\"valueRequired\":true,\"valueName\":\"search_term_string\"}}],\"inLanguage\":\"en-US\"},{\"@type\":\"Organization\",\"@id\":\"https:\/\/ostelandet.no\/#organization\",\"name\":\"HANEN\",\"url\":\"https:\/\/ostelandet.no\/\",\"logo\":{\"@type\":\"ImageObject\",\"inLanguage\":\"en-US\",\"@id\":\"https:\/\/ostelandet.no\/#\/schema\/logo\/image\/\",\"url\":\"https:\/\/ostelandet.no\/wp-content\/uploads\/2021\/09\/ostelandet_norge_2farger_mork_hierarkisk.png\",\"contentUrl\":\"https:\/\/ostelandet.no\/wp-content\/uploads\/2021\/09\/ostelandet_norge_2farger_mork_hierarkisk.png\",\"width\":2062,\"height\":1223,\"caption\":\"HANEN\"},\"image\":{\"@id\":\"https:\/\/ostelandet.no\/#\/schema\/logo\/image\/\"},\"sameAs\":[\"https:\/\/www.facebook.com\/ostelandet-101474925294974\",\"https:\/\/www.instagram.com\/ostelandet\/\",\"https:\/\/www.linkedin.com\/showcase\/ostelandet-norge\/\"]}]}<\/script>\n<!-- \/ Yoast SEO plugin. -->","yoast_head_json":{"title":"Smakshjul ost - Ostelandet Norge - smakshjul - l\u00e6r \u00e5 smake p\u00e5 ost","description":"Se kjennetegn ved ostetypene, kjenn igjen lukt og smaker, og se hvilken drikke som passer sammen med de ulike ostene.","robots":{"index":"index","follow":"follow","max-snippet":"max-snippet:-1","max-image-preview":"max-image-preview:large","max-video-preview":"max-video-preview:-1"},"canonical":"https:\/\/ostelandet.no\/en\/smakshjul-ost\/","og_locale":"en_US","og_type":"article","og_title":"Smakshjul ost - Ostelandet Norge - smakshjul - l\u00e6r \u00e5 smake p\u00e5 ost","og_description":"Se kjennetegn ved ostetypene, kjenn igjen lukt og smaker, og se hvilken drikke som passer sammen med de ulike ostene.","og_url":"https:\/\/ostelandet.no\/en\/smakshjul-ost\/","og_site_name":"Ostelandet Norge","article_publisher":"https:\/\/www.facebook.com\/ostelandet-101474925294974","article_modified_time":"2023-01-30T13:27:17+00:00","og_image":[{"width":3508,"height":2453,"url":"https:\/\/ostelandet.no\/wp-content\/uploads\/2021\/08\/Ostehjulet-logo-mork.png","type":"image\/png"}],"twitter_card":"summary_large_image","twitter_misc":{"Est. reading time":"2 minutes"},"schema":{"@context":"https:\/\/schema.org","@graph":[{"@type":"WebPage","@id":"https:\/\/ostelandet.no\/smakshjul-ost\/","url":"https:\/\/ostelandet.no\/smakshjul-ost\/","name":"Smakshjul ost - Ostelandet Norge - smakshjul - l\u00e6r \u00e5 smake p\u00e5 ost","isPartOf":{"@id":"https:\/\/ostelandet.no\/#website"},"primaryImageOfPage":{"@id":"https:\/\/ostelandet.no\/smakshjul-ost\/#primaryimage"},"image":{"@id":"https:\/\/ostelandet.no\/smakshjul-ost\/#primaryimage"},"thumbnailUrl":"https:\/\/ostelandet.no\/wp-content\/uploads\/2021\/08\/Ostehjulet-logo-mork.png","datePublished":"2021-01-06T17:02:45+00:00","dateModified":"2023-01-30T13:27:17+00:00","description":"Se kjennetegn ved ostetypene, kjenn igjen lukt og smaker, og se hvilken drikke som passer sammen med de ulike ostene.","breadcrumb":{"@id":"https:\/\/ostelandet.no\/smakshjul-ost\/#breadcrumb"},"inLanguage":"en-US","potentialAction":[{"@type":"ReadAction","target":["https:\/\/ostelandet.no\/smakshjul-ost\/"]}]},{"@type":"ImageObject","inLanguage":"en-US","@id":"https:\/\/ostelandet.no\/smakshjul-ost\/#primaryimage","url":"https:\/\/ostelandet.no\/wp-content\/uploads\/2021\/08\/Ostehjulet-logo-mork.png","contentUrl":"https:\/\/ostelandet.no\/wp-content\/uploads\/2021\/08\/Ostehjulet-logo-mork.png","width":3508,"height":2453,"caption":"Ostelandets smakshjul"},{"@type":"BreadcrumbList","@id":"https:\/\/ostelandet.no\/smakshjul-ost\/#breadcrumb","itemListElement":[{"@type":"ListItem","position":1,"name":"Hjem","item":"https:\/\/ostelandet.no\/"},{"@type":"ListItem","position":2,"name":"Smakshjul ost"}]},{"@type":"WebSite","@id":"https:\/\/ostelandet.no\/#website","url":"https:\/\/ostelandet.no\/","name":"Ostelandet Norge","description":"- L\u00e6r mer om norsk ost","publisher":{"@id":"https:\/\/ostelandet.no\/#organization"},"potentialAction":[{"@type":"SearchAction","target":{"@type":"EntryPoint","urlTemplate":"https:\/\/ostelandet.no\/?s={search_term_string}"},"query-input":{"@type":"PropertyValueSpecification","valueRequired":true,"valueName":"search_term_string"}}],"inLanguage":"en-US"},{"@type":"Organization","@id":"https:\/\/ostelandet.no\/#organization","name":"HANEN","url":"https:\/\/ostelandet.no\/","logo":{"@type":"ImageObject","inLanguage":"en-US","@id":"https:\/\/ostelandet.no\/#\/schema\/logo\/image\/","url":"https:\/\/ostelandet.no\/wp-content\/uploads\/2021\/09\/ostelandet_norge_2farger_mork_hierarkisk.png","contentUrl":"https:\/\/ostelandet.no\/wp-content\/uploads\/2021\/09\/ostelandet_norge_2farger_mork_hierarkisk.png","width":2062,"height":1223,"caption":"HANEN"},"image":{"@id":"https:\/\/ostelandet.no\/#\/schema\/logo\/image\/"},"sameAs":["https:\/\/www.facebook.com\/ostelandet-101474925294974","https:\/\/www.instagram.com\/ostelandet\/","https:\/\/www.linkedin.com\/showcase\/ostelandet-norge\/"]}]}},"_links":{"self":[{"href":"https:\/\/ostelandet.no\/en\/wp-json\/wp\/v2\/pages\/1376","targetHints":{"allow":["GET"]}}],"collection":[{"href":"https:\/\/ostelandet.no\/en\/wp-json\/wp\/v2\/pages"}],"about":[{"href":"https:\/\/ostelandet.no\/en\/wp-json\/wp\/v2\/types\/page"}],"author":[{"embeddable":true,"href":"https:\/\/ostelandet.no\/en\/wp-json\/wp\/v2\/users\/1"}],"replies":[{"embeddable":true,"href":"https:\/\/ostelandet.no\/en\/wp-json\/wp\/v2\/comments?post=1376"}],"version-history":[{"count":28,"href":"https:\/\/ostelandet.no\/en\/wp-json\/wp\/v2\/pages\/1376\/revisions"}],"predecessor-version":[{"id":7783,"href":"https:\/\/ostelandet.no\/en\/wp-json\/wp\/v2\/pages\/1376\/revisions\/7783"}],"wp:featuredmedia":[{"embeddable":true,"href":"https:\/\/ostelandet.no\/en\/wp-json\/wp\/v2\/media\/5739"}],"wp:attachment":[{"href":"https:\/\/ostelandet.no\/en\/wp-json\/wp\/v2\/media?parent=1376"}],"curies":[{"name":"wp","href":"https:\/\/api.w.org\/{rel}","templated":true}]}}