{"id":1230,"date":"2020-11-23T12:54:11","date_gmt":"2020-11-23T11:54:11","guid":{"rendered":"http:\/\/ostelandet.no\/ost\/?page_id=1230"},"modified":"2024-02-23T09:58:19","modified_gmt":"2024-02-23T08:58:19","slug":"osteprat","status":"publish","type":"page","link":"https:\/\/ostelandet.no\/en\/osteprat\/","title":{"rendered":"Cheese talk"},"content":{"rendered":"<h1>\n\t\tCheese talk\n\t<\/h1>","protected":false},"excerpt":{"rendered":"<p>Cheese talk<\/p>","protected":false},"author":1,"featured_media":7182,"parent":0,"menu_order":0,"comment_status":"closed","ping_status":"closed","template":"","meta":{"_acf_changed":false,"footnotes":""},"class_list":["post-1230","page","type-page","status-publish","has-post-thumbnail","hentry"],"acf":[],"yoast_head":"<!-- This site is optimized with the Yoast SEO plugin v26.1.1 - https:\/\/yoast.com\/wordpress\/plugins\/seo\/ -->\n<title>Osteprat - Ostelandet Norge<\/title>\n<meta name=\"description\" content=\"Oppdag skulte osteperler og se n\u00e5r st\u00f8len er \u00e5pen\" \/>\n<meta name=\"robots\" content=\"index, follow, max-snippet:-1, max-image-preview:large, max-video-preview:-1\" \/>\n<link rel=\"canonical\" href=\"https:\/\/ostelandet.no\/en\/osteprat\/\" \/>\n<meta property=\"og:locale\" content=\"en_US\" \/>\n<meta property=\"og:type\" content=\"article\" \/>\n<meta property=\"og:title\" content=\"Osteprat - Ostelandet Norge\" \/>\n<meta property=\"og:description\" content=\"Oppdag skulte osteperler og se n\u00e5r st\u00f8len er \u00e5pen\" \/>\n<meta property=\"og:url\" content=\"https:\/\/ostelandet.no\/en\/osteprat\/\" \/>\n<meta property=\"og:site_name\" content=\"Ostelandet Norge\" \/>\n<meta property=\"article:publisher\" content=\"https:\/\/www.facebook.com\/ostelandet-101474925294974\" \/>\n<meta property=\"article:modified_time\" content=\"2024-02-23T08:58:19+00:00\" \/>\n<meta property=\"og:image\" content=\"https:\/\/ostelandet.no\/wp-content\/uploads\/2022\/06\/GY-28-scaled.jpeg\" \/>\n\t<meta property=\"og:image:width\" content=\"1707\" \/>\n\t<meta property=\"og:image:height\" content=\"2560\" \/>\n\t<meta property=\"og:image:type\" content=\"image\/jpeg\" \/>\n<meta name=\"twitter:card\" content=\"summary_large_image\" \/>\n<meta name=\"twitter:label1\" content=\"Est. reading time\" \/>\n\t<meta name=\"twitter:data1\" content=\"5 minutes\" \/>\n<script type=\"application\/ld+json\" class=\"yoast-schema-graph\">{\"@context\":\"https:\/\/schema.org\",\"@graph\":[{\"@type\":\"WebPage\",\"@id\":\"https:\/\/ostelandet.no\/osteprat\/\",\"url\":\"https:\/\/ostelandet.no\/osteprat\/\",\"name\":\"Osteprat - Ostelandet Norge\",\"isPartOf\":{\"@id\":\"https:\/\/ostelandet.no\/#website\"},\"primaryImageOfPage\":{\"@id\":\"https:\/\/ostelandet.no\/osteprat\/#primaryimage\"},\"image\":{\"@id\":\"https:\/\/ostelandet.no\/osteprat\/#primaryimage\"},\"thumbnailUrl\":\"https:\/\/ostelandet.no\/wp-content\/uploads\/2022\/06\/GY-28-scaled.jpeg\",\"datePublished\":\"2020-11-23T11:54:11+00:00\",\"dateModified\":\"2024-02-23T08:58:19+00:00\",\"description\":\"Oppdag skulte osteperler og se n\u00e5r st\u00f8len er \u00e5pen\",\"breadcrumb\":{\"@id\":\"https:\/\/ostelandet.no\/osteprat\/#breadcrumb\"},\"inLanguage\":\"en-US\",\"potentialAction\":[{\"@type\":\"ReadAction\",\"target\":[\"https:\/\/ostelandet.no\/osteprat\/\"]}]},{\"@type\":\"ImageObject\",\"inLanguage\":\"en-US\",\"@id\":\"https:\/\/ostelandet.no\/osteprat\/#primaryimage\",\"url\":\"https:\/\/ostelandet.no\/wp-content\/uploads\/2022\/06\/GY-28-scaled.jpeg\",\"contentUrl\":\"https:\/\/ostelandet.no\/wp-content\/uploads\/2022\/06\/GY-28-scaled.jpeg\",\"width\":1707,\"height\":2560},{\"@type\":\"BreadcrumbList\",\"@id\":\"https:\/\/ostelandet.no\/osteprat\/#breadcrumb\",\"itemListElement\":[{\"@type\":\"ListItem\",\"position\":1,\"name\":\"Hjem\",\"item\":\"https:\/\/ostelandet.no\/\"},{\"@type\":\"ListItem\",\"position\":2,\"name\":\"Osteprat\"}]},{\"@type\":\"WebSite\",\"@id\":\"https:\/\/ostelandet.no\/#website\",\"url\":\"https:\/\/ostelandet.no\/\",\"name\":\"Ostelandet Norge\",\"description\":\"- L\u00e6r mer om norsk ost\",\"publisher\":{\"@id\":\"https:\/\/ostelandet.no\/#organization\"},\"potentialAction\":[{\"@type\":\"SearchAction\",\"target\":{\"@type\":\"EntryPoint\",\"urlTemplate\":\"https:\/\/ostelandet.no\/?s={search_term_string}\"},\"query-input\":{\"@type\":\"PropertyValueSpecification\",\"valueRequired\":true,\"valueName\":\"search_term_string\"}}],\"inLanguage\":\"en-US\"},{\"@type\":\"Organization\",\"@id\":\"https:\/\/ostelandet.no\/#organization\",\"name\":\"HANEN\",\"url\":\"https:\/\/ostelandet.no\/\",\"logo\":{\"@type\":\"ImageObject\",\"inLanguage\":\"en-US\",\"@id\":\"https:\/\/ostelandet.no\/#\/schema\/logo\/image\/\",\"url\":\"https:\/\/ostelandet.no\/wp-content\/uploads\/2021\/09\/ostelandet_norge_2farger_mork_hierarkisk.png\",\"contentUrl\":\"https:\/\/ostelandet.no\/wp-content\/uploads\/2021\/09\/ostelandet_norge_2farger_mork_hierarkisk.png\",\"width\":2062,\"height\":1223,\"caption\":\"HANEN\"},\"image\":{\"@id\":\"https:\/\/ostelandet.no\/#\/schema\/logo\/image\/\"},\"sameAs\":[\"https:\/\/www.facebook.com\/ostelandet-101474925294974\",\"https:\/\/www.instagram.com\/ostelandet\/\",\"https:\/\/www.linkedin.com\/showcase\/ostelandet-norge\/\"]}]}<\/script>\n<!-- \/ Yoast SEO plugin. -->","yoast_head_json":{"title":"Osteprat - Ostelandet Norge","description":"Oppdag skulte osteperler og se n\u00e5r st\u00f8len er \u00e5pen","robots":{"index":"index","follow":"follow","max-snippet":"max-snippet:-1","max-image-preview":"max-image-preview:large","max-video-preview":"max-video-preview:-1"},"canonical":"https:\/\/ostelandet.no\/en\/osteprat\/","og_locale":"en_US","og_type":"article","og_title":"Osteprat - Ostelandet Norge","og_description":"Oppdag skulte osteperler og se n\u00e5r st\u00f8len er \u00e5pen","og_url":"https:\/\/ostelandet.no\/en\/osteprat\/","og_site_name":"Ostelandet Norge","article_publisher":"https:\/\/www.facebook.com\/ostelandet-101474925294974","article_modified_time":"2024-02-23T08:58:19+00:00","og_image":[{"width":1707,"height":2560,"url":"https:\/\/ostelandet.no\/wp-content\/uploads\/2022\/06\/GY-28-scaled.jpeg","type":"image\/jpeg"}],"twitter_card":"summary_large_image","twitter_misc":{"Est. reading time":"5 minutes"},"schema":{"@context":"https:\/\/schema.org","@graph":[{"@type":"WebPage","@id":"https:\/\/ostelandet.no\/osteprat\/","url":"https:\/\/ostelandet.no\/osteprat\/","name":"Osteprat - Ostelandet Norge","isPartOf":{"@id":"https:\/\/ostelandet.no\/#website"},"primaryImageOfPage":{"@id":"https:\/\/ostelandet.no\/osteprat\/#primaryimage"},"image":{"@id":"https:\/\/ostelandet.no\/osteprat\/#primaryimage"},"thumbnailUrl":"https:\/\/ostelandet.no\/wp-content\/uploads\/2022\/06\/GY-28-scaled.jpeg","datePublished":"2020-11-23T11:54:11+00:00","dateModified":"2024-02-23T08:58:19+00:00","description":"Oppdag skulte osteperler og se n\u00e5r st\u00f8len er \u00e5pen","breadcrumb":{"@id":"https:\/\/ostelandet.no\/osteprat\/#breadcrumb"},"inLanguage":"en-US","potentialAction":[{"@type":"ReadAction","target":["https:\/\/ostelandet.no\/osteprat\/"]}]},{"@type":"ImageObject","inLanguage":"en-US","@id":"https:\/\/ostelandet.no\/osteprat\/#primaryimage","url":"https:\/\/ostelandet.no\/wp-content\/uploads\/2022\/06\/GY-28-scaled.jpeg","contentUrl":"https:\/\/ostelandet.no\/wp-content\/uploads\/2022\/06\/GY-28-scaled.jpeg","width":1707,"height":2560},{"@type":"BreadcrumbList","@id":"https:\/\/ostelandet.no\/osteprat\/#breadcrumb","itemListElement":[{"@type":"ListItem","position":1,"name":"Hjem","item":"https:\/\/ostelandet.no\/"},{"@type":"ListItem","position":2,"name":"Osteprat"}]},{"@type":"WebSite","@id":"https:\/\/ostelandet.no\/#website","url":"https:\/\/ostelandet.no\/","name":"Ostelandet Norge","description":"- L\u00e6r mer om norsk ost","publisher":{"@id":"https:\/\/ostelandet.no\/#organization"},"potentialAction":[{"@type":"SearchAction","target":{"@type":"EntryPoint","urlTemplate":"https:\/\/ostelandet.no\/?s={search_term_string}"},"query-input":{"@type":"PropertyValueSpecification","valueRequired":true,"valueName":"search_term_string"}}],"inLanguage":"en-US"},{"@type":"Organization","@id":"https:\/\/ostelandet.no\/#organization","name":"HANEN","url":"https:\/\/ostelandet.no\/","logo":{"@type":"ImageObject","inLanguage":"en-US","@id":"https:\/\/ostelandet.no\/#\/schema\/logo\/image\/","url":"https:\/\/ostelandet.no\/wp-content\/uploads\/2021\/09\/ostelandet_norge_2farger_mork_hierarkisk.png","contentUrl":"https:\/\/ostelandet.no\/wp-content\/uploads\/2021\/09\/ostelandet_norge_2farger_mork_hierarkisk.png","width":2062,"height":1223,"caption":"HANEN"},"image":{"@id":"https:\/\/ostelandet.no\/#\/schema\/logo\/image\/"},"sameAs":["https:\/\/www.facebook.com\/ostelandet-101474925294974","https:\/\/www.instagram.com\/ostelandet\/","https:\/\/www.linkedin.com\/showcase\/ostelandet-norge\/"]}]}},"_links":{"self":[{"href":"https:\/\/ostelandet.no\/en\/wp-json\/wp\/v2\/pages\/1230","targetHints":{"allow":["GET"]}}],"collection":[{"href":"https:\/\/ostelandet.no\/en\/wp-json\/wp\/v2\/pages"}],"about":[{"href":"https:\/\/ostelandet.no\/en\/wp-json\/wp\/v2\/types\/page"}],"author":[{"embeddable":true,"href":"https:\/\/ostelandet.no\/en\/wp-json\/wp\/v2\/users\/1"}],"replies":[{"embeddable":true,"href":"https:\/\/ostelandet.no\/en\/wp-json\/wp\/v2\/comments?post=1230"}],"version-history":[{"count":32,"href":"https:\/\/ostelandet.no\/en\/wp-json\/wp\/v2\/pages\/1230\/revisions"}],"predecessor-version":[{"id":12040,"href":"https:\/\/ostelandet.no\/en\/wp-json\/wp\/v2\/pages\/1230\/revisions\/12040"}],"wp:featuredmedia":[{"embeddable":true,"href":"https:\/\/ostelandet.no\/en\/wp-json\/wp\/v2\/media\/7182"}],"wp:attachment":[{"href":"https:\/\/ostelandet.no\/en\/wp-json\/wp\/v2\/media?parent=1230"}],"curies":[{"name":"wp","href":"https:\/\/api.w.org\/{rel}","templated":true}]}}