{"id":1090,"date":"2020-11-16T13:44:04","date_gmt":"2020-11-16T12:44:04","guid":{"rendered":"http:\/\/ostelandet.no\/ost\/?page_id=1090"},"modified":"2023-06-06T14:45:28","modified_gmt":"2023-06-06T12:45:28","slug":"salatost","status":"publish","type":"page","link":"https:\/\/ostelandet.no\/en\/salatost\/","title":{"rendered":"Salad cheese"},"content":{"rendered":"<h1>\n\t\tSalad cheese\n\t<\/h1>\n\t<p>&nbsp;<\/p>\n<p>Salad cheese is inspired by the well-known Greek feta cheese. Salad cheese can be fresh cheese that has been left in oil with various flavorings in the form of spices and other things. Popular for salad, as the name suggests, but also for snack buffets and in hot dishes. Some producers make salad cheese that matures in brine for a few weeks or months. These are more reminiscent of feta cheese and have a mature, complex flavor that lends itself well to cooking.<\/p>","protected":false},"excerpt":{"rendered":"<p>Salatost &nbsp; Salatost er inspirert av den kjente greske fetaosten. Salatost kan v\u00e6re fersk ost som er nedlagt i olje med ulike smakstilsetninger i form av krydder og annet. Popul\u00e6r til salat, som navnet sier, men ogs\u00e5 til sm\u00e5matsbuff\u00e9 og i varmretter. Noen produsenter lager salatost som modnes p\u00e5 saltlake i noen uker eller m\u00e5neder.&hellip;<\/p>","protected":false},"author":1,"featured_media":6695,"parent":0,"menu_order":0,"comment_status":"closed","ping_status":"closed","template":"","meta":{"_acf_changed":false,"footnotes":""},"class_list":["post-1090","page","type-page","status-publish","has-post-thumbnail","hentry"],"acf":[],"yoast_head":"<!-- This site is optimized with the Yoast SEO plugin v26.1.1 - https:\/\/yoast.com\/wordpress\/plugins\/seo\/ -->\n<title>Salatost - Ostelandet Norge - ostekategori - se mangfoldet av norsk ost<\/title>\n<meta name=\"description\" content=\"Salatost er inspirert av den kjente greske fetaosten. Salatost kan v\u00e6re fersk ost som er nedlagt i olje med ulike smakstilsetninger i form av krydder og annet. Popul\u00e6r til salat, som navnet sier, men ogs\u00e5 til sm\u00e5matsbuff\u00e9 og i varmretter. Noen produsenter lager salatost som modnes p\u00e5 saltlake i noen uker eller m\u00e5neder. Disse minner mer om fetaost og f\u00e5r en moden, kompleks smak som egner seg godt til matlaging.\" \/>\n<meta name=\"robots\" content=\"index, follow, max-snippet:-1, max-image-preview:large, max-video-preview:-1\" \/>\n<link rel=\"canonical\" href=\"https:\/\/ostelandet.no\/en\/salatost\/\" \/>\n<meta property=\"og:locale\" content=\"en_US\" \/>\n<meta property=\"og:type\" content=\"article\" \/>\n<meta property=\"og:title\" content=\"Salatost - Ostelandet Norge - ostekategori - se mangfoldet av norsk ost\" \/>\n<meta property=\"og:description\" content=\"Salatost er inspirert av den kjente greske fetaosten. Salatost kan v\u00e6re fersk ost som er nedlagt i olje med ulike smakstilsetninger i form av krydder og annet. Popul\u00e6r til salat, som navnet sier, men ogs\u00e5 til sm\u00e5matsbuff\u00e9 og i varmretter. Noen produsenter lager salatost som modnes p\u00e5 saltlake i noen uker eller m\u00e5neder. Disse minner mer om fetaost og f\u00e5r en moden, kompleks smak som egner seg godt til matlaging.\" \/>\n<meta property=\"og:url\" content=\"https:\/\/ostelandet.no\/en\/salatost\/\" \/>\n<meta property=\"og:site_name\" content=\"Ostelandet Norge\" \/>\n<meta property=\"article:publisher\" content=\"https:\/\/www.facebook.com\/ostelandet-101474925294974\" \/>\n<meta property=\"article:modified_time\" content=\"2023-06-06T12:45:28+00:00\" \/>\n<meta property=\"og:image\" content=\"https:\/\/ostelandet.no\/wp-content\/uploads\/2021\/06\/liggende-salatost.jpg\" \/>\n\t<meta property=\"og:image:width\" content=\"1979\" \/>\n\t<meta property=\"og:image:height\" content=\"1791\" \/>\n\t<meta property=\"og:image:type\" content=\"image\/jpeg\" \/>\n<meta name=\"twitter:card\" content=\"summary_large_image\" \/>\n<meta name=\"twitter:label1\" content=\"Est. reading time\" \/>\n\t<meta name=\"twitter:data1\" content=\"1 minute\" \/>\n<script type=\"application\/ld+json\" class=\"yoast-schema-graph\">{\"@context\":\"https:\/\/schema.org\",\"@graph\":[{\"@type\":\"WebPage\",\"@id\":\"https:\/\/ostelandet.no\/salatost\/\",\"url\":\"https:\/\/ostelandet.no\/salatost\/\",\"name\":\"Salatost - Ostelandet Norge - ostekategori - se mangfoldet av norsk ost\",\"isPartOf\":{\"@id\":\"https:\/\/ostelandet.no\/#website\"},\"primaryImageOfPage\":{\"@id\":\"https:\/\/ostelandet.no\/salatost\/#primaryimage\"},\"image\":{\"@id\":\"https:\/\/ostelandet.no\/salatost\/#primaryimage\"},\"thumbnailUrl\":\"https:\/\/ostelandet.no\/wp-content\/uploads\/2021\/06\/liggende-salatost-e1764848744847.jpg\",\"datePublished\":\"2020-11-16T12:44:04+00:00\",\"dateModified\":\"2023-06-06T12:45:28+00:00\",\"description\":\"Salatost er inspirert av den kjente greske fetaosten. Salatost kan v\u00e6re fersk ost som er nedlagt i olje med ulike smakstilsetninger i form av krydder og annet. Popul\u00e6r til salat, som navnet sier, men ogs\u00e5 til sm\u00e5matsbuff\u00e9 og i varmretter. Noen produsenter lager salatost som modnes p\u00e5 saltlake i noen uker eller m\u00e5neder. Disse minner mer om fetaost og f\u00e5r en moden, kompleks smak som egner seg godt til matlaging.\",\"breadcrumb\":{\"@id\":\"https:\/\/ostelandet.no\/salatost\/#breadcrumb\"},\"inLanguage\":\"en-US\",\"potentialAction\":[{\"@type\":\"ReadAction\",\"target\":[\"https:\/\/ostelandet.no\/salatost\/\"]}]},{\"@type\":\"ImageObject\",\"inLanguage\":\"en-US\",\"@id\":\"https:\/\/ostelandet.no\/salatost\/#primaryimage\",\"url\":\"https:\/\/ostelandet.no\/wp-content\/uploads\/2021\/06\/liggende-salatost-e1764848744847.jpg\",\"contentUrl\":\"https:\/\/ostelandet.no\/wp-content\/uploads\/2021\/06\/liggende-salatost-e1764848744847.jpg\",\"width\":900,\"height\":815,\"caption\":\"Salatost\"},{\"@type\":\"BreadcrumbList\",\"@id\":\"https:\/\/ostelandet.no\/salatost\/#breadcrumb\",\"itemListElement\":[{\"@type\":\"ListItem\",\"position\":1,\"name\":\"Hjem\",\"item\":\"https:\/\/ostelandet.no\/\"},{\"@type\":\"ListItem\",\"position\":2,\"name\":\"Salatost\"}]},{\"@type\":\"WebSite\",\"@id\":\"https:\/\/ostelandet.no\/#website\",\"url\":\"https:\/\/ostelandet.no\/\",\"name\":\"Ostelandet Norge\",\"description\":\"- L\u00e6r mer om norsk ost\",\"publisher\":{\"@id\":\"https:\/\/ostelandet.no\/#organization\"},\"potentialAction\":[{\"@type\":\"SearchAction\",\"target\":{\"@type\":\"EntryPoint\",\"urlTemplate\":\"https:\/\/ostelandet.no\/?s={search_term_string}\"},\"query-input\":{\"@type\":\"PropertyValueSpecification\",\"valueRequired\":true,\"valueName\":\"search_term_string\"}}],\"inLanguage\":\"en-US\"},{\"@type\":\"Organization\",\"@id\":\"https:\/\/ostelandet.no\/#organization\",\"name\":\"HANEN\",\"url\":\"https:\/\/ostelandet.no\/\",\"logo\":{\"@type\":\"ImageObject\",\"inLanguage\":\"en-US\",\"@id\":\"https:\/\/ostelandet.no\/#\/schema\/logo\/image\/\",\"url\":\"https:\/\/ostelandet.no\/wp-content\/uploads\/2021\/09\/ostelandet_norge_2farger_mork_hierarkisk.png\",\"contentUrl\":\"https:\/\/ostelandet.no\/wp-content\/uploads\/2021\/09\/ostelandet_norge_2farger_mork_hierarkisk.png\",\"width\":2062,\"height\":1223,\"caption\":\"HANEN\"},\"image\":{\"@id\":\"https:\/\/ostelandet.no\/#\/schema\/logo\/image\/\"},\"sameAs\":[\"https:\/\/www.facebook.com\/ostelandet-101474925294974\",\"https:\/\/www.instagram.com\/ostelandet\/\",\"https:\/\/www.linkedin.com\/showcase\/ostelandet-norge\/\"]}]}<\/script>\n<!-- \/ Yoast SEO plugin. -->","yoast_head_json":{"title":"Salatost - Ostelandet Norge - ostekategori - se mangfoldet av norsk ost","description":"Salatost er inspirert av den kjente greske fetaosten. Salatost kan v\u00e6re fersk ost som er nedlagt i olje med ulike smakstilsetninger i form av krydder og annet. Popul\u00e6r til salat, som navnet sier, men ogs\u00e5 til sm\u00e5matsbuff\u00e9 og i varmretter. Noen produsenter lager salatost som modnes p\u00e5 saltlake i noen uker eller m\u00e5neder. Disse minner mer om fetaost og f\u00e5r en moden, kompleks smak som egner seg godt til matlaging.","robots":{"index":"index","follow":"follow","max-snippet":"max-snippet:-1","max-image-preview":"max-image-preview:large","max-video-preview":"max-video-preview:-1"},"canonical":"https:\/\/ostelandet.no\/en\/salatost\/","og_locale":"en_US","og_type":"article","og_title":"Salatost - Ostelandet Norge - ostekategori - se mangfoldet av norsk ost","og_description":"Salatost er inspirert av den kjente greske fetaosten. Salatost kan v\u00e6re fersk ost som er nedlagt i olje med ulike smakstilsetninger i form av krydder og annet. Popul\u00e6r til salat, som navnet sier, men ogs\u00e5 til sm\u00e5matsbuff\u00e9 og i varmretter. Noen produsenter lager salatost som modnes p\u00e5 saltlake i noen uker eller m\u00e5neder. Disse minner mer om fetaost og f\u00e5r en moden, kompleks smak som egner seg godt til matlaging.","og_url":"https:\/\/ostelandet.no\/en\/salatost\/","og_site_name":"Ostelandet Norge","article_publisher":"https:\/\/www.facebook.com\/ostelandet-101474925294974","article_modified_time":"2023-06-06T12:45:28+00:00","og_image":[{"width":1979,"height":1791,"url":"https:\/\/ostelandet.no\/wp-content\/uploads\/2021\/06\/liggende-salatost.jpg","type":"image\/jpeg"}],"twitter_card":"summary_large_image","twitter_misc":{"Est. reading time":"1 minute"},"schema":{"@context":"https:\/\/schema.org","@graph":[{"@type":"WebPage","@id":"https:\/\/ostelandet.no\/salatost\/","url":"https:\/\/ostelandet.no\/salatost\/","name":"Salatost - Ostelandet Norge - ostekategori - se mangfoldet av norsk ost","isPartOf":{"@id":"https:\/\/ostelandet.no\/#website"},"primaryImageOfPage":{"@id":"https:\/\/ostelandet.no\/salatost\/#primaryimage"},"image":{"@id":"https:\/\/ostelandet.no\/salatost\/#primaryimage"},"thumbnailUrl":"https:\/\/ostelandet.no\/wp-content\/uploads\/2021\/06\/liggende-salatost-e1764848744847.jpg","datePublished":"2020-11-16T12:44:04+00:00","dateModified":"2023-06-06T12:45:28+00:00","description":"Salatost er inspirert av den kjente greske fetaosten. Salatost kan v\u00e6re fersk ost som er nedlagt i olje med ulike smakstilsetninger i form av krydder og annet. Popul\u00e6r til salat, som navnet sier, men ogs\u00e5 til sm\u00e5matsbuff\u00e9 og i varmretter. Noen produsenter lager salatost som modnes p\u00e5 saltlake i noen uker eller m\u00e5neder. Disse minner mer om fetaost og f\u00e5r en moden, kompleks smak som egner seg godt til matlaging.","breadcrumb":{"@id":"https:\/\/ostelandet.no\/salatost\/#breadcrumb"},"inLanguage":"en-US","potentialAction":[{"@type":"ReadAction","target":["https:\/\/ostelandet.no\/salatost\/"]}]},{"@type":"ImageObject","inLanguage":"en-US","@id":"https:\/\/ostelandet.no\/salatost\/#primaryimage","url":"https:\/\/ostelandet.no\/wp-content\/uploads\/2021\/06\/liggende-salatost-e1764848744847.jpg","contentUrl":"https:\/\/ostelandet.no\/wp-content\/uploads\/2021\/06\/liggende-salatost-e1764848744847.jpg","width":900,"height":815,"caption":"Salatost"},{"@type":"BreadcrumbList","@id":"https:\/\/ostelandet.no\/salatost\/#breadcrumb","itemListElement":[{"@type":"ListItem","position":1,"name":"Hjem","item":"https:\/\/ostelandet.no\/"},{"@type":"ListItem","position":2,"name":"Salatost"}]},{"@type":"WebSite","@id":"https:\/\/ostelandet.no\/#website","url":"https:\/\/ostelandet.no\/","name":"Ostelandet Norge","description":"- L\u00e6r mer om norsk ost","publisher":{"@id":"https:\/\/ostelandet.no\/#organization"},"potentialAction":[{"@type":"SearchAction","target":{"@type":"EntryPoint","urlTemplate":"https:\/\/ostelandet.no\/?s={search_term_string}"},"query-input":{"@type":"PropertyValueSpecification","valueRequired":true,"valueName":"search_term_string"}}],"inLanguage":"en-US"},{"@type":"Organization","@id":"https:\/\/ostelandet.no\/#organization","name":"HANEN","url":"https:\/\/ostelandet.no\/","logo":{"@type":"ImageObject","inLanguage":"en-US","@id":"https:\/\/ostelandet.no\/#\/schema\/logo\/image\/","url":"https:\/\/ostelandet.no\/wp-content\/uploads\/2021\/09\/ostelandet_norge_2farger_mork_hierarkisk.png","contentUrl":"https:\/\/ostelandet.no\/wp-content\/uploads\/2021\/09\/ostelandet_norge_2farger_mork_hierarkisk.png","width":2062,"height":1223,"caption":"HANEN"},"image":{"@id":"https:\/\/ostelandet.no\/#\/schema\/logo\/image\/"},"sameAs":["https:\/\/www.facebook.com\/ostelandet-101474925294974","https:\/\/www.instagram.com\/ostelandet\/","https:\/\/www.linkedin.com\/showcase\/ostelandet-norge\/"]}]}},"_links":{"self":[{"href":"https:\/\/ostelandet.no\/en\/wp-json\/wp\/v2\/pages\/1090","targetHints":{"allow":["GET"]}}],"collection":[{"href":"https:\/\/ostelandet.no\/en\/wp-json\/wp\/v2\/pages"}],"about":[{"href":"https:\/\/ostelandet.no\/en\/wp-json\/wp\/v2\/types\/page"}],"author":[{"embeddable":true,"href":"https:\/\/ostelandet.no\/en\/wp-json\/wp\/v2\/users\/1"}],"replies":[{"embeddable":true,"href":"https:\/\/ostelandet.no\/en\/wp-json\/wp\/v2\/comments?post=1090"}],"version-history":[{"count":13,"href":"https:\/\/ostelandet.no\/en\/wp-json\/wp\/v2\/pages\/1090\/revisions"}],"predecessor-version":[{"id":10140,"href":"https:\/\/ostelandet.no\/en\/wp-json\/wp\/v2\/pages\/1090\/revisions\/10140"}],"wp:featuredmedia":[{"embeddable":true,"href":"https:\/\/ostelandet.no\/en\/wp-json\/wp\/v2\/media\/6695"}],"wp:attachment":[{"href":"https:\/\/ostelandet.no\/en\/wp-json\/wp\/v2\/media?parent=1090"}],"curies":[{"name":"wp","href":"https:\/\/api.w.org\/{rel}","templated":true}]}}