{"id":1087,"date":"2020-11-16T13:43:44","date_gmt":"2020-11-16T12:43:44","guid":{"rendered":"http:\/\/ostelandet.no\/ost\/?page_id=1087"},"modified":"2023-06-06T15:02:26","modified_gmt":"2023-06-06T13:02:26","slug":"brunost","status":"publish","type":"page","link":"https:\/\/ostelandet.no\/en\/brunost\/","title":{"rendered":"Brunost"},"content":{"rendered":"<h1>\n\t\tBrunost\n\t<\/h1>\n\t<p>Brunost is made from boiled, caramelized whey which gives a characteristic golden brown color and sweet flavor. Whey is the residue that remains after you have made white cheese from the milk. Technically speaking, Brunosten is therefore not a cheese, but a whey cheese.<\/p>\n<p>Brunostens historie g\u00e5r veldig langt tilbake, men det var en nyvinning fra budeia Anne Hov som gjorde brunosten til mer enn hverdagsmat for g\u00e5rdsfolket. At hun tilsette fl\u00f8te til mysen p\u00e5 1860-tallet ble starten p\u00e5\u00a0Gudbrandsdalsosten &#8211; en av Norges st\u00f8rste ostesuksesser. For dette fikk hun Kongens fortjenestemedalje\u00a0i 1933,\u00a0i en alder av 87 \u00e5r.<\/p>\n<p>Today, we have a large variety of brown cheeses that vary according to the whey used, how they are cooked and whether milk, cream or other ingredients have been added. Real goat cheese, such as Brun Geitost from Prestholt and Helfeit brun geitost from Stordalen Gardsbruk, only contain whey and cream from goat's milk. Such cheeses tend to have a sharper flavor, which is popular. Others prefer cream cheese made from cow's whey and cream, which has a milder flavor and supple texture. Gudbrandsdal ost mixes the best of two worlds, and uses whey from both cows and goats!<\/p>\n<p>Some of the dark brown, extra sweet and flavorful brown cheeses are reminiscent of fudge and are a dessert in themselves. A brown cheese completely out of the ordinary is, for example, Huldreost from Avdem Gardsysteri, made from cow&#039;s whey and added cream, juniper berries, water and Norwegian aquavit. It is served straight as it is at Noma, one of the world&#039;s best restaurants.<\/p>\n\t<p>Perhaps you are interested in recipes with brown cheese? What about <em><a href=\"https:\/\/ostelandet.no\/en\/ost\/brunostrisotto\/?fl_builder\">Bruno risotto<\/a> <\/em>or <a href=\"https:\/\/ostelandet.no\/en\/ost\/viltburger-med-brunost\/\"><em>Game burger with goat cheese<\/em><\/a>?<\/p>","protected":false},"excerpt":{"rendered":"<p>Brunost Brunost lages av innkokt, karamellisert myse som gir en karakteristisk gyllenbrun farge og s\u00f8t smak. Mysen er resten som blir igjen, etter en har laget hvitost av melka. Brunosten er teknisk sett derfor ingen ost, men en mysost. Brunostens historie g\u00e5r veldig langt tilbake, men det var en nyvinning fra budeia Anne Hov som&hellip;<\/p>","protected":false},"author":1,"featured_media":4911,"parent":0,"menu_order":0,"comment_status":"closed","ping_status":"closed","template":"","meta":{"_acf_changed":false,"footnotes":""},"class_list":["post-1087","page","type-page","status-publish","has-post-thumbnail","hentry"],"acf":[],"yoast_head":"<!-- This site is optimized with the Yoast SEO plugin v26.1.1 - https:\/\/yoast.com\/wordpress\/plugins\/seo\/ -->\n<title>Brunost - Ostelandet Norge - ostetyper - ostelandet.no - et nettsted for norsk ost<\/title>\n<meta name=\"description\" content=\"Brunost lages av innkokt, karamellisert myse som gir en karakteristisk gyllenbrun farge og s\u00f8t smak. Mysen er resten som blir igjen, etter en har laget hvitost av melka. Oste som tekninsk sett ikke er en ost har en historie som g\u00e5r langt tilbake.\" \/>\n<meta name=\"robots\" content=\"index, follow, max-snippet:-1, max-image-preview:large, max-video-preview:-1\" \/>\n<link rel=\"canonical\" href=\"https:\/\/ostelandet.no\/en\/brunost\/\" \/>\n<meta property=\"og:locale\" content=\"en_US\" \/>\n<meta property=\"og:type\" content=\"article\" \/>\n<meta property=\"og:title\" content=\"Brunost - Ostelandet Norge - ostetyper - ostelandet.no - et nettsted for norsk ost\" \/>\n<meta property=\"og:description\" content=\"Brunost lages av innkokt, karamellisert myse som gir en karakteristisk gyllenbrun farge og s\u00f8t smak. Mysen er resten som blir igjen, etter en har laget hvitost av melka. Oste som tekninsk sett ikke er en ost har en historie som g\u00e5r langt tilbake.\" \/>\n<meta property=\"og:url\" content=\"https:\/\/ostelandet.no\/en\/brunost\/\" \/>\n<meta property=\"og:site_name\" content=\"Ostelandet Norge\" \/>\n<meta property=\"article:publisher\" content=\"https:\/\/www.facebook.com\/ostelandet-101474925294974\" \/>\n<meta property=\"article:modified_time\" content=\"2023-06-06T13:02:26+00:00\" \/>\n<meta property=\"og:image\" content=\"https:\/\/ostelandet.no\/wp-content\/uploads\/2021\/06\/stasost-rotated.jpg\" \/>\n\t<meta property=\"og:image:width\" content=\"2268\" \/>\n\t<meta property=\"og:image:height\" content=\"2047\" \/>\n\t<meta property=\"og:image:type\" content=\"image\/jpeg\" \/>\n<meta name=\"twitter:card\" content=\"summary_large_image\" \/>\n<meta name=\"twitter:label1\" content=\"Est. reading time\" \/>\n\t<meta name=\"twitter:data1\" content=\"2 minutes\" \/>\n<script type=\"application\/ld+json\" class=\"yoast-schema-graph\">{\"@context\":\"https:\/\/schema.org\",\"@graph\":[{\"@type\":\"WebPage\",\"@id\":\"https:\/\/ostelandet.no\/brunost\/\",\"url\":\"https:\/\/ostelandet.no\/brunost\/\",\"name\":\"Brunost - Ostelandet Norge - ostetyper - ostelandet.no - et nettsted for norsk ost\",\"isPartOf\":{\"@id\":\"https:\/\/ostelandet.no\/#website\"},\"primaryImageOfPage\":{\"@id\":\"https:\/\/ostelandet.no\/brunost\/#primaryimage\"},\"image\":{\"@id\":\"https:\/\/ostelandet.no\/brunost\/#primaryimage\"},\"thumbnailUrl\":\"https:\/\/ostelandet.no\/wp-content\/uploads\/2021\/06\/stasost-rotated.jpg\",\"datePublished\":\"2020-11-16T12:43:44+00:00\",\"dateModified\":\"2023-06-06T13:02:26+00:00\",\"description\":\"Brunost lages av innkokt, karamellisert myse som gir en karakteristisk gyllenbrun farge og s\u00f8t smak. Mysen er resten som blir igjen, etter en har laget hvitost av melka. Oste som tekninsk sett ikke er en ost har en historie som g\u00e5r langt tilbake.\",\"breadcrumb\":{\"@id\":\"https:\/\/ostelandet.no\/brunost\/#breadcrumb\"},\"inLanguage\":\"en-US\",\"potentialAction\":[{\"@type\":\"ReadAction\",\"target\":[\"https:\/\/ostelandet.no\/brunost\/\"]}]},{\"@type\":\"ImageObject\",\"inLanguage\":\"en-US\",\"@id\":\"https:\/\/ostelandet.no\/brunost\/#primaryimage\",\"url\":\"https:\/\/ostelandet.no\/wp-content\/uploads\/2021\/06\/stasost-rotated.jpg\",\"contentUrl\":\"https:\/\/ostelandet.no\/wp-content\/uploads\/2021\/06\/stasost-rotated.jpg\",\"width\":2268,\"height\":2047,\"caption\":\"\"},{\"@type\":\"BreadcrumbList\",\"@id\":\"https:\/\/ostelandet.no\/brunost\/#breadcrumb\",\"itemListElement\":[{\"@type\":\"ListItem\",\"position\":1,\"name\":\"Hjem\",\"item\":\"https:\/\/ostelandet.no\/\"},{\"@type\":\"ListItem\",\"position\":2,\"name\":\"Brunost\"}]},{\"@type\":\"WebSite\",\"@id\":\"https:\/\/ostelandet.no\/#website\",\"url\":\"https:\/\/ostelandet.no\/\",\"name\":\"Ostelandet Norge\",\"description\":\"- L\u00e6r mer om norsk ost\",\"publisher\":{\"@id\":\"https:\/\/ostelandet.no\/#organization\"},\"potentialAction\":[{\"@type\":\"SearchAction\",\"target\":{\"@type\":\"EntryPoint\",\"urlTemplate\":\"https:\/\/ostelandet.no\/?s={search_term_string}\"},\"query-input\":{\"@type\":\"PropertyValueSpecification\",\"valueRequired\":true,\"valueName\":\"search_term_string\"}}],\"inLanguage\":\"en-US\"},{\"@type\":\"Organization\",\"@id\":\"https:\/\/ostelandet.no\/#organization\",\"name\":\"HANEN\",\"url\":\"https:\/\/ostelandet.no\/\",\"logo\":{\"@type\":\"ImageObject\",\"inLanguage\":\"en-US\",\"@id\":\"https:\/\/ostelandet.no\/#\/schema\/logo\/image\/\",\"url\":\"https:\/\/ostelandet.no\/wp-content\/uploads\/2021\/09\/ostelandet_norge_2farger_mork_hierarkisk.png\",\"contentUrl\":\"https:\/\/ostelandet.no\/wp-content\/uploads\/2021\/09\/ostelandet_norge_2farger_mork_hierarkisk.png\",\"width\":2062,\"height\":1223,\"caption\":\"HANEN\"},\"image\":{\"@id\":\"https:\/\/ostelandet.no\/#\/schema\/logo\/image\/\"},\"sameAs\":[\"https:\/\/www.facebook.com\/ostelandet-101474925294974\",\"https:\/\/www.instagram.com\/ostelandet\/\",\"https:\/\/www.linkedin.com\/showcase\/ostelandet-norge\/\"]}]}<\/script>\n<!-- \/ Yoast SEO plugin. -->","yoast_head_json":{"title":"Brunost - Ostelandet Norge - ostetyper - ostelandet.no - et nettsted for norsk ost","description":"Brunost lages av innkokt, karamellisert myse som gir en karakteristisk gyllenbrun farge og s\u00f8t smak. Mysen er resten som blir igjen, etter en har laget hvitost av melka. Oste som tekninsk sett ikke er en ost har en historie som g\u00e5r langt tilbake.","robots":{"index":"index","follow":"follow","max-snippet":"max-snippet:-1","max-image-preview":"max-image-preview:large","max-video-preview":"max-video-preview:-1"},"canonical":"https:\/\/ostelandet.no\/en\/brunost\/","og_locale":"en_US","og_type":"article","og_title":"Brunost - Ostelandet Norge - ostetyper - ostelandet.no - et nettsted for norsk ost","og_description":"Brunost lages av innkokt, karamellisert myse som gir en karakteristisk gyllenbrun farge og s\u00f8t smak. Mysen er resten som blir igjen, etter en har laget hvitost av melka. Oste som tekninsk sett ikke er en ost har en historie som g\u00e5r langt tilbake.","og_url":"https:\/\/ostelandet.no\/en\/brunost\/","og_site_name":"Ostelandet Norge","article_publisher":"https:\/\/www.facebook.com\/ostelandet-101474925294974","article_modified_time":"2023-06-06T13:02:26+00:00","og_image":[{"width":2268,"height":2047,"url":"https:\/\/ostelandet.no\/wp-content\/uploads\/2021\/06\/stasost-rotated.jpg","type":"image\/jpeg"}],"twitter_card":"summary_large_image","twitter_misc":{"Est. reading time":"2 minutes"},"schema":{"@context":"https:\/\/schema.org","@graph":[{"@type":"WebPage","@id":"https:\/\/ostelandet.no\/brunost\/","url":"https:\/\/ostelandet.no\/brunost\/","name":"Brunost - Ostelandet Norge - ostetyper - ostelandet.no - et nettsted for norsk ost","isPartOf":{"@id":"https:\/\/ostelandet.no\/#website"},"primaryImageOfPage":{"@id":"https:\/\/ostelandet.no\/brunost\/#primaryimage"},"image":{"@id":"https:\/\/ostelandet.no\/brunost\/#primaryimage"},"thumbnailUrl":"https:\/\/ostelandet.no\/wp-content\/uploads\/2021\/06\/stasost-rotated.jpg","datePublished":"2020-11-16T12:43:44+00:00","dateModified":"2023-06-06T13:02:26+00:00","description":"Brunost lages av innkokt, karamellisert myse som gir en karakteristisk gyllenbrun farge og s\u00f8t smak. Mysen er resten som blir igjen, etter en har laget hvitost av melka. Oste som tekninsk sett ikke er en ost har en historie som g\u00e5r langt tilbake.","breadcrumb":{"@id":"https:\/\/ostelandet.no\/brunost\/#breadcrumb"},"inLanguage":"en-US","potentialAction":[{"@type":"ReadAction","target":["https:\/\/ostelandet.no\/brunost\/"]}]},{"@type":"ImageObject","inLanguage":"en-US","@id":"https:\/\/ostelandet.no\/brunost\/#primaryimage","url":"https:\/\/ostelandet.no\/wp-content\/uploads\/2021\/06\/stasost-rotated.jpg","contentUrl":"https:\/\/ostelandet.no\/wp-content\/uploads\/2021\/06\/stasost-rotated.jpg","width":2268,"height":2047,"caption":""},{"@type":"BreadcrumbList","@id":"https:\/\/ostelandet.no\/brunost\/#breadcrumb","itemListElement":[{"@type":"ListItem","position":1,"name":"Hjem","item":"https:\/\/ostelandet.no\/"},{"@type":"ListItem","position":2,"name":"Brunost"}]},{"@type":"WebSite","@id":"https:\/\/ostelandet.no\/#website","url":"https:\/\/ostelandet.no\/","name":"Ostelandet Norge","description":"- L\u00e6r mer om norsk ost","publisher":{"@id":"https:\/\/ostelandet.no\/#organization"},"potentialAction":[{"@type":"SearchAction","target":{"@type":"EntryPoint","urlTemplate":"https:\/\/ostelandet.no\/?s={search_term_string}"},"query-input":{"@type":"PropertyValueSpecification","valueRequired":true,"valueName":"search_term_string"}}],"inLanguage":"en-US"},{"@type":"Organization","@id":"https:\/\/ostelandet.no\/#organization","name":"HANEN","url":"https:\/\/ostelandet.no\/","logo":{"@type":"ImageObject","inLanguage":"en-US","@id":"https:\/\/ostelandet.no\/#\/schema\/logo\/image\/","url":"https:\/\/ostelandet.no\/wp-content\/uploads\/2021\/09\/ostelandet_norge_2farger_mork_hierarkisk.png","contentUrl":"https:\/\/ostelandet.no\/wp-content\/uploads\/2021\/09\/ostelandet_norge_2farger_mork_hierarkisk.png","width":2062,"height":1223,"caption":"HANEN"},"image":{"@id":"https:\/\/ostelandet.no\/#\/schema\/logo\/image\/"},"sameAs":["https:\/\/www.facebook.com\/ostelandet-101474925294974","https:\/\/www.instagram.com\/ostelandet\/","https:\/\/www.linkedin.com\/showcase\/ostelandet-norge\/"]}]}},"_links":{"self":[{"href":"https:\/\/ostelandet.no\/en\/wp-json\/wp\/v2\/pages\/1087","targetHints":{"allow":["GET"]}}],"collection":[{"href":"https:\/\/ostelandet.no\/en\/wp-json\/wp\/v2\/pages"}],"about":[{"href":"https:\/\/ostelandet.no\/en\/wp-json\/wp\/v2\/types\/page"}],"author":[{"embeddable":true,"href":"https:\/\/ostelandet.no\/en\/wp-json\/wp\/v2\/users\/1"}],"replies":[{"embeddable":true,"href":"https:\/\/ostelandet.no\/en\/wp-json\/wp\/v2\/comments?post=1087"}],"version-history":[{"count":41,"href":"https:\/\/ostelandet.no\/en\/wp-json\/wp\/v2\/pages\/1087\/revisions"}],"predecessor-version":[{"id":10144,"href":"https:\/\/ostelandet.no\/en\/wp-json\/wp\/v2\/pages\/1087\/revisions\/10144"}],"wp:featuredmedia":[{"embeddable":true,"href":"https:\/\/ostelandet.no\/en\/wp-json\/wp\/v2\/media\/4911"}],"wp:attachment":[{"href":"https:\/\/ostelandet.no\/en\/wp-json\/wp\/v2\/media?parent=1087"}],"curies":[{"name":"wp","href":"https:\/\/api.w.org\/{rel}","templated":true}]}}