{"id":1078,"date":"2020-11-16T13:42:59","date_gmt":"2020-11-16T12:42:59","guid":{"rendered":"http:\/\/ostelandet.no\/ost\/?page_id=1078"},"modified":"2023-06-06T14:44:08","modified_gmt":"2023-06-06T12:44:08","slug":"rodkittost","status":"publish","type":"page","link":"https:\/\/ostelandet.no\/en\/rodkittost\/","title":{"rendered":"Washed-rind cheese"},"content":{"rendered":"<h1>\n\t\tWashed-rind cheese\n\t<\/h1>\n\t<p>&nbsp;<\/p>\n<p>Washed-rind cheese is characterized by its reddish rind, strong smell and mild flavor. The best-known Tine cheese with red putty ripening is the semi-firm Ridderost, while Munkeby is a softer variety. There is a lot of creativity in this category, so here you can taste a lot of exciting cheeses.<\/p>\n<p>Washed-rind cheeses are washed during ripening to promote good micro-organisms (curd) on the rind. The dominant bacterium in the red putty is Brevibacterium linens. There are different strains of this bacteria that give the cheese its reddish tones: from light pink to deep orange.<\/p>\n<p>Common to the washed-rind cheese's complex rind flora is a high tolerance for salt and moisture. This is precisely why the cheese is washed during ripening. The brine can consist of pure water, or have ingredients such as salt, liqueur and beer added to it. The latter plays an important role in, among other things, the Norwegian washed-rind cheese Konrad from Stavanger Ysteri, which was named the best Norwegian cheese during the NM in 2021.<\/p>","protected":false},"excerpt":{"rendered":"<p>R\u00f8dkittost &nbsp; R\u00f8dkittost karakteriseres av sin r\u00f8dlige skorpe, kraftige lukt og milde smak. Den mest kjente Tine-osten med r\u00f8dkittmodning er den halvfaste Ridderosten, mens h\u00e5ndverksosten Munkeby er en mykere variant. Det er mye kreativitet i denne kategorien, s\u00e5 her kan du smake mye spennende. Kittoster blir vasket under modning for \u00e5 framelske gode mikroorganismer (kitt)&hellip;<\/p>","protected":false},"author":1,"featured_media":5188,"parent":0,"menu_order":0,"comment_status":"closed","ping_status":"closed","template":"","meta":{"_acf_changed":false,"footnotes":""},"class_list":["post-1078","page","type-page","status-publish","has-post-thumbnail","hentry"],"acf":[],"yoast_head":"<!-- This site is optimized with the Yoast SEO plugin v26.1.1 - https:\/\/yoast.com\/wordpress\/plugins\/seo\/ -->\n<title>R\u00f8dkittost - Ostelandet Norge - ostekategorier - oppdag nye norske oster<\/title>\n<meta name=\"description\" content=\"R\u00f8dkittost karakteriseres av sin r\u00f8dlige skorpe, kraftige lukt og milde smak. Det er mye kreativitet i denne kategorien, s\u00e5 her kan du smake mye spennende\" \/>\n<meta name=\"robots\" content=\"index, follow, max-snippet:-1, max-image-preview:large, max-video-preview:-1\" \/>\n<link rel=\"canonical\" href=\"https:\/\/ostelandet.no\/en\/rodkittost\/\" \/>\n<meta property=\"og:locale\" content=\"en_US\" \/>\n<meta property=\"og:type\" content=\"article\" \/>\n<meta property=\"og:title\" content=\"R\u00f8dkittost - Ostelandet Norge - ostekategorier - oppdag nye norske oster\" \/>\n<meta property=\"og:description\" content=\"R\u00f8dkittost karakteriseres av sin r\u00f8dlige skorpe, kraftige lukt og milde smak. Det er mye kreativitet i denne kategorien, s\u00e5 her kan du smake mye spennende\" \/>\n<meta property=\"og:url\" content=\"https:\/\/ostelandet.no\/en\/rodkittost\/\" \/>\n<meta property=\"og:site_name\" content=\"Ostelandet Norge\" \/>\n<meta property=\"article:publisher\" content=\"https:\/\/www.facebook.com\/ostelandet-101474925294974\" \/>\n<meta property=\"article:modified_time\" content=\"2023-06-06T12:44:08+00:00\" \/>\n<meta property=\"og:image\" content=\"https:\/\/ostelandet.no\/wp-content\/uploads\/2021\/06\/Lord-Garvagh.jpeg\" \/>\n\t<meta property=\"og:image:width\" content=\"1024\" \/>\n\t<meta property=\"og:image:height\" content=\"768\" \/>\n\t<meta property=\"og:image:type\" content=\"image\/jpeg\" \/>\n<meta name=\"twitter:card\" content=\"summary_large_image\" \/>\n<meta name=\"twitter:label1\" content=\"Est. reading time\" \/>\n\t<meta name=\"twitter:data1\" content=\"1 minute\" \/>\n<script type=\"application\/ld+json\" class=\"yoast-schema-graph\">{\"@context\":\"https:\/\/schema.org\",\"@graph\":[{\"@type\":\"WebPage\",\"@id\":\"https:\/\/ostelandet.no\/rodkittost\/\",\"url\":\"https:\/\/ostelandet.no\/rodkittost\/\",\"name\":\"R\u00f8dkittost - Ostelandet Norge - ostekategorier - oppdag nye norske oster\",\"isPartOf\":{\"@id\":\"https:\/\/ostelandet.no\/#website\"},\"primaryImageOfPage\":{\"@id\":\"https:\/\/ostelandet.no\/rodkittost\/#primaryimage\"},\"image\":{\"@id\":\"https:\/\/ostelandet.no\/rodkittost\/#primaryimage\"},\"thumbnailUrl\":\"https:\/\/ostelandet.no\/wp-content\/uploads\/2021\/06\/Lord-Garvagh.jpeg\",\"datePublished\":\"2020-11-16T12:42:59+00:00\",\"dateModified\":\"2023-06-06T12:44:08+00:00\",\"description\":\"R\u00f8dkittost karakteriseres av sin r\u00f8dlige skorpe, kraftige lukt og milde smak. Det er mye kreativitet i denne kategorien, s\u00e5 her kan du smake mye spennende\",\"breadcrumb\":{\"@id\":\"https:\/\/ostelandet.no\/rodkittost\/#breadcrumb\"},\"inLanguage\":\"en-US\",\"potentialAction\":[{\"@type\":\"ReadAction\",\"target\":[\"https:\/\/ostelandet.no\/rodkittost\/\"]}]},{\"@type\":\"ImageObject\",\"inLanguage\":\"en-US\",\"@id\":\"https:\/\/ostelandet.no\/rodkittost\/#primaryimage\",\"url\":\"https:\/\/ostelandet.no\/wp-content\/uploads\/2021\/06\/Lord-Garvagh.jpeg\",\"contentUrl\":\"https:\/\/ostelandet.no\/wp-content\/uploads\/2021\/06\/Lord-Garvagh.jpeg\",\"width\":1024,\"height\":768,\"caption\":\"Lord Garvagh fra Ruesl\u00e5tten Ysteri\"},{\"@type\":\"BreadcrumbList\",\"@id\":\"https:\/\/ostelandet.no\/rodkittost\/#breadcrumb\",\"itemListElement\":[{\"@type\":\"ListItem\",\"position\":1,\"name\":\"Hjem\",\"item\":\"https:\/\/ostelandet.no\/\"},{\"@type\":\"ListItem\",\"position\":2,\"name\":\"R\u00f8dkittost\"}]},{\"@type\":\"WebSite\",\"@id\":\"https:\/\/ostelandet.no\/#website\",\"url\":\"https:\/\/ostelandet.no\/\",\"name\":\"Ostelandet Norge\",\"description\":\"- L\u00e6r mer om norsk ost\",\"publisher\":{\"@id\":\"https:\/\/ostelandet.no\/#organization\"},\"potentialAction\":[{\"@type\":\"SearchAction\",\"target\":{\"@type\":\"EntryPoint\",\"urlTemplate\":\"https:\/\/ostelandet.no\/?s={search_term_string}\"},\"query-input\":{\"@type\":\"PropertyValueSpecification\",\"valueRequired\":true,\"valueName\":\"search_term_string\"}}],\"inLanguage\":\"en-US\"},{\"@type\":\"Organization\",\"@id\":\"https:\/\/ostelandet.no\/#organization\",\"name\":\"HANEN\",\"url\":\"https:\/\/ostelandet.no\/\",\"logo\":{\"@type\":\"ImageObject\",\"inLanguage\":\"en-US\",\"@id\":\"https:\/\/ostelandet.no\/#\/schema\/logo\/image\/\",\"url\":\"https:\/\/ostelandet.no\/wp-content\/uploads\/2021\/09\/ostelandet_norge_2farger_mork_hierarkisk.png\",\"contentUrl\":\"https:\/\/ostelandet.no\/wp-content\/uploads\/2021\/09\/ostelandet_norge_2farger_mork_hierarkisk.png\",\"width\":2062,\"height\":1223,\"caption\":\"HANEN\"},\"image\":{\"@id\":\"https:\/\/ostelandet.no\/#\/schema\/logo\/image\/\"},\"sameAs\":[\"https:\/\/www.facebook.com\/ostelandet-101474925294974\",\"https:\/\/www.instagram.com\/ostelandet\/\",\"https:\/\/www.linkedin.com\/showcase\/ostelandet-norge\/\"]}]}<\/script>\n<!-- \/ Yoast SEO plugin. -->","yoast_head_json":{"title":"R\u00f8dkittost - Ostelandet Norge - ostekategorier - oppdag nye norske oster","description":"R\u00f8dkittost karakteriseres av sin r\u00f8dlige skorpe, kraftige lukt og milde smak. Det er mye kreativitet i denne kategorien, s\u00e5 her kan du smake mye spennende","robots":{"index":"index","follow":"follow","max-snippet":"max-snippet:-1","max-image-preview":"max-image-preview:large","max-video-preview":"max-video-preview:-1"},"canonical":"https:\/\/ostelandet.no\/en\/rodkittost\/","og_locale":"en_US","og_type":"article","og_title":"R\u00f8dkittost - Ostelandet Norge - ostekategorier - oppdag nye norske oster","og_description":"R\u00f8dkittost karakteriseres av sin r\u00f8dlige skorpe, kraftige lukt og milde smak. Det er mye kreativitet i denne kategorien, s\u00e5 her kan du smake mye spennende","og_url":"https:\/\/ostelandet.no\/en\/rodkittost\/","og_site_name":"Ostelandet Norge","article_publisher":"https:\/\/www.facebook.com\/ostelandet-101474925294974","article_modified_time":"2023-06-06T12:44:08+00:00","og_image":[{"width":1024,"height":768,"url":"https:\/\/ostelandet.no\/wp-content\/uploads\/2021\/06\/Lord-Garvagh.jpeg","type":"image\/jpeg"}],"twitter_card":"summary_large_image","twitter_misc":{"Est. reading time":"1 minute"},"schema":{"@context":"https:\/\/schema.org","@graph":[{"@type":"WebPage","@id":"https:\/\/ostelandet.no\/rodkittost\/","url":"https:\/\/ostelandet.no\/rodkittost\/","name":"R\u00f8dkittost - Ostelandet Norge - ostekategorier - oppdag nye norske oster","isPartOf":{"@id":"https:\/\/ostelandet.no\/#website"},"primaryImageOfPage":{"@id":"https:\/\/ostelandet.no\/rodkittost\/#primaryimage"},"image":{"@id":"https:\/\/ostelandet.no\/rodkittost\/#primaryimage"},"thumbnailUrl":"https:\/\/ostelandet.no\/wp-content\/uploads\/2021\/06\/Lord-Garvagh.jpeg","datePublished":"2020-11-16T12:42:59+00:00","dateModified":"2023-06-06T12:44:08+00:00","description":"R\u00f8dkittost karakteriseres av sin r\u00f8dlige skorpe, kraftige lukt og milde smak. Det er mye kreativitet i denne kategorien, s\u00e5 her kan du smake mye spennende","breadcrumb":{"@id":"https:\/\/ostelandet.no\/rodkittost\/#breadcrumb"},"inLanguage":"en-US","potentialAction":[{"@type":"ReadAction","target":["https:\/\/ostelandet.no\/rodkittost\/"]}]},{"@type":"ImageObject","inLanguage":"en-US","@id":"https:\/\/ostelandet.no\/rodkittost\/#primaryimage","url":"https:\/\/ostelandet.no\/wp-content\/uploads\/2021\/06\/Lord-Garvagh.jpeg","contentUrl":"https:\/\/ostelandet.no\/wp-content\/uploads\/2021\/06\/Lord-Garvagh.jpeg","width":1024,"height":768,"caption":"Lord Garvagh fra Ruesl\u00e5tten Ysteri"},{"@type":"BreadcrumbList","@id":"https:\/\/ostelandet.no\/rodkittost\/#breadcrumb","itemListElement":[{"@type":"ListItem","position":1,"name":"Hjem","item":"https:\/\/ostelandet.no\/"},{"@type":"ListItem","position":2,"name":"R\u00f8dkittost"}]},{"@type":"WebSite","@id":"https:\/\/ostelandet.no\/#website","url":"https:\/\/ostelandet.no\/","name":"Ostelandet Norge","description":"- L\u00e6r mer om norsk ost","publisher":{"@id":"https:\/\/ostelandet.no\/#organization"},"potentialAction":[{"@type":"SearchAction","target":{"@type":"EntryPoint","urlTemplate":"https:\/\/ostelandet.no\/?s={search_term_string}"},"query-input":{"@type":"PropertyValueSpecification","valueRequired":true,"valueName":"search_term_string"}}],"inLanguage":"en-US"},{"@type":"Organization","@id":"https:\/\/ostelandet.no\/#organization","name":"HANEN","url":"https:\/\/ostelandet.no\/","logo":{"@type":"ImageObject","inLanguage":"en-US","@id":"https:\/\/ostelandet.no\/#\/schema\/logo\/image\/","url":"https:\/\/ostelandet.no\/wp-content\/uploads\/2021\/09\/ostelandet_norge_2farger_mork_hierarkisk.png","contentUrl":"https:\/\/ostelandet.no\/wp-content\/uploads\/2021\/09\/ostelandet_norge_2farger_mork_hierarkisk.png","width":2062,"height":1223,"caption":"HANEN"},"image":{"@id":"https:\/\/ostelandet.no\/#\/schema\/logo\/image\/"},"sameAs":["https:\/\/www.facebook.com\/ostelandet-101474925294974","https:\/\/www.instagram.com\/ostelandet\/","https:\/\/www.linkedin.com\/showcase\/ostelandet-norge\/"]}]}},"_links":{"self":[{"href":"https:\/\/ostelandet.no\/en\/wp-json\/wp\/v2\/pages\/1078","targetHints":{"allow":["GET"]}}],"collection":[{"href":"https:\/\/ostelandet.no\/en\/wp-json\/wp\/v2\/pages"}],"about":[{"href":"https:\/\/ostelandet.no\/en\/wp-json\/wp\/v2\/types\/page"}],"author":[{"embeddable":true,"href":"https:\/\/ostelandet.no\/en\/wp-json\/wp\/v2\/users\/1"}],"replies":[{"embeddable":true,"href":"https:\/\/ostelandet.no\/en\/wp-json\/wp\/v2\/comments?post=1078"}],"version-history":[{"count":16,"href":"https:\/\/ostelandet.no\/en\/wp-json\/wp\/v2\/pages\/1078\/revisions"}],"predecessor-version":[{"id":10139,"href":"https:\/\/ostelandet.no\/en\/wp-json\/wp\/v2\/pages\/1078\/revisions\/10139"}],"wp:featuredmedia":[{"embeddable":true,"href":"https:\/\/ostelandet.no\/en\/wp-json\/wp\/v2\/media\/5188"}],"wp:attachment":[{"href":"https:\/\/ostelandet.no\/en\/wp-json\/wp\/v2\/media?parent=1078"}],"curies":[{"name":"wp","href":"https:\/\/api.w.org\/{rel}","templated":true}]}}