{"id":1075,"date":"2020-11-16T13:42:44","date_gmt":"2020-11-16T12:42:44","guid":{"rendered":"http:\/\/ostelandet.no\/ost\/?page_id=1075"},"modified":"2023-06-06T14:54:07","modified_gmt":"2023-06-06T12:54:07","slug":"hvitmuggost","status":"publish","type":"page","link":"https:\/\/ostelandet.no\/en\/hvitmuggost\/","title":{"rendered":"White mold cheese"},"content":{"rendered":"<h1>\n\t\tWhite mold cheese\n\t<\/h1>\n\t<p>White mold cheeses are characterized by their snow-white surface and soft interior, such as brie and camembert. These are two French cheeses of which we also have Norwegian varieties, for example Osteg\u00e5rden Camembert and Thorbj\u00f8rnrud Brilliant brie.<\/p>\n<p>A mature white mold cheese should be soft and delicate, preferably with the smell of mushrooms. As the cheese ages, it will get a darker color inside, become more liquid and may eventually also smell a little of ammonia. Normally this disappears when the cheese is tempered. If you want a milder version, simply choose a cheese whose expiry date shows a good shelf life.<\/p>","protected":false},"excerpt":{"rendered":"<p>Hvitmuggost Hvitmuggoster kjennetegnes av sin sn\u00f8hvite overflate og myke innside, slik som brie og camembert. Dette er to franske oster som vi ogs\u00e5 har norske varianter av, for eksempel Osteg\u00e5rden Camembert og Thorbj\u00f8rnrud Brilliant brie. En moden hvitmuggost skal v\u00e6re myk og delikat, gjerne med lukt av sjampinjong. Ettersom osten eldes vil den f\u00e5 en&hellip;<\/p>","protected":false},"author":1,"featured_media":6898,"parent":0,"menu_order":0,"comment_status":"closed","ping_status":"closed","template":"","meta":{"_acf_changed":false,"footnotes":""},"class_list":["post-1075","page","type-page","status-publish","has-post-thumbnail","hentry"],"acf":[],"yoast_head":"<!-- This site is optimized with the Yoast SEO plugin v26.1.1 - https:\/\/yoast.com\/wordpress\/plugins\/seo\/ -->\n<title>Hvitmuggost - Ostelandet Norge<\/title>\n<meta name=\"description\" content=\"Hvitmuggoster kjennetegnes av sin sn\u00f8hvite overflate og myke innside, slik som brie og camembert. En moden hvitmuggost skal v\u00e6re myk og delikat, gjerne med lukt av sjampinjong.\" \/>\n<meta name=\"robots\" content=\"index, follow, max-snippet:-1, max-image-preview:large, max-video-preview:-1\" \/>\n<link rel=\"canonical\" href=\"https:\/\/ostelandet.no\/en\/hvitmuggost\/\" \/>\n<meta property=\"og:locale\" content=\"en_US\" \/>\n<meta property=\"og:type\" content=\"article\" \/>\n<meta property=\"og:title\" content=\"Hvitmuggost - Ostelandet Norge\" \/>\n<meta property=\"og:description\" content=\"Hvitmuggoster kjennetegnes av sin sn\u00f8hvite overflate og myke innside, slik som brie og camembert. En moden hvitmuggost skal v\u00e6re myk og delikat, gjerne med lukt av sjampinjong.\" \/>\n<meta property=\"og:url\" content=\"https:\/\/ostelandet.no\/en\/hvitmuggost\/\" \/>\n<meta property=\"og:site_name\" content=\"Ostelandet Norge\" \/>\n<meta property=\"article:publisher\" content=\"https:\/\/www.facebook.com\/ostelandet-101474925294974\" \/>\n<meta property=\"article:modified_time\" content=\"2023-06-06T12:54:07+00:00\" \/>\n<meta property=\"og:image\" content=\"https:\/\/ostelandet.no\/wp-content\/uploads\/2022\/01\/Hvitmugg-Himmelspannet.jpg\" \/>\n\t<meta property=\"og:image:width\" content=\"2500\" \/>\n\t<meta property=\"og:image:height\" content=\"1667\" \/>\n\t<meta property=\"og:image:type\" content=\"image\/jpeg\" \/>\n<meta name=\"twitter:card\" content=\"summary_large_image\" \/>\n<meta name=\"twitter:label1\" content=\"Est. reading time\" \/>\n\t<meta name=\"twitter:data1\" content=\"1 minute\" \/>\n<script type=\"application\/ld+json\" class=\"yoast-schema-graph\">{\"@context\":\"https:\/\/schema.org\",\"@graph\":[{\"@type\":\"WebPage\",\"@id\":\"https:\/\/ostelandet.no\/hvitmuggost\/\",\"url\":\"https:\/\/ostelandet.no\/hvitmuggost\/\",\"name\":\"Hvitmuggost - Ostelandet Norge\",\"isPartOf\":{\"@id\":\"https:\/\/ostelandet.no\/#website\"},\"primaryImageOfPage\":{\"@id\":\"https:\/\/ostelandet.no\/hvitmuggost\/#primaryimage\"},\"image\":{\"@id\":\"https:\/\/ostelandet.no\/hvitmuggost\/#primaryimage\"},\"thumbnailUrl\":\"https:\/\/ostelandet.no\/wp-content\/uploads\/2022\/01\/Hvitmugg-Himmelspannet.jpg\",\"datePublished\":\"2020-11-16T12:42:44+00:00\",\"dateModified\":\"2023-06-06T12:54:07+00:00\",\"description\":\"Hvitmuggoster kjennetegnes av sin sn\u00f8hvite overflate og myke innside, slik som brie og camembert. En moden hvitmuggost skal v\u00e6re myk og delikat, gjerne med lukt av sjampinjong.\",\"breadcrumb\":{\"@id\":\"https:\/\/ostelandet.no\/hvitmuggost\/#breadcrumb\"},\"inLanguage\":\"en-US\",\"potentialAction\":[{\"@type\":\"ReadAction\",\"target\":[\"https:\/\/ostelandet.no\/hvitmuggost\/\"]}]},{\"@type\":\"ImageObject\",\"inLanguage\":\"en-US\",\"@id\":\"https:\/\/ostelandet.no\/hvitmuggost\/#primaryimage\",\"url\":\"https:\/\/ostelandet.no\/wp-content\/uploads\/2022\/01\/Hvitmugg-Himmelspannet.jpg\",\"contentUrl\":\"https:\/\/ostelandet.no\/wp-content\/uploads\/2022\/01\/Hvitmugg-Himmelspannet.jpg\",\"width\":2500,\"height\":1667,\"caption\":\"Hvitmuggost\"},{\"@type\":\"BreadcrumbList\",\"@id\":\"https:\/\/ostelandet.no\/hvitmuggost\/#breadcrumb\",\"itemListElement\":[{\"@type\":\"ListItem\",\"position\":1,\"name\":\"Hjem\",\"item\":\"https:\/\/ostelandet.no\/\"},{\"@type\":\"ListItem\",\"position\":2,\"name\":\"Hvitmuggost\"}]},{\"@type\":\"WebSite\",\"@id\":\"https:\/\/ostelandet.no\/#website\",\"url\":\"https:\/\/ostelandet.no\/\",\"name\":\"Ostelandet Norge\",\"description\":\"- L\u00e6r mer om norsk ost\",\"publisher\":{\"@id\":\"https:\/\/ostelandet.no\/#organization\"},\"potentialAction\":[{\"@type\":\"SearchAction\",\"target\":{\"@type\":\"EntryPoint\",\"urlTemplate\":\"https:\/\/ostelandet.no\/?s={search_term_string}\"},\"query-input\":{\"@type\":\"PropertyValueSpecification\",\"valueRequired\":true,\"valueName\":\"search_term_string\"}}],\"inLanguage\":\"en-US\"},{\"@type\":\"Organization\",\"@id\":\"https:\/\/ostelandet.no\/#organization\",\"name\":\"HANEN\",\"url\":\"https:\/\/ostelandet.no\/\",\"logo\":{\"@type\":\"ImageObject\",\"inLanguage\":\"en-US\",\"@id\":\"https:\/\/ostelandet.no\/#\/schema\/logo\/image\/\",\"url\":\"https:\/\/ostelandet.no\/wp-content\/uploads\/2021\/09\/ostelandet_norge_2farger_mork_hierarkisk.png\",\"contentUrl\":\"https:\/\/ostelandet.no\/wp-content\/uploads\/2021\/09\/ostelandet_norge_2farger_mork_hierarkisk.png\",\"width\":2062,\"height\":1223,\"caption\":\"HANEN\"},\"image\":{\"@id\":\"https:\/\/ostelandet.no\/#\/schema\/logo\/image\/\"},\"sameAs\":[\"https:\/\/www.facebook.com\/ostelandet-101474925294974\",\"https:\/\/www.instagram.com\/ostelandet\/\",\"https:\/\/www.linkedin.com\/showcase\/ostelandet-norge\/\"]}]}<\/script>\n<!-- \/ Yoast SEO plugin. -->","yoast_head_json":{"title":"Hvitmuggost - Ostelandet Norge","description":"Hvitmuggoster kjennetegnes av sin sn\u00f8hvite overflate og myke innside, slik som brie og camembert. En moden hvitmuggost skal v\u00e6re myk og delikat, gjerne med lukt av sjampinjong.","robots":{"index":"index","follow":"follow","max-snippet":"max-snippet:-1","max-image-preview":"max-image-preview:large","max-video-preview":"max-video-preview:-1"},"canonical":"https:\/\/ostelandet.no\/en\/hvitmuggost\/","og_locale":"en_US","og_type":"article","og_title":"Hvitmuggost - Ostelandet Norge","og_description":"Hvitmuggoster kjennetegnes av sin sn\u00f8hvite overflate og myke innside, slik som brie og camembert. En moden hvitmuggost skal v\u00e6re myk og delikat, gjerne med lukt av sjampinjong.","og_url":"https:\/\/ostelandet.no\/en\/hvitmuggost\/","og_site_name":"Ostelandet Norge","article_publisher":"https:\/\/www.facebook.com\/ostelandet-101474925294974","article_modified_time":"2023-06-06T12:54:07+00:00","og_image":[{"width":2500,"height":1667,"url":"https:\/\/ostelandet.no\/wp-content\/uploads\/2022\/01\/Hvitmugg-Himmelspannet.jpg","type":"image\/jpeg"}],"twitter_card":"summary_large_image","twitter_misc":{"Est. reading time":"1 minute"},"schema":{"@context":"https:\/\/schema.org","@graph":[{"@type":"WebPage","@id":"https:\/\/ostelandet.no\/hvitmuggost\/","url":"https:\/\/ostelandet.no\/hvitmuggost\/","name":"Hvitmuggost - Ostelandet Norge","isPartOf":{"@id":"https:\/\/ostelandet.no\/#website"},"primaryImageOfPage":{"@id":"https:\/\/ostelandet.no\/hvitmuggost\/#primaryimage"},"image":{"@id":"https:\/\/ostelandet.no\/hvitmuggost\/#primaryimage"},"thumbnailUrl":"https:\/\/ostelandet.no\/wp-content\/uploads\/2022\/01\/Hvitmugg-Himmelspannet.jpg","datePublished":"2020-11-16T12:42:44+00:00","dateModified":"2023-06-06T12:54:07+00:00","description":"Hvitmuggoster kjennetegnes av sin sn\u00f8hvite overflate og myke innside, slik som brie og camembert. En moden hvitmuggost skal v\u00e6re myk og delikat, gjerne med lukt av sjampinjong.","breadcrumb":{"@id":"https:\/\/ostelandet.no\/hvitmuggost\/#breadcrumb"},"inLanguage":"en-US","potentialAction":[{"@type":"ReadAction","target":["https:\/\/ostelandet.no\/hvitmuggost\/"]}]},{"@type":"ImageObject","inLanguage":"en-US","@id":"https:\/\/ostelandet.no\/hvitmuggost\/#primaryimage","url":"https:\/\/ostelandet.no\/wp-content\/uploads\/2022\/01\/Hvitmugg-Himmelspannet.jpg","contentUrl":"https:\/\/ostelandet.no\/wp-content\/uploads\/2022\/01\/Hvitmugg-Himmelspannet.jpg","width":2500,"height":1667,"caption":"Hvitmuggost"},{"@type":"BreadcrumbList","@id":"https:\/\/ostelandet.no\/hvitmuggost\/#breadcrumb","itemListElement":[{"@type":"ListItem","position":1,"name":"Hjem","item":"https:\/\/ostelandet.no\/"},{"@type":"ListItem","position":2,"name":"Hvitmuggost"}]},{"@type":"WebSite","@id":"https:\/\/ostelandet.no\/#website","url":"https:\/\/ostelandet.no\/","name":"Ostelandet Norge","description":"- L\u00e6r mer om norsk ost","publisher":{"@id":"https:\/\/ostelandet.no\/#organization"},"potentialAction":[{"@type":"SearchAction","target":{"@type":"EntryPoint","urlTemplate":"https:\/\/ostelandet.no\/?s={search_term_string}"},"query-input":{"@type":"PropertyValueSpecification","valueRequired":true,"valueName":"search_term_string"}}],"inLanguage":"en-US"},{"@type":"Organization","@id":"https:\/\/ostelandet.no\/#organization","name":"HANEN","url":"https:\/\/ostelandet.no\/","logo":{"@type":"ImageObject","inLanguage":"en-US","@id":"https:\/\/ostelandet.no\/#\/schema\/logo\/image\/","url":"https:\/\/ostelandet.no\/wp-content\/uploads\/2021\/09\/ostelandet_norge_2farger_mork_hierarkisk.png","contentUrl":"https:\/\/ostelandet.no\/wp-content\/uploads\/2021\/09\/ostelandet_norge_2farger_mork_hierarkisk.png","width":2062,"height":1223,"caption":"HANEN"},"image":{"@id":"https:\/\/ostelandet.no\/#\/schema\/logo\/image\/"},"sameAs":["https:\/\/www.facebook.com\/ostelandet-101474925294974","https:\/\/www.instagram.com\/ostelandet\/","https:\/\/www.linkedin.com\/showcase\/ostelandet-norge\/"]}]}},"_links":{"self":[{"href":"https:\/\/ostelandet.no\/en\/wp-json\/wp\/v2\/pages\/1075","targetHints":{"allow":["GET"]}}],"collection":[{"href":"https:\/\/ostelandet.no\/en\/wp-json\/wp\/v2\/pages"}],"about":[{"href":"https:\/\/ostelandet.no\/en\/wp-json\/wp\/v2\/types\/page"}],"author":[{"embeddable":true,"href":"https:\/\/ostelandet.no\/en\/wp-json\/wp\/v2\/users\/1"}],"replies":[{"embeddable":true,"href":"https:\/\/ostelandet.no\/en\/wp-json\/wp\/v2\/comments?post=1075"}],"version-history":[{"count":23,"href":"https:\/\/ostelandet.no\/en\/wp-json\/wp\/v2\/pages\/1075\/revisions"}],"predecessor-version":[{"id":10143,"href":"https:\/\/ostelandet.no\/en\/wp-json\/wp\/v2\/pages\/1075\/revisions\/10143"}],"wp:featuredmedia":[{"embeddable":true,"href":"https:\/\/ostelandet.no\/en\/wp-json\/wp\/v2\/media\/6898"}],"wp:attachment":[{"href":"https:\/\/ostelandet.no\/en\/wp-json\/wp\/v2\/media?parent=1075"}],"curies":[{"name":"wp","href":"https:\/\/api.w.org\/{rel}","templated":true}]}}