{"id":1071,"date":"2020-11-16T13:42:14","date_gmt":"2020-11-16T12:42:14","guid":{"rendered":"http:\/\/ostelandet.no\/ost\/?page_id=1071"},"modified":"2023-08-02T12:52:43","modified_gmt":"2023-08-02T10:52:43","slug":"blamuggost","status":"publish","type":"page","link":"https:\/\/ostelandet.no\/en\/blamuggost\/","title":{"rendered":"Blue mold cheese"},"content":{"rendered":"<h1>\n\t\tBlue mold cheese\n\t<\/h1>\n\t<p>Blue mold cheese is characterized by the characteristic blue-green marbling and the sharp, aromatic taste. The color comes from the mold Penicillium roqueforti, which unlike other types of mold can grow inside the cheese. To provoke these years of blue mold, the cheese is poked with a tool that creates air channels.<\/p>\n<p>You may recognize Bl\u00e5muggen&#039;s name from one of the most famous blue cheeses in the world, the sheep&#039;s milk cheese Roquefort. In traditional mass production of Roquefort, the blue mold was pureed in rye bread. Today, most blue cheese producers buy pure blue cheese grown in laboratories.<\/p>\n<p>Norwegian Roquefort was produced in Norway as early as the 1920s. The name did not go down well with the French, as the Norwegians used milk from cows instead of sheep. However, they did not get their way until 1934, when the cheese changed its name to Normanna. This cheese was an important export product until the EC referendum in 1972.<\/p>\n<p>Today, a number of good Norwegian blue cheeses are made in Norway, both industrially and at various farm cheeseries. Many of us remember the day when Kraftkar, Tingvollost&#039;s pride, went and was named the winner of the World Cheese Award in 2016! There are also good unpasteurized cheeses, for example R\u00e5bl\u00e5 from Grindal Ysteri. If you want to try a blue cheese made from both cow&#039;s and goat&#039;s milk, Godbiten from Snertingdal Ysteri is an exciting alternative.<\/p>","protected":false},"excerpt":{"rendered":"<p>Bl\u00e5muggost Bl\u00e5muggost kjennetegnes av de karakteristiske bl\u00e5gr\u00f8nne marmoreringene og den skarpe, aromatiske smaken. Fargen kommer fra muggen Penicillium roqueforti, som i motsetning til andre muggtyper kan vokse inni osten. For \u00e5 framprovosere disse \u00e5rene av bl\u00e5mugg, stikker man osten med et redskap som lager luftkanaler. Bl\u00e5muggens navn kjenner du kanskje igjen fra en av de&hellip;<\/p>","protected":false},"author":1,"featured_media":994,"parent":0,"menu_order":0,"comment_status":"closed","ping_status":"closed","template":"","meta":{"_acf_changed":false,"footnotes":""},"class_list":["post-1071","page","type-page","status-publish","has-post-thumbnail","hentry"],"acf":[],"yoast_head":"<!-- This site is optimized with the Yoast SEO plugin v26.1.1 - https:\/\/yoast.com\/wordpress\/plugins\/seo\/ -->\n<title>Bl\u00e5muggost - Ostelandet Norge - ostetype - l\u00e6r mer om norsk ost<\/title>\n<meta name=\"description\" content=\"Bl\u00e5muggost kjennetegnes av de karakteristiske bl\u00e5gr\u00f8nne marmoreringene og den skarpe, aromatiske smaken. Fargen kommer fra muggen Penicillium roqueforti, som i motsetning til andre muggtyper kan vokse inni osten. For \u00e5 framprovosere disse \u00e5rene av bl\u00e5mugg, stikker man osten med et redskap som lager luftkanaler.\" \/>\n<meta name=\"robots\" content=\"index, follow, max-snippet:-1, max-image-preview:large, max-video-preview:-1\" \/>\n<link rel=\"canonical\" href=\"https:\/\/ostelandet.no\/en\/blamuggost\/\" \/>\n<meta property=\"og:locale\" content=\"en_US\" \/>\n<meta property=\"og:type\" content=\"article\" \/>\n<meta property=\"og:title\" content=\"Bl\u00e5muggost - Ostelandet Norge - ostetype - l\u00e6r mer om norsk ost\" \/>\n<meta property=\"og:description\" content=\"Bl\u00e5muggost kjennetegnes av de karakteristiske bl\u00e5gr\u00f8nne marmoreringene og den skarpe, aromatiske smaken. Fargen kommer fra muggen Penicillium roqueforti, som i motsetning til andre muggtyper kan vokse inni osten. For \u00e5 framprovosere disse \u00e5rene av bl\u00e5mugg, stikker man osten med et redskap som lager luftkanaler.\" \/>\n<meta property=\"og:url\" content=\"https:\/\/ostelandet.no\/en\/blamuggost\/\" \/>\n<meta property=\"og:site_name\" content=\"Ostelandet Norge\" \/>\n<meta property=\"article:publisher\" content=\"https:\/\/www.facebook.com\/ostelandet-101474925294974\" \/>\n<meta property=\"article:modified_time\" content=\"2023-08-02T10:52:43+00:00\" \/>\n<meta property=\"og:image\" content=\"https:\/\/ostelandet.no\/wp-content\/uploads\/2020\/11\/kraft1.jpg\" \/>\n\t<meta property=\"og:image:width\" content=\"1080\" \/>\n\t<meta property=\"og:image:height\" content=\"1080\" \/>\n\t<meta property=\"og:image:type\" content=\"image\/jpeg\" \/>\n<meta name=\"twitter:card\" content=\"summary_large_image\" \/>\n<meta name=\"twitter:label1\" content=\"Est. reading time\" \/>\n\t<meta name=\"twitter:data1\" content=\"1 minute\" \/>\n<script type=\"application\/ld+json\" class=\"yoast-schema-graph\">{\"@context\":\"https:\/\/schema.org\",\"@graph\":[{\"@type\":\"WebPage\",\"@id\":\"https:\/\/ostelandet.no\/blamuggost\/\",\"url\":\"https:\/\/ostelandet.no\/blamuggost\/\",\"name\":\"Bl\u00e5muggost - Ostelandet Norge - ostetype - l\u00e6r mer om norsk ost\",\"isPartOf\":{\"@id\":\"https:\/\/ostelandet.no\/#website\"},\"primaryImageOfPage\":{\"@id\":\"https:\/\/ostelandet.no\/blamuggost\/#primaryimage\"},\"image\":{\"@id\":\"https:\/\/ostelandet.no\/blamuggost\/#primaryimage\"},\"thumbnailUrl\":\"https:\/\/ostelandet.no\/wp-content\/uploads\/2020\/11\/kraft1.jpg\",\"datePublished\":\"2020-11-16T12:42:14+00:00\",\"dateModified\":\"2023-08-02T10:52:43+00:00\",\"description\":\"Bl\u00e5muggost kjennetegnes av de karakteristiske bl\u00e5gr\u00f8nne marmoreringene og den skarpe, aromatiske smaken. Fargen kommer fra muggen Penicillium roqueforti, som i motsetning til andre muggtyper kan vokse inni osten. For \u00e5 framprovosere disse \u00e5rene av bl\u00e5mugg, stikker man osten med et redskap som lager luftkanaler.\",\"breadcrumb\":{\"@id\":\"https:\/\/ostelandet.no\/blamuggost\/#breadcrumb\"},\"inLanguage\":\"en-US\",\"potentialAction\":[{\"@type\":\"ReadAction\",\"target\":[\"https:\/\/ostelandet.no\/blamuggost\/\"]}]},{\"@type\":\"ImageObject\",\"inLanguage\":\"en-US\",\"@id\":\"https:\/\/ostelandet.no\/blamuggost\/#primaryimage\",\"url\":\"https:\/\/ostelandet.no\/wp-content\/uploads\/2020\/11\/kraft1.jpg\",\"contentUrl\":\"https:\/\/ostelandet.no\/wp-content\/uploads\/2020\/11\/kraft1.jpg\",\"width\":1080,\"height\":1080,\"caption\":\"Foto: Tingvollost\"},{\"@type\":\"BreadcrumbList\",\"@id\":\"https:\/\/ostelandet.no\/blamuggost\/#breadcrumb\",\"itemListElement\":[{\"@type\":\"ListItem\",\"position\":1,\"name\":\"Hjem\",\"item\":\"https:\/\/ostelandet.no\/\"},{\"@type\":\"ListItem\",\"position\":2,\"name\":\"Bl\u00e5muggost\"}]},{\"@type\":\"WebSite\",\"@id\":\"https:\/\/ostelandet.no\/#website\",\"url\":\"https:\/\/ostelandet.no\/\",\"name\":\"Ostelandet Norge\",\"description\":\"- L\u00e6r mer om norsk ost\",\"publisher\":{\"@id\":\"https:\/\/ostelandet.no\/#organization\"},\"potentialAction\":[{\"@type\":\"SearchAction\",\"target\":{\"@type\":\"EntryPoint\",\"urlTemplate\":\"https:\/\/ostelandet.no\/?s={search_term_string}\"},\"query-input\":{\"@type\":\"PropertyValueSpecification\",\"valueRequired\":true,\"valueName\":\"search_term_string\"}}],\"inLanguage\":\"en-US\"},{\"@type\":\"Organization\",\"@id\":\"https:\/\/ostelandet.no\/#organization\",\"name\":\"HANEN\",\"url\":\"https:\/\/ostelandet.no\/\",\"logo\":{\"@type\":\"ImageObject\",\"inLanguage\":\"en-US\",\"@id\":\"https:\/\/ostelandet.no\/#\/schema\/logo\/image\/\",\"url\":\"https:\/\/ostelandet.no\/wp-content\/uploads\/2021\/09\/ostelandet_norge_2farger_mork_hierarkisk.png\",\"contentUrl\":\"https:\/\/ostelandet.no\/wp-content\/uploads\/2021\/09\/ostelandet_norge_2farger_mork_hierarkisk.png\",\"width\":2062,\"height\":1223,\"caption\":\"HANEN\"},\"image\":{\"@id\":\"https:\/\/ostelandet.no\/#\/schema\/logo\/image\/\"},\"sameAs\":[\"https:\/\/www.facebook.com\/ostelandet-101474925294974\",\"https:\/\/www.instagram.com\/ostelandet\/\",\"https:\/\/www.linkedin.com\/showcase\/ostelandet-norge\/\"]}]}<\/script>\n<!-- \/ Yoast SEO plugin. -->","yoast_head_json":{"title":"Bl\u00e5muggost - Ostelandet Norge - ostetype - l\u00e6r mer om norsk ost","description":"Bl\u00e5muggost kjennetegnes av de karakteristiske bl\u00e5gr\u00f8nne marmoreringene og den skarpe, aromatiske smaken. Fargen kommer fra muggen Penicillium roqueforti, som i motsetning til andre muggtyper kan vokse inni osten. For \u00e5 framprovosere disse \u00e5rene av bl\u00e5mugg, stikker man osten med et redskap som lager luftkanaler.","robots":{"index":"index","follow":"follow","max-snippet":"max-snippet:-1","max-image-preview":"max-image-preview:large","max-video-preview":"max-video-preview:-1"},"canonical":"https:\/\/ostelandet.no\/en\/blamuggost\/","og_locale":"en_US","og_type":"article","og_title":"Bl\u00e5muggost - Ostelandet Norge - ostetype - l\u00e6r mer om norsk ost","og_description":"Bl\u00e5muggost kjennetegnes av de karakteristiske bl\u00e5gr\u00f8nne marmoreringene og den skarpe, aromatiske smaken. Fargen kommer fra muggen Penicillium roqueforti, som i motsetning til andre muggtyper kan vokse inni osten. For \u00e5 framprovosere disse \u00e5rene av bl\u00e5mugg, stikker man osten med et redskap som lager luftkanaler.","og_url":"https:\/\/ostelandet.no\/en\/blamuggost\/","og_site_name":"Ostelandet Norge","article_publisher":"https:\/\/www.facebook.com\/ostelandet-101474925294974","article_modified_time":"2023-08-02T10:52:43+00:00","og_image":[{"width":1080,"height":1080,"url":"https:\/\/ostelandet.no\/wp-content\/uploads\/2020\/11\/kraft1.jpg","type":"image\/jpeg"}],"twitter_card":"summary_large_image","twitter_misc":{"Est. reading time":"1 minute"},"schema":{"@context":"https:\/\/schema.org","@graph":[{"@type":"WebPage","@id":"https:\/\/ostelandet.no\/blamuggost\/","url":"https:\/\/ostelandet.no\/blamuggost\/","name":"Bl\u00e5muggost - Ostelandet Norge - ostetype - l\u00e6r mer om norsk ost","isPartOf":{"@id":"https:\/\/ostelandet.no\/#website"},"primaryImageOfPage":{"@id":"https:\/\/ostelandet.no\/blamuggost\/#primaryimage"},"image":{"@id":"https:\/\/ostelandet.no\/blamuggost\/#primaryimage"},"thumbnailUrl":"https:\/\/ostelandet.no\/wp-content\/uploads\/2020\/11\/kraft1.jpg","datePublished":"2020-11-16T12:42:14+00:00","dateModified":"2023-08-02T10:52:43+00:00","description":"Bl\u00e5muggost kjennetegnes av de karakteristiske bl\u00e5gr\u00f8nne marmoreringene og den skarpe, aromatiske smaken. Fargen kommer fra muggen Penicillium roqueforti, som i motsetning til andre muggtyper kan vokse inni osten. For \u00e5 framprovosere disse \u00e5rene av bl\u00e5mugg, stikker man osten med et redskap som lager luftkanaler.","breadcrumb":{"@id":"https:\/\/ostelandet.no\/blamuggost\/#breadcrumb"},"inLanguage":"en-US","potentialAction":[{"@type":"ReadAction","target":["https:\/\/ostelandet.no\/blamuggost\/"]}]},{"@type":"ImageObject","inLanguage":"en-US","@id":"https:\/\/ostelandet.no\/blamuggost\/#primaryimage","url":"https:\/\/ostelandet.no\/wp-content\/uploads\/2020\/11\/kraft1.jpg","contentUrl":"https:\/\/ostelandet.no\/wp-content\/uploads\/2020\/11\/kraft1.jpg","width":1080,"height":1080,"caption":"Foto: Tingvollost"},{"@type":"BreadcrumbList","@id":"https:\/\/ostelandet.no\/blamuggost\/#breadcrumb","itemListElement":[{"@type":"ListItem","position":1,"name":"Hjem","item":"https:\/\/ostelandet.no\/"},{"@type":"ListItem","position":2,"name":"Bl\u00e5muggost"}]},{"@type":"WebSite","@id":"https:\/\/ostelandet.no\/#website","url":"https:\/\/ostelandet.no\/","name":"Ostelandet Norge","description":"- L\u00e6r mer om norsk ost","publisher":{"@id":"https:\/\/ostelandet.no\/#organization"},"potentialAction":[{"@type":"SearchAction","target":{"@type":"EntryPoint","urlTemplate":"https:\/\/ostelandet.no\/?s={search_term_string}"},"query-input":{"@type":"PropertyValueSpecification","valueRequired":true,"valueName":"search_term_string"}}],"inLanguage":"en-US"},{"@type":"Organization","@id":"https:\/\/ostelandet.no\/#organization","name":"HANEN","url":"https:\/\/ostelandet.no\/","logo":{"@type":"ImageObject","inLanguage":"en-US","@id":"https:\/\/ostelandet.no\/#\/schema\/logo\/image\/","url":"https:\/\/ostelandet.no\/wp-content\/uploads\/2021\/09\/ostelandet_norge_2farger_mork_hierarkisk.png","contentUrl":"https:\/\/ostelandet.no\/wp-content\/uploads\/2021\/09\/ostelandet_norge_2farger_mork_hierarkisk.png","width":2062,"height":1223,"caption":"HANEN"},"image":{"@id":"https:\/\/ostelandet.no\/#\/schema\/logo\/image\/"},"sameAs":["https:\/\/www.facebook.com\/ostelandet-101474925294974","https:\/\/www.instagram.com\/ostelandet\/","https:\/\/www.linkedin.com\/showcase\/ostelandet-norge\/"]}]}},"_links":{"self":[{"href":"https:\/\/ostelandet.no\/en\/wp-json\/wp\/v2\/pages\/1071","targetHints":{"allow":["GET"]}}],"collection":[{"href":"https:\/\/ostelandet.no\/en\/wp-json\/wp\/v2\/pages"}],"about":[{"href":"https:\/\/ostelandet.no\/en\/wp-json\/wp\/v2\/types\/page"}],"author":[{"embeddable":true,"href":"https:\/\/ostelandet.no\/en\/wp-json\/wp\/v2\/users\/1"}],"replies":[{"embeddable":true,"href":"https:\/\/ostelandet.no\/en\/wp-json\/wp\/v2\/comments?post=1071"}],"version-history":[{"count":58,"href":"https:\/\/ostelandet.no\/en\/wp-json\/wp\/v2\/pages\/1071\/revisions"}],"predecessor-version":[{"id":10135,"href":"https:\/\/ostelandet.no\/en\/wp-json\/wp\/v2\/pages\/1071\/revisions\/10135"}],"wp:featuredmedia":[{"embeddable":true,"href":"https:\/\/ostelandet.no\/en\/wp-json\/wp\/v2\/media\/994"}],"wp:attachment":[{"href":"https:\/\/ostelandet.no\/en\/wp-json\/wp\/v2\/media?parent=1071"}],"curies":[{"name":"wp","href":"https:\/\/api.w.org\/{rel}","templated":true}]}}